{"id":3712,"date":"2017-09-05T11:23:09","date_gmt":"2017-09-05T11:23:09","guid":{"rendered":"https:\/\/original-militaria.com\/?post_type=product&#038;p=3712"},"modified":"2022-01-31T19:03:14","modified_gmt":"2022-01-31T18:03:14","slug":"gorra-de-plato-m34-de-oficial-de-infanteria","status":"publish","type":"product","link":"https:\/\/original-militaria.com\/en\/producto\/gorra-de-plato-m34-de-oficial-de-infanteria\/","title":{"rendered":"Wehrmacht\/Heer, Infantry Officer\u00b4s M34 Visor Cap&#8212;WH\/ Heer, Gorra de Plato M34 de Oficial de Infanter\u00eda"},"content":{"rendered":"<p style=\"text-align: justify\"><span style=\"font-family: verdana, geneva, sans-serif;font-size: 12pt\">\u00a0Gorra de Plato (Schirmm\u00fctze) de oficial de infanter\u00eda M34. El emblema nacional alem\u00e1n corresponde al modelo utilizado hasta 1935, es met\u00e1lico, introducido en 1934. La hojas de roble modelo 1920, est\u00e1n bordadas en hilo de plata. Barboquejo realizado con igual material. La banda que bordea el tambor es de &#8220;pa\u00f1o de insignia&#8221; color Feldgrau (primera \u00e9poca). Fabricante &#8220;A. M\u00fcller en M\u00fcnchen&#8221;. Talla 58. Rara de ver.<\/span><\/p>\n","protected":false},"excerpt":{"rendered":"<p align=\"justify\"><span style=\"font-family: Verdana;font-size: medium\"><strong>ANTECEDENTES:<\/strong> Las gorras de plato eran un art\u00edculo est\u00e1ndar para todos los militares en Tercer Reich y las regulaciones dictaron como deb\u00edan ser usadas. Los oficiales y suboficiales eran responsables de comprar sus propias gorras y consecuentemente ten\u00edan un sistema de compra (Kleiderkasse del ej\u00e9rcito). Los oficiales pod\u00edan elegir comprarlas, bien en los dep\u00f3sitos o comprarlas de confecci\u00f3n privada, estas eran de m\u00e1s alta calidad. Las insignias usadas en las gorras de plato consistieron originalmente en la guirnalda con hojas de roble del modelo de Weimar Reichswehr y la cucarda y el barboquejo. En febrero de 1927 las nuevas l\u00edneas para oficial fueron introducidas con barboquejos en hilo de plata para oficiales. El 14 de marzo de 1933 el negro del Reichswehr, el rojo y la cucarda oval, fueron sustituidas por una cucarda redonda con colores negro, blanco, y rojo (colores nacionales), y el 17 de febrero de 1934 el \u00e1guila nacional del tercer Reich para el ej\u00e9rcito fue introducida oficialmente para las gorras de plato. En marzo de 1935, una guirnalda m\u00e1s detallada, cucarda y una segunda \u00e1guila nacional m\u00e1s grande. A las diversas ramas de servicio dentro del ej\u00e9rcito le fueron asignados un sut\u00e1s de color (waffenfarbe) que identificaba a cada cuerpo, en este caso el vivo rojo de artiller\u00eda. <\/span><\/p>\n<p><strong>DESCRIPCION:<\/strong>\u00a0Gorra de Plato (Schirmm\u00fctze) de oficial de infanter\u00eda M34. El emblema nacional alem\u00e1n corresponde al modelo utilizado hasta 1935, es met\u00e1lico, introducido en 1934. La hojas de roble modelo 1920, est\u00e1n bordadas en hilo de plata. Barboquejo realizado con igual material. La banda que bordea el tambor es de &#8220;pa\u00f1o de insignia&#8221; color Feldgrau (primera \u00e9poca). Fabricante <span style=\"color: #ff0000\">&#8220;A. M\u00fcller en M\u00fcnchen&#8221;<\/span>. Talla 58. Rara de ver.<\/p>\n","protected":false},"featured_media":3713,"template":"","meta":[],"product_brand":[],"product_cat":[224],"product_tag":[],"class_list":{"0":"post-3712","1":"product","2":"type-product","3":"status-publish","4":"has-post-thumbnail","6":"product_cat-archivo-vendidos","7":"sales-flash-overlay","8":"woocommerce-text-align-center","9":"woocommerce-image-align-center","10":"do-quantity-buttons","12":"first","13":"outofstock","14":"purchasable","15":"product-type-simple"},"_links":{"self":[{"href":"https:\/\/original-militaria.com\/en\/wp-json\/wp\/v2\/product\/3712","targetHints":{"allow":["GET"]}}],"collection":[{"href":"https:\/\/original-militaria.com\/en\/wp-json\/wp\/v2\/product"}],"about":[{"href":"https:\/\/original-militaria.com\/en\/wp-json\/wp\/v2\/types\/product"}],"wp:featuredmedia":[{"embeddable":true,"href":"https:\/\/original-militaria.com\/en\/wp-json\/wp\/v2\/media\/3713"}],"wp:attachment":[{"href":"https:\/\/original-militaria.com\/en\/wp-json\/wp\/v2\/media?parent=3712"}],"wp:term":[{"taxonomy":"product_brand","embeddable":true,"href":"https:\/\/original-militaria.com\/en\/wp-json\/wp\/v2\/product_brand?post=3712"},{"taxonomy":"product_cat","embeddable":true,"href":"https:\/\/original-militaria.com\/en\/wp-json\/wp\/v2\/product_cat?post=3712"},{"taxonomy":"product_tag","embeddable":true,"href":"https:\/\/original-militaria.com\/en\/wp-json\/wp\/v2\/product_tag?post=3712"}],"curies":[{"name":"wp","href":"https:\/\/api.w.org\/{rel}","templated":true}]}}