{"id":3670,"date":"2017-09-05T11:22:57","date_gmt":"2017-09-05T11:22:57","guid":{"rendered":"https:\/\/original-militaria.com\/?post_type=product&#038;p=3670"},"modified":"2022-01-31T19:03:14","modified_gmt":"2022-01-31T18:03:14","slug":"pistola-espanola-m1815","status":"publish","type":"product","link":"https:\/\/original-militaria.com\/en\/producto\/pistola-espanola-m1815\/","title":{"rendered":"Spanish pistol M1815&#8212;Pistola Espa\u00f1ola M1815"},"content":{"rendered":"<p style=\"text-align: justify\" align=\"justify\"><span style=\"font-family: verdana, geneva, sans-serif;font-size: 12pt\">Pistola espa\u00f1ola M1815 con llave de Chispa a la francesa (llave del tipo mejorado por Bustinduy en 1812, como todas las armas de 1815, a\u00f1o en que se aprob\u00f3 este modelo de\u00a0pistola) modelo de &#8220;1818&#8221;, posiblemente un proyecto, al carecer la culata de cantonera\u00a0con anilla. Un modelo similar consta en el Museo del Ej\u00e9rcito.\u00a0<\/span><\/p>\n<p style=\"text-align: justify\"><span style=\"font-size: 12pt;font-family: verdana, geneva, sans-serif\">Se encuentra en buen estado, sin pulir, sin limpiar, salvo la <strong>FISURA<\/strong> que aparece en la madera de la culata. Por debajo del ca\u00f1\u00f3n, tiene la fecha &#8220;1818&#8221;, punz\u00f3n con el nombre del ca\u00f1onero, para mi desconocido. y la marca del examinador &#8220;EX&#8221;, muy conocido (tengo otras dos pistolas con esta marca), lo que indica que el arma ha observado su sonido, si est\u00e1n rectos, si tiene surcos etc, y hall\u00e1ndolo todo conforme ha estampado su marca.<\/span><\/p>\n<p style=\"text-align: justify\"><span style=\"font-size: 12pt;font-family: verdana, geneva, sans-serif\">La platina est\u00e1 firmada con punz\u00f3n no muy legible. El ca\u00f1\u00f3n presenta cinco ochavas en la parte superior de su primera mitad y no tiene elementos de punter\u00eda. Lleva media caja de nogal con la culata reforzada por una pieza de hierro en prolongaci\u00f3n de la rabera. Son tambi\u00e9n de lat\u00f3n la cazoleta, el arco del guardamonte, la abrazadera y el portav\u00eds.<\/span><\/p>\n<p style=\"text-align: justify\"><span style=\"font-size: 12pt;font-family: verdana, geneva, sans-serif\">La abrazadera tiene una brida hacia atr\u00e1s por la que queda fija al portav\u00eds por medio de un tornillo pasador delantero. La baqueta es de hierro con atacador c\u00f3nico de cabeza plana.<\/span><\/p>\n<p style=\"text-align: justify\"><span style=\"font-size: 12pt;font-family: verdana, geneva, sans-serif\">Est\u00e1 pistola, si no fuera por la fisura en la culata ser\u00eda una pistola de unos 1500\/1600\u20ac<\/span><\/p>\n<p style=\"text-align: justify\">\n","protected":false},"excerpt":{"rendered":"<p align=\"justify\"><span style=\"font-family: Verdana;font-size: medium\"><strong>DESCRIPCION:<\/strong> Pistola espa\u00f1ola M1815 con llave de Chispa a la francesa (llave del tipo mejorado por Bustinduy en 1812, como todas las armas de 1815, a\u00f1o en que se aprob\u00f3 este modelo de\u00a0pistola) modelo de <span style=\"color: #ff0000\">&#8220;1818&#8221;<\/span>, posiblemente un proyecto, al carecer la culata de cantonera\u00a0con anilla. Un modelo similar consta en el Museo del Ej\u00e9rcito.\u00a0<\/span><\/p>\n<p>Se encuentra en buen estado, sin pulir, sin limpiar, salvo la <strong>FISURA<\/strong> que aparece en la madera de la culata. Por debajo del ca\u00f1\u00f3n, tiene la fecha <span style=\"color: #ff0000\">&#8220;1818&#8221;<\/span>, punz\u00f3n con el nombre del ca\u00f1onero, para mi desconocido. y la marca del examinador <span style=\"color: #ff0000\">&#8220;EX&#8221;<\/span>, muy conocido (tengo otras dos pistolas con esta marca), lo que indica que el arma ha observado su sonido, si est\u00e1n rectos, si tiene surcos etc, y hall\u00e1ndolo todo conforme ha estampado su marca.<\/p>\n<p>La platina est\u00e1 firmada con punz\u00f3n no muy legible. El ca\u00f1\u00f3n presenta cinco ochavas en la parte superior de su primera mitad y no tiene elementos de punter\u00eda. Lleva media caja de nogal con la culata reforzada por una pieza de hierro en prolongaci\u00f3n de la rabera. Son tambi\u00e9n de lat\u00f3n la cazoleta, el arco del guardamonte, la abrazadera y el portav\u00eds.<\/p>\n<p>La abrazadera tiene una brida hacia atr\u00e1s por la que queda fija al portav\u00eds por medio de un tornillo pasador delantero. La baqueta es de hierro con atacador c\u00f3nico de cabeza plana.<\/p>\n<p>Est\u00e1 pistola, si no fuera por la fisura en la culata ser\u00eda una pistola de unos 1500\/1600\u20ac<\/p>\n<p>&nbsp;<\/p>\n","protected":false},"featured_media":3671,"template":"","meta":[],"product_brand":[],"product_cat":[224],"product_tag":[],"class_list":{"0":"post-3670","1":"product","2":"type-product","3":"status-publish","4":"has-post-thumbnail","6":"product_cat-archivo-vendidos","7":"sales-flash-overlay","8":"woocommerce-text-align-center","9":"woocommerce-image-align-center","10":"do-quantity-buttons","12":"first","13":"outofstock","14":"purchasable","15":"product-type-simple"},"_links":{"self":[{"href":"https:\/\/original-militaria.com\/en\/wp-json\/wp\/v2\/product\/3670","targetHints":{"allow":["GET"]}}],"collection":[{"href":"https:\/\/original-militaria.com\/en\/wp-json\/wp\/v2\/product"}],"about":[{"href":"https:\/\/original-militaria.com\/en\/wp-json\/wp\/v2\/types\/product"}],"wp:featuredmedia":[{"embeddable":true,"href":"https:\/\/original-militaria.com\/en\/wp-json\/wp\/v2\/media\/3671"}],"wp:attachment":[{"href":"https:\/\/original-militaria.com\/en\/wp-json\/wp\/v2\/media?parent=3670"}],"wp:term":[{"taxonomy":"product_brand","embeddable":true,"href":"https:\/\/original-militaria.com\/en\/wp-json\/wp\/v2\/product_brand?post=3670"},{"taxonomy":"product_cat","embeddable":true,"href":"https:\/\/original-militaria.com\/en\/wp-json\/wp\/v2\/product_cat?post=3670"},{"taxonomy":"product_tag","embeddable":true,"href":"https:\/\/original-militaria.com\/en\/wp-json\/wp\/v2\/product_tag?post=3670"}],"curies":[{"name":"wp","href":"https:\/\/api.w.org\/{rel}","templated":true}]}}