{"id":3663,"date":"2017-09-05T11:22:56","date_gmt":"2017-09-05T11:22:56","guid":{"rendered":"https:\/\/original-militaria.com\/?post_type=product&#038;p=3663"},"modified":"2022-01-31T19:03:13","modified_gmt":"2022-01-31T18:03:13","slug":"kriegsmarine-distintivo-de-cruceros-auxiliares","status":"publish","type":"product","link":"https:\/\/original-militaria.com\/en\/producto\/kriegsmarine-distintivo-de-cruceros-auxiliares\/","title":{"rendered":"Kriegsmarine\/ Auxiliary Cruiser War Badge&#8211;Kriegsmarine, Distintivo de Cruceros Auxiliares."},"content":{"rendered":"<p align=\"justify\"><span style=\"font-family: verdana, geneva, sans-serif;font-size: 12pt\"><strong>ANTECEDENTES:<\/strong> El distintivo de crucero auxiliar fue instituido el 24 de abril de 1941, por el Oberbefehlshaber de la \u00a0Kriegsmarine \u00a0Erich Raeder\u00a0(comandante en el jefe de la marina de guerra),\u00a0para la concesi\u00f3n al personal armado\u00a0de la marina mercantil, para reconocer su contribuci\u00f3n en la destrucci\u00f3n de buques mercantes aliados a los que acosaban y\u00a0 hund\u00edan. Los cruceros auxiliares eran los buques mercantes alemanes secretamente armados que navegaron bajo banderas neutrales, de tal modo que tomaban a los aliados por sorpresa<strong>.\u00a0<\/strong>\u00a0\u00a0\u00a0\u00a0\u00a0 <\/span><\/p>\n<p align=\"justify\"><span style=\"font-family: verdana, geneva, sans-serif;font-size: 12pt\"><strong>DESCRIPCION:<\/strong> Distintivo de Cruceros Auxiliares (F\u00fcr Hilfskreuzer de Kriegsabzeichen). Fabricada en una sola pieza 2\u00ba modelo en zinc, conserva parte de sus dorados.\u00a0 Los buques aludidos eran corsarios camuflados en buques. El distintivo es en forma de guirnalda vertical oval con hojas de roble, con un \u00e1guila nacional con las alas sobrepuestas en el centro superior, abarcando un barco del estilo \u201cVikingo\u201d.\u00a0 El detalle incluye la figura del drag\u00f3n y los protectores ovales en la nave, las l\u00edneas de la longitud y de la latitud y el contorno realzado de Gran Breta\u00f1a, Europa occidental y \u00c1frica del norte en el globo. Manufactura muy rara &#8220;L\/48&#8221; (Desconocido).<\/span><\/p>\n","protected":false},"excerpt":{"rendered":"<p align=\"justify\"><strong><span style=\"font-family: Verdana;font-size: 9pt\">ANTECEDENTES:<\/span><\/strong><span style=\"font-family: Verdana;font-size: 9pt\"> El distintivo de crucero auxiliar fue instituido el 24 de abril de 1941, por el\u00a0Oberbefehlshaber\u00a0de<br \/>\nla \u00a0Kriegsmarine \u00a0Erich Raeder\u00a0(comandante en el jefe de la marina de guerra),\u00a0para la concesi\u00f3n al personal armado\u00a0de la marina mercantil, para reconocer su contribuci\u00f3n en la destrucci\u00f3n de buques mercantes aliados a los que acosaban y\u00a0 hund\u00edan. Los cruceros auxiliares eran los buques mercantes alemanes secretamente armados que navegaron bajo banderas neutrales, de tal modo que tomaban a los aliados por sorpresa<strong><span style=\"font-family: Verdana\">.\u00a0<\/span><\/strong>\u00a0\u00a0\u00a0\u00a0\u00a0 <\/span><\/p>\n<p align=\"justify\"><strong><span style=\"font-family: Verdana;font-size: 9pt\">DESCRIPCION:<\/span><\/strong><span style=\"font-family: Verdana;font-size: 9pt\">\u00a0Distintivo de Cruceros Auxiliares (F\u00fcr Hilfskreuzer de Kriegsabzeichen).\u00a0\u00a0<span style=\"font-family: Verdana\"><span style=\"font-family: Arial;font-size: 9pt\">\u00a0<\/span>Fabricada en una sola pieza 2\u00ba modelo\u00a0en zinc, conserva parte de sus dorados.\u00a0 Los buques aludidos eran corsarios camuflados en buques.\u00a0El distintivo es en\u00a0forma\u00a0de guirnalda vertical oval con hojas de roble, con un \u00e1guila nacional con las alas\u00a0sobrepuestas\u00a0en el centro superior, abarcando un barco del estilo\u00a0\u201cVikingo\u201d.\u00a0 El detalle incluye la figura\u00a0del drag\u00f3n y los protectores ovales en la nave, las l\u00edneas de la longitud y de la latitud y el contorno realzado de Gran Breta\u00f1a, Europa occidental y \u00c1frica del norte en el globo. Manufactura muy rara &#8220;L\/48&#8221; (Desconocido), <\/span><\/span><\/p>\n","protected":false},"featured_media":3664,"template":"","meta":[],"product_brand":[],"product_cat":[224],"product_tag":[],"class_list":{"0":"post-3663","1":"product","2":"type-product","3":"status-publish","4":"has-post-thumbnail","6":"product_cat-archivo-vendidos","7":"sales-flash-overlay","8":"woocommerce-text-align-center","9":"woocommerce-image-align-center","10":"do-quantity-buttons","12":"first","13":"outofstock","14":"purchasable","15":"product-type-simple"},"_links":{"self":[{"href":"https:\/\/original-militaria.com\/en\/wp-json\/wp\/v2\/product\/3663","targetHints":{"allow":["GET"]}}],"collection":[{"href":"https:\/\/original-militaria.com\/en\/wp-json\/wp\/v2\/product"}],"about":[{"href":"https:\/\/original-militaria.com\/en\/wp-json\/wp\/v2\/types\/product"}],"wp:featuredmedia":[{"embeddable":true,"href":"https:\/\/original-militaria.com\/en\/wp-json\/wp\/v2\/media\/3664"}],"wp:attachment":[{"href":"https:\/\/original-militaria.com\/en\/wp-json\/wp\/v2\/media?parent=3663"}],"wp:term":[{"taxonomy":"product_brand","embeddable":true,"href":"https:\/\/original-militaria.com\/en\/wp-json\/wp\/v2\/product_brand?post=3663"},{"taxonomy":"product_cat","embeddable":true,"href":"https:\/\/original-militaria.com\/en\/wp-json\/wp\/v2\/product_cat?post=3663"},{"taxonomy":"product_tag","embeddable":true,"href":"https:\/\/original-militaria.com\/en\/wp-json\/wp\/v2\/product_tag?post=3663"}],"curies":[{"name":"wp","href":"https:\/\/api.w.org\/{rel}","templated":true}]}}