{"id":3642,"date":"2017-09-05T11:22:51","date_gmt":"2017-09-05T11:22:51","guid":{"rendered":"https:\/\/original-militaria.com\/?post_type=product&#038;p=3642"},"modified":"2022-01-31T19:03:13","modified_gmt":"2022-01-31T18:03:13","slug":"waffen-ss-casco-m42-43","status":"publish","type":"product","link":"https:\/\/original-militaria.com\/en\/producto\/waffen-ss-casco-m42-43\/","title":{"rendered":"Waffen SS\/ M42\/43 Combat Helmet &#8212; Waffen SS\/ Casco M42\/43"},"content":{"rendered":"<p style=\"text-align: justify;\" align=\"justify\"><span style=\"font-size: 12pt; font-family: verdana, geneva, sans-serif;\"><strong>ANTECEDENTES:<\/strong><span style=\"font-family: Verdana;\"> El nuevo casco M42, adoptado el 20 de Abril de 1942 y distribuido en Agosto del mismo a\u00f1o, era b\u00e1sicamente\u00a0el M35, pero el costoso replegado del borde quedo suprimido dejando el ala sin rebordear. Con esta soluci\u00f3n, una gran parte del objetivo se hab\u00eda conseguido, ya que el proceso\u00a0de fabricaci\u00f3n requer\u00eda\u00a0solo de 4 operaciones de estampado, frente a las 14 del M35. Desde 1940 no se colocaran calcas, aunque se siguen utilizando por la waffen-ss. Las Waffen-ss se crearon en 1940, con una funci\u00f3n netamente militar. Sus funciones fueron absolutamente militares y no tuvieron ning\u00fan tipo de actividad pol\u00edtica, como muchas veces se quiere hacer creer. Fue constituida en base al SS-Verfungstruppe, despu\u00e9s de la campa\u00f1a de Francia. Desde su constituci\u00f3n en 1940, hasta 1945, cont\u00f3 con 600.000 hombres, todos con una formaci\u00f3n militar elitista. <\/span><\/span><\/p>\n<p style=\"text-align: justify;\"><span style=\"font-size: 12pt; font-family: verdana, geneva, sans-serif;\"><strong>DESCRIPCION:<\/strong> Casco (Stahlhelm) de combate M42 de las Waffen SS, modelo raro del a\u00f1o 1943, calca con las runas de primer tipo al 95%, pintura rugosa color verde oscuro de origen al 90%, interior completo con su barboquejo, el n\u00famero de casco es ilegible, marcado con la talla &#8220;56&#8221;. Se puede encontrar un casco como este modelo en la revista &#8220;Le casque Allemand, n\u00ba 12&#8221;.<\/span><\/p>\n<p style=\"text-align: justify;\">\n","protected":false},"excerpt":{"rendered":"<p align=\"justify\"><span style=\"font-family: Verdana;\"><strong>ANTECEDENTES:<\/strong> El nuevo casco M42, adoptado el 20 de Abril de 1942 y distribuido en Agosto del mismo a\u00f1o, era basicamente el M35, pero el costoso replegado del borde quedo suprimido dejando el ala sin rebordear. Con esta soluci\u00f3n, una gran parte del objetivo se habia conseguido, ya que el preceso de fabricaci\u00f3n requeria solo de 4 operacioes de estampado, frente a las 14 del M35. Desde 1940 no se colocaran calcas, aunque se siguen utilizando por la waffen-ss. Las Waffen-ss se crearon en 1940, con una funci\u00f3n netamente militar. Sus funciones fueron absolutamente militares y no tuvieron ning\u00fan tipo de actividad pol\u00edtica, como muchas veces se quiere hacer creer. Fue constituida en base al SS-Verfungstruppe, despu\u00e9s de la campa\u00f1a de Francia. Desde su constituci\u00f3n en 1940, hasta 1945, cont\u00f3 con 600.000 hombres, todos con una formaci\u00f3n militar elitesca. <\/span><\/p>\n<p><strong>DESCRIPCION:<\/strong> Casco (Stahlhelm) de combate M42 de las Waffen SS, modelo raro del a\u00f1o <span style=\"color: #ff0000;\">1943<\/span>, calca con las runas de primer tipo al 95%, pintura rugosa color verde oscuro de origen al 90%, interior completo con su barbuquejo, el n\u00faemro de casco es ilegible, marcado con la talla <span style=\"color: #ff0000;\">&#8220;56&#8221;<\/span>. (Se puede encontrar un casco como este modelo en la revista &#8220;Le casque Allemand, n\u00ba 12&#8221;.<\/p>\n<p>&nbsp;<\/p>\n","protected":false},"featured_media":3643,"template":"","meta":[],"product_brand":[],"product_cat":[224],"product_tag":[],"class_list":{"0":"post-3642","1":"product","2":"type-product","3":"status-publish","4":"has-post-thumbnail","6":"product_cat-archivo-vendidos","7":"sales-flash-overlay","8":"woocommerce-text-align-center","9":"woocommerce-image-align-center","10":"do-quantity-buttons","12":"first","13":"outofstock","14":"purchasable","15":"product-type-simple"},"_links":{"self":[{"href":"https:\/\/original-militaria.com\/en\/wp-json\/wp\/v2\/product\/3642","targetHints":{"allow":["GET"]}}],"collection":[{"href":"https:\/\/original-militaria.com\/en\/wp-json\/wp\/v2\/product"}],"about":[{"href":"https:\/\/original-militaria.com\/en\/wp-json\/wp\/v2\/types\/product"}],"wp:featuredmedia":[{"embeddable":true,"href":"https:\/\/original-militaria.com\/en\/wp-json\/wp\/v2\/media\/3643"}],"wp:attachment":[{"href":"https:\/\/original-militaria.com\/en\/wp-json\/wp\/v2\/media?parent=3642"}],"wp:term":[{"taxonomy":"product_brand","embeddable":true,"href":"https:\/\/original-militaria.com\/en\/wp-json\/wp\/v2\/product_brand?post=3642"},{"taxonomy":"product_cat","embeddable":true,"href":"https:\/\/original-militaria.com\/en\/wp-json\/wp\/v2\/product_cat?post=3642"},{"taxonomy":"product_tag","embeddable":true,"href":"https:\/\/original-militaria.com\/en\/wp-json\/wp\/v2\/product_tag?post=3642"}],"curies":[{"name":"wp","href":"https:\/\/api.w.org\/{rel}","templated":true}]}}