{"id":3638,"date":"2017-09-05T11:22:50","date_gmt":"2017-09-05T11:22:50","guid":{"rendered":"https:\/\/original-militaria.com\/?post_type=product&#038;p=3638"},"modified":"2022-01-31T19:03:12","modified_gmt":"2022-01-31T18:03:12","slug":"gorra-de-campo-de-oficial-de-montana","status":"publish","type":"product","link":"https:\/\/original-militaria.com\/en\/producto\/gorra-de-campo-de-oficial-de-montana\/","title":{"rendered":"Wehrmacht\/ Officer\u00b4s M43 Mountain Cap&#8212; WH\/ Gorra de Campo de Oficial de Monta\u00f1a"},"content":{"rendered":"<p align=\"justify\"><span style=\"font-family: Verdana\"><strong>ANTECEDENTES:<\/strong> La gorra de campo M43 fue presentada para el uso de todos los grados el 11 de junio de 1943 para la sustituci\u00f3n de todas las gorras de campa\u00f1a entonces en uso. El dise\u00f1o de la M43 se baso en la anterior M42 y en la de tropas de monta\u00f1a con peque\u00f1as variaciones. la M43 est\u00e1ndar se fabrico en color gris piedra, mientras que una versi\u00f3n en negro se introdujo al mismo tiempo para las tropas Panzer. Las gorras de oficial se distinguieron por llevar un sut\u00e1s plateado en la en la corona de la gorra y doradas para generales. Adem\u00e1s los reglamentos dictaron tambi\u00e9n que los botones de la gorra eran adem\u00e1s un indicador de rango, gris para tropa, plata para oficiales y dorado para generales, pero esto no se cumpli\u00f3 rigurosamente. Oficiales, suboficial y ciertos altos jefes fueron responsables de la compra de sus propias gorras, y como resultado recibieron un subsidio para prendas de vestir a trav\u00e9s de la oficina del ej\u00e9rcito &#8220;Kleiderkasse&#8221;. Se pod\u00eda optar por la compra de sus prendas de vestir o sus prendas de cabeza de confecci\u00f3n privada, siendo estas de una mayor calidad. <\/span><\/p>\n<p style=\"text-align: justify\"><span style=\"font-family: verdana, geneva, sans-serif\"><strong>DESCRIPCI\u00d3N:<\/strong> Wehrmacht-Heer, gorra de Campo (Bergm\u00fctze) de excelente calidad para un Oficial de Gebirsj\u00e4ger, no una M43. Tiene la construcci\u00f3n caracter\u00edstica de estas prendas de cabeza, fabricada en lana gris con mezcla de ray\u00f3n, con la visera con refuerzo interior, es m\u00e1s corta que la M43, y lleva en el interior banana de cuero marr\u00f3n. La parte trasera y los laterales fueron dise\u00f1ados para doblarse hacia abajo para proteger al individuo el cuello y las orejas, con dos botones color plata de oficial en la parte delantera para poder abrochar y cubrir la barbilla. En la parte delantera tiene cosida a m\u00e1quina el \u00e1guila nacional en hilos de color gris y la cucarda con los colores nacionales en una base de forma trapezoidal. El interior est\u00e1 forrado en seda sint\u00e9tica color gris oscuro, sin marcajes. En el lateral izquierdo tiene cosido un &#8220;Edelweiss modelo 1939&#8221;, este tiene cuatro peque\u00f1os orificios en la flor y uno en el tronco, por donde se cose a mano a la gorra. La gorra se encuentra en estado de estreno, salvo el moderado paso del tiempo.<\/span><\/p>\n","protected":false},"excerpt":{"rendered":"<p align=\"justify\"><span style=\"font-family: Verdana\"><strong>ANTECEDENTES:<\/strong> La gorra de campo M43 fue presentada para el uso de todos los grados el 11 de junio de 1943 para la sustituci\u00f3n de todas las gorras de campa\u00f1a entonces en uso. El dise\u00f1o de la M43 se baso en la anterior M42 y en la de tropas de monta\u00f1a con peque\u00f1as variaciones. la M43 est\u00e1ndar se fabrico en color gris piedra, mientras que una versi\u00f3n en negro se introdujo al mismo tiempo para las tropas Panzer. Las gorras de oficial se distinguieron por llevar un sut\u00e1s plateado en la en la corona de la gorra y doradas para generales. Adem\u00e1s los reglamentos dictaron tambi\u00e9n que los botones de la gorra eran adem\u00e1s un indicador de rango, gris para tropa, plata para oficiales y dorado para generales, pero esto no se cumpli\u00f3 rigurosamente. Oficiales, suboficial y ciertos altos jefes fueron responsables de la compra de sus propias gorras, y como resultado recibieron un subsidio para prendas de vestir a trav\u00e9s de la oficina del ej\u00e9rcito &#8220;Kleiderkasse&#8221;. Se pod\u00eda optar por la compra de sus prendas de vestir o sus prendas de cabeza de confecci\u00f3n privada, siendo estas de una mayor calidad. <\/span><\/p>\n<p><strong>DESCRIPCI\u00d3N:<\/strong> Wehrmacht-Heer, gorra de Campo\u00a0(Bergm\u00fctze) de excelente calidad para un Oficial de Gebirsj\u00e4ger, no una M43. Tiene la construcci\u00f3n caracter\u00edstica de estas prendas de cabeza, fabricada en lana gris con mezcla de ray\u00f3n, con la visera con refuerzo interior, es m\u00e1s corta que la M43, y lleva en el interior banana de cuero marr\u00f3n. La parte trasera y los laterales fueron dise\u00f1ados para doblarse hacia abajo para proteger al individuo el cuello y las orejas, con dos botones color plata de oficial en la parte delantera para poder abrochar y cubrir la barbilla. En la parte delantera tiene cosida a m\u00e1quina el \u00e1guila nacional en hilos de color gris y la cucarda con los colores nacionales en una base de forma trapezoidal. El interior est\u00e1 forrado en seda sintetica color gris oscuro, sin marcajes. En el lateral izquierdo tiene cosido un<span style=\"color: #ff0000\">&#8220;Edelweiss modelo 1939&#8221;<\/span>, este tiene cuatro peque\u00f1os orificios en la flor y uno en el tronco, por donde se cose a mano a la gorra. La gorra se encuentra en estado de estreno, salvo el moderado paso del tiempo.<\/p>\n","protected":false},"featured_media":3639,"template":"","meta":[],"product_brand":[],"product_cat":[224],"product_tag":[],"class_list":{"0":"post-3638","1":"product","2":"type-product","3":"status-publish","4":"has-post-thumbnail","6":"product_cat-archivo-vendidos","7":"sales-flash-overlay","8":"woocommerce-text-align-center","9":"woocommerce-image-align-center","10":"do-quantity-buttons","12":"first","13":"outofstock","14":"purchasable","15":"product-type-simple"},"_links":{"self":[{"href":"https:\/\/original-militaria.com\/en\/wp-json\/wp\/v2\/product\/3638","targetHints":{"allow":["GET"]}}],"collection":[{"href":"https:\/\/original-militaria.com\/en\/wp-json\/wp\/v2\/product"}],"about":[{"href":"https:\/\/original-militaria.com\/en\/wp-json\/wp\/v2\/types\/product"}],"wp:featuredmedia":[{"embeddable":true,"href":"https:\/\/original-militaria.com\/en\/wp-json\/wp\/v2\/media\/3639"}],"wp:attachment":[{"href":"https:\/\/original-militaria.com\/en\/wp-json\/wp\/v2\/media?parent=3638"}],"wp:term":[{"taxonomy":"product_brand","embeddable":true,"href":"https:\/\/original-militaria.com\/en\/wp-json\/wp\/v2\/product_brand?post=3638"},{"taxonomy":"product_cat","embeddable":true,"href":"https:\/\/original-militaria.com\/en\/wp-json\/wp\/v2\/product_cat?post=3638"},{"taxonomy":"product_tag","embeddable":true,"href":"https:\/\/original-militaria.com\/en\/wp-json\/wp\/v2\/product_tag?post=3638"}],"curies":[{"name":"wp","href":"https:\/\/api.w.org\/{rel}","templated":true}]}}