{"id":3630,"date":"2017-09-05T11:22:49","date_gmt":"2017-09-05T11:22:49","guid":{"rendered":"https:\/\/original-militaria.com\/?post_type=product&#038;p=3630"},"modified":"2022-01-31T19:03:12","modified_gmt":"2022-01-31T18:03:12","slug":"cinturon-jefe-provincial-de-falange","status":"publish","type":"product","link":"https:\/\/original-militaria.com\/en\/producto\/cinturon-jefe-provincial-de-falange\/","title":{"rendered":"Falange\/ Belt of Chief&#8211;Cintur\u00f3n Jefe Provincial de Falange."},"content":{"rendered":"<p style=\"text-align: justify\" align=\"justify\"><span style=\"font-family: verdana, geneva, sans-serif;font-size: 12pt\"><strong>ANTECEDENTES:<\/strong> Falange Espa\u00f1ola de las JONS (FE de las JONS) fue\u00a0un partido pol\u00edtico espa\u00f1ol de inspiraci\u00f3n fascista e ideolog\u00eda nacional socialista (con fuertes analog\u00edas con otros movimientos similares tales como el fascismo o nacional sindicalismo italiano, y el nacional socialismo\u00a0alem\u00e1n), fundado el 29 de octubre de 1933 por Jos\u00e9 Antonio Primo de Rivera (abogado, hijo del general Miguel Primo de Rivera), Julio Ruiz de Alda y Alfonso Garc\u00eda Valdecasas. El partido fue dado a conocer en un mitin celebrado en el Teatro de la Comedia de Madrid. En febrero de 1934 se fusion\u00f3 con las Juntas de Ofensiva Nacional Sindicalista (JONS). Con esta fusi\u00f3n, pas\u00f3 a denominarse Falange Espa\u00f1ola de las JONS (FE de las JONS) y finalmente Falange Espa\u00f1ola Tradicionalista y de las JONS (FET y de las JONS), tras la unificaci\u00f3n con el movimiento carlista que llev\u00f3 a cabo el general Francisco Franco.\u00a0 <\/span><\/p>\n<p style=\"text-align: justify\" align=\"justify\"><span style=\"font-family: verdana, geneva, sans-serif;font-size: 12pt\"><strong>DESCRIPCION:<\/strong> Magnifico\u00a0cintur\u00f3n de Jefe Provincial de Falange. Hebilla en forma de placa dorada y ce\u00f1idor en hilo de oro trenzado. El interior del cintur\u00f3n forrado en rica tela color negro \u00a0con filigranas de flor de Lis. La hebilla est\u00e1 marcada en el reverso, mide 900 mm de largo. Le acompa\u00f1a la factura de la \u00e9poca de \u201cFabrica E.N. Madrid, establecimiento NAVAS, calle del Carmen n\u00ba 17\u201d, a nombre de un alto cargo provincial de Falange de Almer\u00eda que estuvo en la Divisi\u00f3n Azul, (En \u00e9poca de Franco fue un alto cargo pol\u00edtico), fechada 6 de Mayo de 1947. Perfecto estado.<\/span><\/p>\n","protected":false},"excerpt":{"rendered":"<p align=\"justify\"><span style=\"font-family: Verdana\"><strong>ANTECEDENTES:<\/strong> Falange Espa\u00f1ola de las JONS (FE de las JONS) fue\u00a0un partido pol\u00edtico espa\u00f1ol de inspiraci\u00f3n fascista e ideolog\u00eda nacional socialista (con fuertes analog\u00edas con otros movimientos similares tales como el fascismo o nacional sindicalismo italiano, y el nacional socialismo\u00a0alem\u00e1n), fundado el 29 de octubre de 1933 por Jos\u00e9 Antonio Primo de Rivera (abogado, hijo del general Miguel Primo de Rivera), Julio Ruiz de Alda y Alfonso Garc\u00eda Valdecasas. El partido fue dado a conocer en un mitin celebrado en el Teatro de la Comedia de Madrid. En febrero de 1934 se fusion\u00f3 con las Juntas de Ofensiva Nacional Sindicalista (JONS). Con esta fusi\u00f3n, pas\u00f3 a denominarse Falange Espa\u00f1ola de las JONS (FE de las JONS) y finalmente Falange Espa\u00f1ola Tradicionalista y de las JONS (FET y de las JONS), tras la unificaci\u00f3n con el movimiento carlista que llev\u00f3 a cabo el general Francisco Franco.<\/span><span style=\"font-family: Verdana\">\u00a0 <\/span><\/p>\n<p align=\"justify\"><strong><span style=\"font-family: Verdana;font-size: 9pt\">DESCRIPCION:<\/span><\/strong><span style=\"font-family: Verdana;font-size: 9pt\"> Magnifico\u00a0cintur\u00f3n de Jefe Provincial de Falange. Hebilla en forma de placa dorada y ce\u00f1idor en hilo de oro trenzado. El interior del cintur\u00f3n forrado en rica tela color negro \u00a0con filigranas de flor de Lis. La hebilla est\u00e1 marcada en el reverso, mide 900 mm de largo. Le acompa\u00f1a la factura de la \u00e9poca de <span style=\"color: #ff0000\">\u201cFabrica E.N. Madrid, establecimiento NAVAS, calle del Carmen n\u00ba 17\u201d<\/span>, a nombre de un alto cargo provincial de Falange de Almer\u00eda que estuvo en la Divisi\u00f3n Azul, (En \u00e9poca de Franco fue un alto cargo pol\u00edtico), fechada 6 de Mayo de 1947. Perfecto estado.<\/span><\/p>\n","protected":false},"featured_media":3631,"template":"","meta":[],"product_brand":[],"product_cat":[224],"product_tag":[],"class_list":{"0":"post-3630","1":"product","2":"type-product","3":"status-publish","4":"has-post-thumbnail","6":"product_cat-archivo-vendidos","7":"sales-flash-overlay","8":"woocommerce-text-align-center","9":"woocommerce-image-align-center","10":"do-quantity-buttons","12":"first","13":"outofstock","14":"purchasable","15":"product-type-simple"},"_links":{"self":[{"href":"https:\/\/original-militaria.com\/en\/wp-json\/wp\/v2\/product\/3630","targetHints":{"allow":["GET"]}}],"collection":[{"href":"https:\/\/original-militaria.com\/en\/wp-json\/wp\/v2\/product"}],"about":[{"href":"https:\/\/original-militaria.com\/en\/wp-json\/wp\/v2\/types\/product"}],"wp:featuredmedia":[{"embeddable":true,"href":"https:\/\/original-militaria.com\/en\/wp-json\/wp\/v2\/media\/3631"}],"wp:attachment":[{"href":"https:\/\/original-militaria.com\/en\/wp-json\/wp\/v2\/media?parent=3630"}],"wp:term":[{"taxonomy":"product_brand","embeddable":true,"href":"https:\/\/original-militaria.com\/en\/wp-json\/wp\/v2\/product_brand?post=3630"},{"taxonomy":"product_cat","embeddable":true,"href":"https:\/\/original-militaria.com\/en\/wp-json\/wp\/v2\/product_cat?post=3630"},{"taxonomy":"product_tag","embeddable":true,"href":"https:\/\/original-militaria.com\/en\/wp-json\/wp\/v2\/product_tag?post=3630"}],"curies":[{"name":"wp","href":"https:\/\/api.w.org\/{rel}","templated":true}]}}