{"id":3604,"date":"2017-09-05T11:22:41","date_gmt":"2017-09-05T11:22:41","guid":{"rendered":"https:\/\/original-militaria.com\/?post_type=product&#038;p=3604"},"modified":"2022-01-31T19:03:11","modified_gmt":"2022-01-31T18:03:11","slug":"cruz-al-merito-militar-de-1-clase-en-su-estuche","status":"publish","type":"product","link":"https:\/\/original-militaria.com\/en\/producto\/cruz-al-merito-militar-de-1-clase-en-su-estuche\/","title":{"rendered":"Cased War Merit Cross 1St Class, 1939 with Swords &#8212;  Cruz al Merito Militar de 1\u00aa Clase 1939 en su Estuche"},"content":{"rendered":"<p align=\"justify\"><span style=\"font-size: medium\"><strong><span style=\"font-family: Verdana\">ANTECEDENTES:<\/span><\/strong> <\/span><span style=\"font-size: 9pt;font-family: Verdana\"><span style=\"font-size: medium\">La Cruz<\/span><span style=\"font-size: medium\"> al M\u00e9rito militar fue creada por Adolfo Hitler el 18 de octubre de 1939, en 1\u00aa y 2\u00aa Clase\u00a0con dos clases a su vez,\u00a0con espadas y sin espadas, para la adjudicaci\u00f3n tanto a personal militar como civil, incluidas mujeres y\u00a0extranjeros, por servicio ejemplar y \/ o\u00a0valor en el esfuerzo de guerra de Alemania, en un papel no combatiente. La adici\u00f3n de espadas a la concesi\u00f3n de estos premios signific\u00f3 la valent\u00eda y sin espadas se otorg\u00f3\u00a0por el servicio. Se ampli\u00f3 el 19 de agosto de 1940, para incluir una Cruz de Caballero de <\/span><span style=\"font-size: medium\">la Cruz<\/span><\/span><span style=\"font-size: medium\"><span style=\"font-family: Verdana\"> al M\u00e9rito de Guerra.\u00a0\u00a0<\/span><\/span><\/p>\n<p align=\"justify\"><span style=\"font-size: medium\"><strong><span style=\"font-family: Verdana\">DESCRIPCI\u00d3N:<\/span><\/strong><span style=\"font-family: Verdana\"> Estuche con KVK de 1\u00aaClase (Kriegsverdienstkreuz I mit Schwertern und Etui), fabricada en\u00a0aleaci\u00f3n de zinc, final de guerra, con ba\u00f1o de plata lavada.\u00a0Est\u00e1\u00a0bajo la forma de <\/span><\/span><span style=\"font-size: 9pt;font-family: Verdana\"><span style=\"font-size: medium\">la Cruz Maltesa<\/span><span style=\"font-size: medium\"> con una pieza central circular realzada, esv\u00e1stica biselada cercada por una guirnalda con hojas de roble. Las espadas, indican valor, y emanan hacia arriba entre los brazos de <\/span><\/span><span style=\"font-size: medium\"><span style=\"font-family: Verdana\">la cruz. El centro del fondo de la pieza es liso, mientras que el fondo de los brazos de la cruz, est\u00e1n granulados, con los bordes\u00a0levantados. La plata lavada\u00a0est\u00e1 presente en un 40%, el resto se ha perdido. El premio no tiene visibles las marcas del fabricante.<\/span><\/span><\/p>\n","protected":false},"excerpt":{"rendered":"<p align=\"justify\"><span style=\"font-size: medium\"><strong><span style=\"font-family: Verdana\">ANTECEDENTES:<\/span><\/strong> <\/span><span style=\"font-size: 9pt;font-family: Verdana\"><span style=\"font-size: medium\">La Cruz<\/span><span style=\"font-size: medium\"> al M\u00e9rito militar fue creada por Adolfo Hitler el 18 de octubre de 1939, en 1\u00aa y 2\u00aa Clase\u00a0con dos clases a su vez,\u00a0con espadas y sin espadas, para la adjudicaci\u00f3n tanto a personal militar como civil, incluidas mujeres y\u00a0extranjeros, por servicio ejemplar y \/ o\u00a0valor en el esfuerzo de guerra de Alemania, en un papel no combatiente. La adici\u00f3n de espadas a la concesi\u00f3n de estos premios signific\u00f3 la valent\u00eda y sin espadas se otorg\u00f3\u00a0por el servicio. Se ampli\u00f3 el 19 de agosto de 1940, para incluir una Cruz de Caballero de <\/span><span style=\"font-size: medium\">la Cruz<\/span><\/span><span style=\"font-size: medium\"><span style=\"font-family: Verdana\"> al M\u00e9rito de Guerra.\u00a0\u00a0<\/span><\/span><\/p>\n<p align=\"justify\"><span style=\"font-size: medium\"><strong><span style=\"font-family: Verdana\">DESCRIPCI\u00d3N:<\/span><\/strong><span style=\"font-family: Verdana\"> Estuche con KVK de 1\u00aaClase (Kriegsverdienstkreuz I mit Schwertern und Etui), fabricada en\u00a0aleaci\u00f3n de zinc, final de guerra, con ba\u00f1o de plata lavada.\u00a0Est\u00e1\u00a0bajo la forma de <\/span><\/span><span style=\"font-size: 9pt;font-family: Verdana\"><span style=\"font-size: medium\">la Cruz Maltesa<\/span><span style=\"font-size: medium\"> con una pieza central circular realzada, esv\u00e1stica biselada cercada por una guirnalda con hojas de roble. Las espadas, indican valor, y emanan hacia\u00a0arriba entre los brazos de <\/span><br \/>\n<\/span><span style=\"font-size: medium\"><span style=\"font-family: Verdana\">la cruz. El centro del fondo de la pieza es liso, mientras que el fondo de los brazos de la cruz, est\u00e1n granulados, con los bordes\u00a0levantados. La plata lavada\u00a0est\u00e1 presente en un 40%, el resto se ha perdido. El premio no tiene visibles las marcas del fabricante.<\/span><\/span><\/p>\n","protected":false},"featured_media":3605,"template":"","meta":[],"product_brand":[],"product_cat":[224],"product_tag":[],"class_list":{"0":"post-3604","1":"product","2":"type-product","3":"status-publish","4":"has-post-thumbnail","6":"product_cat-archivo-vendidos","7":"sales-flash-overlay","8":"woocommerce-text-align-center","9":"woocommerce-image-align-center","10":"do-quantity-buttons","12":"first","13":"outofstock","14":"product-type-simple"},"_links":{"self":[{"href":"https:\/\/original-militaria.com\/en\/wp-json\/wp\/v2\/product\/3604","targetHints":{"allow":["GET"]}}],"collection":[{"href":"https:\/\/original-militaria.com\/en\/wp-json\/wp\/v2\/product"}],"about":[{"href":"https:\/\/original-militaria.com\/en\/wp-json\/wp\/v2\/types\/product"}],"wp:featuredmedia":[{"embeddable":true,"href":"https:\/\/original-militaria.com\/en\/wp-json\/wp\/v2\/media\/3605"}],"wp:attachment":[{"href":"https:\/\/original-militaria.com\/en\/wp-json\/wp\/v2\/media?parent=3604"}],"wp:term":[{"taxonomy":"product_brand","embeddable":true,"href":"https:\/\/original-militaria.com\/en\/wp-json\/wp\/v2\/product_brand?post=3604"},{"taxonomy":"product_cat","embeddable":true,"href":"https:\/\/original-militaria.com\/en\/wp-json\/wp\/v2\/product_cat?post=3604"},{"taxonomy":"product_tag","embeddable":true,"href":"https:\/\/original-militaria.com\/en\/wp-json\/wp\/v2\/product_tag?post=3604"}],"curies":[{"name":"wp","href":"https:\/\/api.w.org\/{rel}","templated":true}]}}