{"id":3544,"date":"2017-09-05T11:22:23","date_gmt":"2017-09-05T11:22:23","guid":{"rendered":"https:\/\/original-militaria.com\/?post_type=product&#038;p=3544"},"modified":"2026-01-10T16:15:12","modified_gmt":"2026-01-10T15:15:12","slug":"gorra-de-plato-lenin-para-oficiales-y-suboficiales","status":"publish","type":"product","link":"https:\/\/original-militaria.com\/en\/producto\/gorra-de-plato-lenin-para-oficiales-y-suboficiales\/","title":{"rendered":"Soviet Russian &#8220;RKKA&#8221; Military Visor Cap Red Army WW2 &#8212; Gorra de Plato para la &#8220;RKKA&#8221; del Ejercito Rojo de WW2"},"content":{"rendered":"<p align=\"justify\"><span style=\"font-size: medium;\"><span style=\"font-family: Verdana;\">Gorra de plato sovi\u00e9tica de WW2 para la <strong>&#8220;RKKA&#8221;<\/strong>. Fabricada en tela de algod\u00f3n, tiene una visera de una sola pieza, cuatro costuras en el cuerpo con cada uno de sus puntos cardinales, tiene un barbuquejo ajustable de forma deslizante por medio de dos trabillas que se sujeta a la gorra por medio de botones de bronce con la hoz y el martillo, en el frontal la insignia de ultima \u00e9poca de bronce con cinco puntas con base esmaltada al fuego de color rojo\u00a0 con la hoz y el martillo a su centro. En el interior se conserva su badana intacta con marcaje estampado poco legible con la fecha <strong><span style=\"color: #000000;\">&#8220;1939&#8221;<\/span><\/strong> y la talla <strong><span style=\"color: #000000;\">&#8220;59&#8221;<\/span><\/strong>.\u00a0Tiene como se aprecia en la foto peque\u00f1o agujero en el frontal y desgaste t\u00edpico por el uso y los a\u00f1os.<\/span><\/span><\/p>\n","protected":false},"excerpt":{"rendered":"<p align=\"justify\"><span style=\"font-size: medium;\"><strong><span style=\"font-family: Verdana;\">DESCRIPCION:<\/span><\/strong><span style=\"font-family: Verdana;\"> Gorra de plato Rusa WW2, M41 (Lenin), para Oficiales, utilizada en ultima etapa tambi\u00e9n por Suboficiales. Fabricada en\u00a0tela de\u00a0algod\u00f3n, tiene una visera de una sola pieza, cuatro costuras en el cuerpo con cada uno de sus puntos cardinales,\u00a0tiene un barbuquejo ajustable de forma deslizante por medio de dos trabillas que se sujeta a la gorra por medio de botones de bronce\u00a0con la hoz y el martillo, en el frontal la insignia\u00a0de ultima \u00e9poca de bronce con cinco puntas con base esmaltada al fuego de color rojo\u00a0 con la hoz y el martillo a su centro. En el interior se conserva su badana intacta con marcaje estampado poco legible con la fecha <span style=\"color: red;\">&#8220;1939&#8221;<\/span> y la talla <span style=\"color: red;\">&#8220;59&#8221;<\/span>.\u00a0Tiene como se aprecia en la foto peque\u00f1o agujero en el frontal y desgaste t\u00edpico por el uso y los a\u00f1os.<\/span><\/span><\/p>\n","protected":false},"featured_media":3545,"template":"","meta":[],"product_brand":[],"product_cat":[194,176],"product_tag":[],"class_list":{"0":"post-3544","1":"product","2":"type-product","3":"status-publish","4":"has-post-thumbnail","6":"product_cat-guerra-civil","7":"product_cat-militaria-otras-naciones","8":"sales-flash-overlay","9":"woocommerce-text-align-center","10":"woocommerce-image-align-center","11":"do-quantity-buttons","13":"first","14":"instock","15":"purchasable","16":"product-type-simple"},"_links":{"self":[{"href":"https:\/\/original-militaria.com\/en\/wp-json\/wp\/v2\/product\/3544","targetHints":{"allow":["GET"]}}],"collection":[{"href":"https:\/\/original-militaria.com\/en\/wp-json\/wp\/v2\/product"}],"about":[{"href":"https:\/\/original-militaria.com\/en\/wp-json\/wp\/v2\/types\/product"}],"wp:featuredmedia":[{"embeddable":true,"href":"https:\/\/original-militaria.com\/en\/wp-json\/wp\/v2\/media\/3545"}],"wp:attachment":[{"href":"https:\/\/original-militaria.com\/en\/wp-json\/wp\/v2\/media?parent=3544"}],"wp:term":[{"taxonomy":"product_brand","embeddable":true,"href":"https:\/\/original-militaria.com\/en\/wp-json\/wp\/v2\/product_brand?post=3544"},{"taxonomy":"product_cat","embeddable":true,"href":"https:\/\/original-militaria.com\/en\/wp-json\/wp\/v2\/product_cat?post=3544"},{"taxonomy":"product_tag","embeddable":true,"href":"https:\/\/original-militaria.com\/en\/wp-json\/wp\/v2\/product_tag?post=3544"}],"curies":[{"name":"wp","href":"https:\/\/api.w.org\/{rel}","templated":true}]}}