{"id":3515,"date":"2017-09-05T11:22:15","date_gmt":"2017-09-05T11:22:15","guid":{"rendered":"https:\/\/original-militaria.com\/?post_type=product&#038;p=3515"},"modified":"2022-01-31T19:03:07","modified_gmt":"2022-01-31T18:03:07","slug":"bayoneta-erfurt-de-infanteria-imperial-alemana-butcher-1915","status":"publish","type":"product","link":"https:\/\/original-militaria.com\/en\/producto\/bayoneta-erfurt-de-infanteria-imperial-alemana-butcher-1915\/","title":{"rendered":"Bayoneta Erfurt de Infanter\u00eda Imperial Alemana &#8220;Butcher&#8221;, 1915."},"content":{"rendered":"<p style=\"text-align: justify\"><span style=\"font-family: verdana, geneva, sans-serif\"><strong><span style=\"font-size: medium\">DESCRIPCION:<\/span><\/strong><span style=\"font-size: medium\"> Excepcional y completa bayoneta\u00a0(Seitengewehr) para el M\u00e1user G98 de infanter\u00eda prusiana de 1915, de las llamadas <span style=\"color: #ff0000\">&#8220;De carnicero&#8221;<\/span>, con hoja con dientes de sierra, vaina de cuero,\u00a0tahal\u00ed de cuero marr\u00f3n y dragona o portepee b\u00e1varo. La bayoneta tiene la hoja limpia, sin picados, impecable, todos sus dientes de sierra intactos, est\u00e1 marcada con la manufactura del fabricante <span style=\"color: #ff0000\">&#8220;Erfurt&#8221;<\/span> con <span style=\"color: #ff0000\">Corona<\/span>, en el lomo la<span style=\"color: #ff0000\">\u00a0&#8220;W&#8221;<\/span> Coronada,\u00a0el n\u00famero\u00a0<span style=\"color: #ff0000\">&#8220;15&#8221;<\/span> correspondiente al\u00a0a\u00f1o <span style=\"color: #ff0000\">1915<\/span> y marca de inspecci\u00f3n Imperial. La vaina de cuero negro con guarniciones de\u00a0acero como nueva al igual que el tahal\u00ed de cuero color marr\u00f3n, la dragona en hilos entrelazados de oro. Ejemplo de libro de este modelo de bayoneta de infanter\u00eda del ej\u00e9rcito Imperial alem\u00e1n, muy rara de encontrar en este estado y completa.<\/span><\/span><\/p>\n","protected":false},"excerpt":{"rendered":"<p style=\"text-align: justify\"><strong><span style=\"font-size: medium\">DESCRIPCION:<\/span><\/strong><span style=\"font-size: medium\"> Excepcional y completa bayoneta\u00a0(Seitengewehr) para el M\u00e1user G98 de infanter\u00eda prusiana de 1915, de las llamadas <span style=\"color: #ff0000\">&#8220;De carnicero&#8221;<\/span>, con hoja con dientes de sierra, vaina de cuero,\u00a0tahal\u00ed de cuero marr\u00f3n y dragona o portepee b\u00e1varo. La bayoneta tiene la hoja limpia, sin picados, impecable, todos sus dientes de sierra intactos, est\u00e1 marcada con la manufactura del fabricante <span style=\"color: #ff0000\">&#8220;Erfurt&#8221;<\/span> con <span style=\"color: #ff0000\">Corona<\/span>, en el lomo la<span style=\"color: #ff0000\">\u00a0&#8220;W&#8221;<\/span> Coronada,\u00a0el n\u00famero\u00a0<span style=\"color: #ff0000\">&#8220;15&#8221;<\/span> correspondiente al\u00a0a\u00f1o <span style=\"color: #ff0000\">1915<\/span> y marca de inspecci\u00f3n Imperial. La vaina de cuero negro con guarniciones de\u00a0acero como nueva al igual que el tahal\u00ed de cuero color marr\u00f3n, la dragona en hilos entrelazados de oro. Ejemplo de libro de este modelo de bayoneta de infanter\u00eda del ej\u00e9rcito Imperial alem\u00e1n, muy rara de encontrar en este estado y completa.<\/span><\/p>\n","protected":false},"featured_media":3516,"template":"","meta":[],"product_brand":[],"product_cat":[224],"product_tag":[],"class_list":{"0":"post-3515","1":"product","2":"type-product","3":"status-publish","4":"has-post-thumbnail","6":"product_cat-archivo-vendidos","7":"sales-flash-overlay","8":"woocommerce-text-align-center","9":"woocommerce-image-align-center","10":"do-quantity-buttons","12":"first","13":"outofstock","14":"purchasable","15":"product-type-simple"},"_links":{"self":[{"href":"https:\/\/original-militaria.com\/en\/wp-json\/wp\/v2\/product\/3515","targetHints":{"allow":["GET"]}}],"collection":[{"href":"https:\/\/original-militaria.com\/en\/wp-json\/wp\/v2\/product"}],"about":[{"href":"https:\/\/original-militaria.com\/en\/wp-json\/wp\/v2\/types\/product"}],"wp:featuredmedia":[{"embeddable":true,"href":"https:\/\/original-militaria.com\/en\/wp-json\/wp\/v2\/media\/3516"}],"wp:attachment":[{"href":"https:\/\/original-militaria.com\/en\/wp-json\/wp\/v2\/media?parent=3515"}],"wp:term":[{"taxonomy":"product_brand","embeddable":true,"href":"https:\/\/original-militaria.com\/en\/wp-json\/wp\/v2\/product_brand?post=3515"},{"taxonomy":"product_cat","embeddable":true,"href":"https:\/\/original-militaria.com\/en\/wp-json\/wp\/v2\/product_cat?post=3515"},{"taxonomy":"product_tag","embeddable":true,"href":"https:\/\/original-militaria.com\/en\/wp-json\/wp\/v2\/product_tag?post=3515"}],"curies":[{"name":"wp","href":"https:\/\/api.w.org\/{rel}","templated":true}]}}