{"id":3433,"date":"2017-09-05T11:21:51","date_gmt":"2017-09-05T11:21:51","guid":{"rendered":"https:\/\/original-militaria.com\/?post_type=product&#038;p=3433"},"modified":"2022-01-31T19:03:05","modified_gmt":"2022-01-31T18:03:05","slug":"ek2-1939-4-steinhauer-luck-ludenscheid","status":"publish","type":"product","link":"https:\/\/original-militaria.com\/en\/producto\/ek2-1939-4-steinhauer-luck-ludenscheid\/","title":{"rendered":"Wehrmacht\/ Iron Cross 2nd Class 1939 code &#8220;4&#8221; &#8212; Wehrmacht\/ Cruz de Hierro 1939 de 2\u00aa Clase, C\u00f3digo   &#8220;4&#8221;"},"content":{"rendered":"<p style=\"text-align: justify\"><span style=\"font-size: 12pt;font-family: verdana, geneva, sans-serif\">Cruz de Hierro de 2\u00aa clase (Eisernes Kreuz II Klasse) con su cinta, fabricada en 3 piezas, centro magn\u00e9tico, marcada en la anilla con el n\u00famero &#8220;4&#8221;, manufactura perteneciente a &#8220;Steinhauer &amp; Luck &#8211; L\u00fcdenscheid&#8221;, poco vista.<\/span><\/p>\n","protected":false},"excerpt":{"rendered":"<p align=\"justify\"><span style=\"font-family: Verdana\"><strong>ANTECEDENTES:<\/strong> Posiblemente la medalla alemana m\u00e1s famosa y conocida de la II\u00aa Guerra Mundial, en cualquiera de sus variantes, as\u00ed como uno de los premios militares mas visualmente potentes de la guerra. Fue instituida por primera vez por el rey de Prusia, Friedrich Wilheilm III, como condecoraci\u00f3n al valor durante la Guerra de Liberaci\u00f3n contra Napole\u00f3n Bonaparte. Se reinstituy\u00f3 en 1870 con motivo de la guerra franco-prusiana, y nuevamente en 1914 durante la I\u00aa Guerra Mundial. Fu\u00e9 dise\u00f1ada desde el principio para ser una condecoraci\u00f3n al valor en combate, por lo que solo se aprobaba su activaci\u00f3n y concesi\u00f3n en tiempos de guerra. Por aquel entonces, las posibles recompensas al valor unificadas en el ej\u00e9rcito imperial eran cuatro: la cruz de hierro en sus dos posibles clases (2\u00aa y 1\u00aa), la Orden Pour le Merite (sola o con hojas de roble), y la Gran Cruz de la Cruz de Hierro. Id\u00e9ntica a su predecesora, cruz g\u00f3tica negra (44 mm x 44 mm) con ribete plateado. Pero en el centro, en lugar de las iniciales, corona, y hojas de roble de la versi\u00f3n imperial, llevaba una esv\u00e1stica. En la parte superior ten\u00eda una anilla por la que pasaba la cinta. Se fabricaban con un n\u00facleo de hierro (cobre o bronce para la Kriegsmarine, para evitar la corrosi\u00f3n), con aleaciones blancas en los bordes (lat\u00f3n plateado para esta clase). Entregada a: hombres y mujeres de cualquier rango, en cualquier rama de la Wehrmacht, Waffen-SS, u organizaciones uniformadas auxiliares, as\u00ed como unidades de voluntarios extranjeros y miembros de ej\u00e9rcitos aliados. Cantidad concedida: mas de 3.000.000. <\/span><\/p>\n<p><strong>DESCRIPCION:<\/strong> Cruz de Hierro de 2\u00aa clase (Eisernes Kreuz II Klasse) con su cinta, fabricada en 3 piezas, centro magn\u00e9tico, marcada en la anilla con el n\u00famero <span style=\"color: #ff0000\">&#8220;4&#8221;<\/span>, manufactura perteneciente a <span style=\"color: #ff0000\">&#8220;Steinhauer &amp; Luck &#8211; L\u00fcdenscheid&#8221;<\/span>, poco vista.<\/p>\n","protected":false},"featured_media":3434,"template":"","meta":[],"product_brand":[],"product_cat":[224],"product_tag":[],"class_list":{"0":"post-3433","1":"product","2":"type-product","3":"status-publish","4":"has-post-thumbnail","6":"product_cat-archivo-vendidos","7":"sales-flash-overlay","8":"woocommerce-text-align-center","9":"woocommerce-image-align-center","10":"do-quantity-buttons","12":"first","13":"outofstock","14":"purchasable","15":"product-type-simple"},"_links":{"self":[{"href":"https:\/\/original-militaria.com\/en\/wp-json\/wp\/v2\/product\/3433","targetHints":{"allow":["GET"]}}],"collection":[{"href":"https:\/\/original-militaria.com\/en\/wp-json\/wp\/v2\/product"}],"about":[{"href":"https:\/\/original-militaria.com\/en\/wp-json\/wp\/v2\/types\/product"}],"wp:featuredmedia":[{"embeddable":true,"href":"https:\/\/original-militaria.com\/en\/wp-json\/wp\/v2\/media\/3434"}],"wp:attachment":[{"href":"https:\/\/original-militaria.com\/en\/wp-json\/wp\/v2\/media?parent=3433"}],"wp:term":[{"taxonomy":"product_brand","embeddable":true,"href":"https:\/\/original-militaria.com\/en\/wp-json\/wp\/v2\/product_brand?post=3433"},{"taxonomy":"product_cat","embeddable":true,"href":"https:\/\/original-militaria.com\/en\/wp-json\/wp\/v2\/product_cat?post=3433"},{"taxonomy":"product_tag","embeddable":true,"href":"https:\/\/original-militaria.com\/en\/wp-json\/wp\/v2\/product_tag?post=3433"}],"curies":[{"name":"wp","href":"https:\/\/api.w.org\/{rel}","templated":true}]}}