{"id":3421,"date":"2017-09-05T11:21:49","date_gmt":"2017-09-05T11:21:49","guid":{"rendered":"https:\/\/original-militaria.com\/?post_type=product&#038;p=3421"},"modified":"2022-01-31T19:03:05","modified_gmt":"2022-01-31T18:03:05","slug":"daga-de-oficial-del-ejercito-de-tierra","status":"publish","type":"product","link":"https:\/\/original-militaria.com\/en\/producto\/daga-de-oficial-del-ejercito-de-tierra\/","title":{"rendered":"Daga de Oficial del Ej\u00e9rcito de Tierra"},"content":{"rendered":"<p align=\"justify\"><span style=\"font-family: Verdana\"><span style=\"font-size: medium\"><strong>ANTECEDENTES:<\/strong> El oficial de ej\u00e9rcito alem\u00e1n hab\u00eda usado tradicionalmente un sable como parte del uniforme y esta tradici\u00f3n fue continuada durante la Rep\u00fablica de Weimar y al principio del tercer Reich. En un intento por aumentar la moral, Hitler introdujo la daga y conserv\u00f3 el sable para ocasiones m\u00e1s formales. La daga fue dise\u00f1ada por el artista gr\u00e1fico Paul Casberg de Berl\u00edn y aprobada oficialmente para su uso el 4 de mayo de 1935, junto con suspensiones espec\u00edficamente labradas para la daga y un portepee de nuevo patr\u00f3n. La producci\u00f3n de la daga deb\u00eda ser continuada seg\u00fan regulaciones del 27 de mayo de 1943 y el uso adicional de la daga fue prohibido por orden del 5 de septiembre de 1944. Las regulaciones adicionales del 23 de diciembre de 1944 indicaron que los oficiales deb\u00edan usar una pistola en lugar de la daga. <\/span><\/span><\/p>\n<p style=\"text-align: justify\"><span style=\"font-family: verdana, geneva, sans-serif;font-size: 12pt\"><strong>DESCRIPCION:<\/strong> Daga de oficial del ej\u00e9rcito de tierra (Heer Offizierdolch) <span style=\"color: #ff0000\">desnazificada<\/span>, la hoja de acero de doble corte en estado impecable sin picaduras. La pieza transversal o guarnici\u00f3n inferior lleva el \u00e1guila nacional del ej\u00e9rcito <span style=\"color: #ff0000\">falt\u00e1ndole la esv\u00e1stica<\/span>, el pomo color marfil est\u00e1 orlado con hojas de roble. La vaina tiene paneles granulados y dos anillas para colgar. No presenta manufactura alguna. Ideal para repuestos.<\/span><\/p>\n","protected":false},"excerpt":{"rendered":"<p align=\"justify\"><span style=\"font-family: Verdana\"><span style=\"font-size: medium\"><strong>ANTECEDENTES:<\/strong> El oficial de ej\u00e9rcito alem\u00e1n hab\u00eda usado tradicionalmente un sable como parte del uniforme y esta tradici\u00f3n fue continuada durante la Rep\u00fablica de Weimar y al principio del tercer Reich. En un intento por aumentar la moral, Hitler introdujo la daga y conserv\u00f3 el sable para ocasiones m\u00e1s formales. La daga fue dise\u00f1ada por el artista gr\u00e1fico Paul Casberg de Berl\u00edn y aprobada oficialmente para su uso el 4 de mayo de 1935, junto con suspensiones espec\u00edficamente labradas para la daga y un portepee de nuevo patr\u00f3n. La producci\u00f3n de la daga deb\u00eda ser continuada seg\u00fan regulaciones del 27 de mayo de 1943 y el uso adicional de la daga fue prohibido por orden del 5 de septiembre de 1944. Las regulaciones adicionales del 23 de diciembre de 1944 indicaron que los oficiales deb\u00edan usar una pistola en lugar de la daga. <\/span><\/span><\/p>\n<p><strong>DESCRIPCION:<\/strong> Daga de oficial del ej\u00e9rcito de tierra (Heer Offizierdolch) <span style=\"color: #ff0000\">desnacificada<\/span>, la hoja de acero de doble corte en estado impecable sin picaduras. La pieza transversal o guarnici\u00f3n inferior lleva el \u00e1guila nacional del ej\u00e9rcito <span style=\"color: #ff0000\">falt\u00e1ndole la esv\u00e1stica<\/span>, el pomo color marfil est\u00e1 orlado con hojas de roble. La vaina tiene paneles granulados y dos anillas para colgar. No presenta manufactura alguna. Ideal para repuestos.<\/p>\n","protected":false},"featured_media":3422,"template":"","meta":[],"product_brand":[],"product_cat":[224],"product_tag":[],"class_list":{"0":"post-3421","1":"product","2":"type-product","3":"status-publish","4":"has-post-thumbnail","6":"product_cat-archivo-vendidos","7":"sales-flash-overlay","8":"woocommerce-text-align-center","9":"woocommerce-image-align-center","10":"do-quantity-buttons","12":"first","13":"outofstock","14":"product-type-simple"},"_links":{"self":[{"href":"https:\/\/original-militaria.com\/en\/wp-json\/wp\/v2\/product\/3421","targetHints":{"allow":["GET"]}}],"collection":[{"href":"https:\/\/original-militaria.com\/en\/wp-json\/wp\/v2\/product"}],"about":[{"href":"https:\/\/original-militaria.com\/en\/wp-json\/wp\/v2\/types\/product"}],"wp:featuredmedia":[{"embeddable":true,"href":"https:\/\/original-militaria.com\/en\/wp-json\/wp\/v2\/media\/3422"}],"wp:attachment":[{"href":"https:\/\/original-militaria.com\/en\/wp-json\/wp\/v2\/media?parent=3421"}],"wp:term":[{"taxonomy":"product_brand","embeddable":true,"href":"https:\/\/original-militaria.com\/en\/wp-json\/wp\/v2\/product_brand?post=3421"},{"taxonomy":"product_cat","embeddable":true,"href":"https:\/\/original-militaria.com\/en\/wp-json\/wp\/v2\/product_cat?post=3421"},{"taxonomy":"product_tag","embeddable":true,"href":"https:\/\/original-militaria.com\/en\/wp-json\/wp\/v2\/product_tag?post=3421"}],"curies":[{"name":"wp","href":"https:\/\/api.w.org\/{rel}","templated":true}]}}