{"id":3410,"date":"2017-09-05T11:21:46","date_gmt":"2017-09-05T11:21:46","guid":{"rendered":"https:\/\/original-militaria.com\/?post_type=product&#038;p=3410"},"modified":"2022-01-31T19:03:04","modified_gmt":"2022-01-31T18:03:04","slug":"dj-cinturon-con-hebilla-1er-modelo-pre-1938","status":"publish","type":"product","link":"https:\/\/original-militaria.com\/en\/producto\/dj-cinturon-con-hebilla-1er-modelo-pre-1938\/","title":{"rendered":"DJ\/ Belt with Buckle 1st model, Pre-1938&#8212;DJ, Cintur\u00f3n con Hebilla 1er modelo, Pre-1938"},"content":{"rendered":"<p style=\"text-align: justify\"><strong><span style=\"font-size: medium\"><span style=\"font-family: Verdana\">ANTECEDENTES:<\/span><\/span><\/strong><span style=\"font-size: medium\"><span style=\"font-family: Verdana\"> Las &#8220;DJ&#8221; juventudes alemanas se fundaron en Austria en 1929 y con el tiempo se convirtieron en la rama m\u00e1s joven de las Juventudes Hitlerianas (Hitler Jugend) para ni\u00f1os de 10 a 14 a\u00f1os. El emblema de la sigrune (runa de la victoria en la tradici\u00f3n germ\u00e1nica) fue primero asociado con las juventudes alemanas el 9 de noviembre de 1929, el sexto aniversario del fallido \u201cBeer Hall Putsch\u201d (golpe de la cervecer\u00eda)-cuando Hitler y sus hombres hab\u00edan intentado tomar las riendas del gobierno en una reuni\u00f3n que fue llevada a cabo en una cervecer\u00eda- entonces el l\u00edder de zona (Gauleiter) de Viena los presento con su primera bandera oficial, la cual consist\u00eda en una sigrune color plata centrada sobre fondo negro. La sigrune fue adoptada como emblema oficial de las juventudes alemanas y fue utilizada en diversas insignias, incluyendo la hebilla del cintur\u00f3n de su uniforme. Originalmente los miembros de DJ usaron una variedad de hebillas de correa no oficiales como una versi\u00f3n peque\u00f1a de la que usaban las tropas de asalto del Partido Nazi, Tambi\u00e9n conocidos como los \u201ccamisas pardas\u201d que era la hebilla m\u00e1s com\u00fan. En 1933 fue incorporada una hebilla oficial que se utiliz\u00f3 hasta 1936 cuando se empez\u00f3 a sustituir por la hebilla de las juventudes hitlerianas. En la producci\u00f3n 1938 de DJ, la hebilla con la sigrune fue continuada en el conjunto. En 1938 la fabricaci\u00f3n de la hebilla con la sigrune de las juventudes alemanas se interrumpi\u00f3 definitivamente.<\/span><\/span><\/p>\n<p style=\"text-align: justify\"><strong><span style=\"font-size: medium\"><span style=\"font-family: Verdana\">DESCRIPCI\u00d3N:<\/span><\/span><\/strong><span style=\"font-size: medium\"><span style=\"font-family: Verdana\"> (Koppel und Koppelschlo\u00df). Cintur\u00f3n de cuero negro marcado en la punta de 860 mm (el cuero fue recortado en \u00e9poca, supongo que por demasiado largo) de largo con su hebilla de las &#8220;DJ&#8221; del &#8220;1er modelo&#8221;, fabricada en lat\u00f3n, troquelada, con un acabado de n\u00edquel-plata brillante y plateado. Se caracteriza por un fondo liso con una sigrune vertical en el centro, de bronce puro, repujada en alto relieve. Conserva en un 65% el chapado de n\u00edquel-plata con algunas manchas por desgaste y tiempo. En el reverso tiene sus dientes intactos y puede verse bien definido su &#8220;RZM&#8221; y la manufactura del fabricante &#8220;U.E.72&#8221; perteneciente a &#8220;Wilhelm Deumer&#8221;. Hebilla rara de encontrar de este primer modelo.<br \/>\n<\/span><\/span><\/p>\n","protected":false},"excerpt":{"rendered":"<p style=\"text-align: justify\"><strong><span style=\"font-size: medium\"><span style=\"font-family: Verdana\">ANTECEDENTES:<\/span><\/span><\/strong><span style=\"font-size: medium\"><span style=\"font-family: Verdana\"> Las &#8220;DJ&#8221; juventudes alemanas se fundaron en Austria en 1929 y con el tiempo se convirtieron en la rama m\u00e1s joven de las Juventudes Hitlerianas (Hitler Jugend) para ni\u00f1os de 10 a 14 a\u00f1os. El emblema de la sigrune (runa de la victoria en la tradici\u00f3n germ\u00e1nica) fue primero asociado con las juventudes alemanas el 9 de noviembre de 1929, el sexto aniversario del fallido \u201cBeer Hall Putsch\u201d (golpe de la cervecer\u00eda)-cuando Hitler y sus hombres hab\u00edan intentado tomar las riendas del gobierno en una reuni\u00f3n que fue llevada a cabo en una cervecer\u00eda- entonces el l\u00edder de zona (Gauleiter) de Viena los presento con su primera bandera oficial, la cual consist\u00eda en una sigrune color plata centrada sobre fondo negro. La sigrune fue adoptada como emblema oficial de las juventudes alemanas y fue utilizada en diversas insignias, incluyendo la hebilla del cintur\u00f3n de su uniforme. Originalmente los miembros de DJ usaron una variedad de hebillas de correa no oficiales como una versi\u00f3n peque\u00f1a de la que usaban las tropas de asalto del Partido Nazi, Tambi\u00e9n conocidos como los \u201ccamisas pardas\u201d que era la hebilla m\u00e1s com\u00fan. En 1933 fue incorporada una hebilla oficial que se utiliz\u00f3 hasta 1936 cuando se empez\u00f3 a sustituir por la hebilla de las juventudes hitlerianas. En la producci\u00f3n 1938 de DJ, la hebilla con la sigrune fue continuada en el conjunto. En 1938 la fabricaci\u00f3n de la hebilla con la sigrune de las juventudes alemanas se interrumpi\u00f3 definitivamente.<\/span><\/span><\/p>\n<p style=\"text-align: justify\"><strong><span style=\"font-size: medium\"><span style=\"font-family: Verdana\">DESCRIPCI\u00d3N:<\/span><\/span><\/strong><span style=\"font-size: medium\"><span style=\"font-family: Verdana\"> (Koppel und Koppelschlo\u00df). Cintur\u00f3n de cuero negro marcado en la punta de 860 mm (el cuero fue recortado en \u00e9poca, supongo que por demasiado largo) de largo con su hebilla de las &#8220;DJ&#8221; del &#8220;1er modelo&#8221;, fabricada en lat\u00f3n, troquelada, con un acabado de n\u00edquel-plata brillante y plateado. Se caracteriza por un fondo liso con una sigrune vertical en el centro, de bronce puro, repujada en alto relieve. Conserva en un 65% el chapado de n\u00edquel-plata con algunas manchas por desgaste y tiempo. En el reverso tiene sus dientes intactos y puede verse bien definido su <span style=\"color: #ff0000\">&#8220;RZM&#8221;<\/span> y la manufactura del fabricante <span style=\"color: #ff0000\">&#8220;U.E.72&#8221;<\/span> perteneciente a <span style=\"color: #ff0000\">&#8220;Wilhelm Deumer&#8221;<\/span>. Hebilla rara de encontrar de este primer modelo.<br \/>\n<\/span><\/span><\/p>\n","protected":false},"featured_media":3411,"template":"","meta":[],"product_brand":[],"product_cat":[224],"product_tag":[],"class_list":{"0":"post-3410","1":"product","2":"type-product","3":"status-publish","4":"has-post-thumbnail","6":"product_cat-archivo-vendidos","7":"sales-flash-overlay","8":"woocommerce-text-align-center","9":"woocommerce-image-align-center","10":"do-quantity-buttons","12":"first","13":"outofstock","14":"purchasable","15":"product-type-simple"},"_links":{"self":[{"href":"https:\/\/original-militaria.com\/en\/wp-json\/wp\/v2\/product\/3410","targetHints":{"allow":["GET"]}}],"collection":[{"href":"https:\/\/original-militaria.com\/en\/wp-json\/wp\/v2\/product"}],"about":[{"href":"https:\/\/original-militaria.com\/en\/wp-json\/wp\/v2\/types\/product"}],"wp:featuredmedia":[{"embeddable":true,"href":"https:\/\/original-militaria.com\/en\/wp-json\/wp\/v2\/media\/3411"}],"wp:attachment":[{"href":"https:\/\/original-militaria.com\/en\/wp-json\/wp\/v2\/media?parent=3410"}],"wp:term":[{"taxonomy":"product_brand","embeddable":true,"href":"https:\/\/original-militaria.com\/en\/wp-json\/wp\/v2\/product_brand?post=3410"},{"taxonomy":"product_cat","embeddable":true,"href":"https:\/\/original-militaria.com\/en\/wp-json\/wp\/v2\/product_cat?post=3410"},{"taxonomy":"product_tag","embeddable":true,"href":"https:\/\/original-militaria.com\/en\/wp-json\/wp\/v2\/product_tag?post=3410"}],"curies":[{"name":"wp","href":"https:\/\/api.w.org\/{rel}","templated":true}]}}