{"id":3408,"date":"2017-09-05T11:21:45","date_gmt":"2017-09-05T11:21:45","guid":{"rendered":"https:\/\/original-militaria.com\/?post_type=product&#038;p=3408"},"modified":"2022-01-31T19:03:04","modified_gmt":"2022-01-31T18:03:04","slug":"waffenrock-m35-de-un-oberfeldwebels-especialista-de-zapadores-del-2-regimiento-de-la-lehr","status":"publish","type":"product","link":"https:\/\/original-militaria.com\/en\/producto\/waffenrock-m35-de-un-oberfeldwebels-especialista-de-zapadores-del-2-regimiento-de-la-lehr\/","title":{"rendered":"Wehrmacht\/  Pionner Sergeant M35 Dress Tunic &#8220;Lehr Regt&#8221;&#8211;WH\/  Guerrera-uniforme de Gala M35 para un Suboficial Especialista de Zapadores del 2\u00ba Regimiento de la &#8220;Lehr&#8221;"},"content":{"rendered":"<p align=\"justify\"><span style=\"font-family: verdana, geneva, sans-serif;font-size: 12pt\"> Guerrera de parada M35 (Waffenrock) de un\u00a0Oberfeldwebels (Sargento Mayor) especialista del\u00a0 2\u00ba\u00a0Regimiento\u00a0de zapadores de la Divisi\u00f3n\u00a0Acorazada de Instrucci\u00f3n &#8220;Panzer Lehr&#8221;.\u00a0 Pa\u00f1o de campo de color gris con cuello y pu\u00f1os de color verde oscuro, lleva en el frontal ocho botones plateados, todos marcados, todos lo distintivos reglamentarios. Vivo color negro de zapadores de combate ribeteado. En la manga lleva bello distintivo bordado a mano en hilo de aluminio indicativo de &#8220;Gu\u00eda de asalto anfibio&#8221;. \u00c1guila bordada tambi\u00e9n en hilo de aluminio, parches de cuello\u00a0(litzen) y hombreras reglamentarias cosidas de origen, tiene bot\u00f3n para cord\u00f3n de tirador distinguido. En las hombreras fijas lleva\u00a0\u00a0las letras g\u00f3ticas &#8220;L&#8221; en plata para suboficiales, indicativas de\u00a0&#8220;Lehr&#8221;. Lleva en el interior forro satinado sello indicativo del Regimiento &#8220;3.\/ Pi-L.u.V.2&#8221; y sello de aceptaci\u00f3n del ej\u00e9rcito &#8220;gepr\u00fcft&#8221;, tiene ce\u00f1idor interior.\u00a0Rara en esta especialidad y de la Panzer\u00a0Lehr Divisi\u00f3n.<\/span><span style=\"font-family: Verdana;font-size: 10pt\">\u00a0<\/span><\/p>\n","protected":false},"excerpt":{"rendered":"<p align=\"justify\"><strong><span style=\"font-family: Verdana;font-size: 9pt\">DESCRIPCION:<\/span><\/strong><span style=\"font-family: Verdana;font-size: 9pt\"> La 130. Panzer-Lehr-Divisi\u00f3n (Divisi\u00f3n Acorazada de Instrucci\u00f3n), m\u00e1s conocida como Panzer-Lehr, fue una divisi\u00f3n acorazada de \u00e9lite de la Wehrmacht, durante la Segunda Guerra Mundial.\u00a0 <\/span><\/p>\n<p align=\"justify\"><strong><span style=\"font-family: Verdana;font-size: 9pt\">DESCRIPCION:<\/span><\/strong><span style=\"font-family: Verdana;font-size: 9pt\"> Guerrera de parada M35 (Waffenrock) de un\u00a0Oberfeldwebels (Sargento Mayor) especialista del\u00a0 2\u00ba\u00a0Regimiento\u00a0de zapadores de la Divisi\u00f3n\u00a0Acorazada de Instrucci\u00f3n <span style=\"color: red\">&#8220;Panzer Lehr&#8221;<\/span>.\u00a0 Pa\u00f1o de campo de color gris con cuello y pu\u00f1os de color verde oscuro, lleva en el frontal ocho botones plateados, todos marcados, todos lo distintivos reglamentarios. Vivo color negro de zapadores de combate ribeteado. En la manga lleva bello distintivo bordado a mano en hilo de aluminio indicativo de <span style=\"color: red\">&#8220;Gu\u00eda de asalto anfibio&#8221;<\/span>. \u00c1guila bordada tambi\u00e9n en hilo de aluminio, parches de cuello\u00a0(litzen) y hombreras reglamentarias cosidas de origen, tiene bot\u00f3n para cord\u00f3n de tirador distinguido. En las hombreras fijas lleva\u00a0\u00a0las letras g\u00f3ticas <span style=\"color: red\">&#8220;L&#8221;<\/span> en plata para suboficiales, indicativas de\u00a0<span style=\"color: red\">&#8220;Lehr&#8221;<\/span>. Lleva en el interior forro satinado sello indicativo del Regimiento <span style=\"color: red\">&#8220;3.\/ Pi-L.u.V.2&#8221;<\/span> y sello de aceptaci\u00f3n del ej\u00e9rcito <span style=\"color: red\">&#8220;gepr\u00fcft&#8221;<\/span>, tiene ce\u00f1idor interior.\u00a0Rara en esta especialidad y de la Panzer\u00a0Lehr Divisi\u00f3n.<\/span><span style=\"font-family: Verdana;font-size: 10pt\">\u00a0<\/span><\/p>\n","protected":false},"featured_media":3409,"template":"","meta":[],"product_brand":[],"product_cat":[224],"product_tag":[],"class_list":{"0":"post-3408","1":"product","2":"type-product","3":"status-publish","4":"has-post-thumbnail","6":"product_cat-archivo-vendidos","7":"sales-flash-overlay","8":"woocommerce-text-align-center","9":"woocommerce-image-align-center","10":"do-quantity-buttons","12":"first","13":"outofstock","14":"purchasable","15":"product-type-simple"},"_links":{"self":[{"href":"https:\/\/original-militaria.com\/en\/wp-json\/wp\/v2\/product\/3408","targetHints":{"allow":["GET"]}}],"collection":[{"href":"https:\/\/original-militaria.com\/en\/wp-json\/wp\/v2\/product"}],"about":[{"href":"https:\/\/original-militaria.com\/en\/wp-json\/wp\/v2\/types\/product"}],"wp:featuredmedia":[{"embeddable":true,"href":"https:\/\/original-militaria.com\/en\/wp-json\/wp\/v2\/media\/3409"}],"wp:attachment":[{"href":"https:\/\/original-militaria.com\/en\/wp-json\/wp\/v2\/media?parent=3408"}],"wp:term":[{"taxonomy":"product_brand","embeddable":true,"href":"https:\/\/original-militaria.com\/en\/wp-json\/wp\/v2\/product_brand?post=3408"},{"taxonomy":"product_cat","embeddable":true,"href":"https:\/\/original-militaria.com\/en\/wp-json\/wp\/v2\/product_cat?post=3408"},{"taxonomy":"product_tag","embeddable":true,"href":"https:\/\/original-militaria.com\/en\/wp-json\/wp\/v2\/product_tag?post=3408"}],"curies":[{"name":"wp","href":"https:\/\/api.w.org\/{rel}","templated":true}]}}