{"id":3388,"date":"2017-09-05T11:21:39","date_gmt":"2017-09-05T11:21:39","guid":{"rendered":"https:\/\/original-militaria.com\/?post_type=product&#038;p=3388"},"modified":"2022-01-31T19:03:04","modified_gmt":"2022-01-31T18:03:04","slug":"cantimplora-m31-coco-del-afrikakorps","status":"publish","type":"product","link":"https:\/\/original-militaria.com\/en\/producto\/cantimplora-m31-coco-del-afrikakorps\/","title":{"rendered":"Wehrmacht\/DAK, M31 Tropical Canteen &amp; Cup&#8211;WH\/DAK  Cantimplora M31 &#8220;Coco&#8221; del Afrikakorps."},"content":{"rendered":"<div id=\"result_box\" dir=\"ltr\" align=\"justify\"><span style=\"font-family: Verdana\"><span style=\"font-family: Verdana\">Cantimplora tropical M31 denominada &#8220;Coco&#8221; t\u00edpica del Afrikakorps (Tropen Feldflasche 31 und Trinkbecher) de aluminio con cubierta de madera impregnada tiene marcada en la parte posterior dentro de un circulo el &#8220;D.R.G.M.&#8221; (Deutsches Reichs Gebrauchs Muster), los fabricantes , la fecha &#8220;EDH 43 &#8220;y el&#8221; DRP angm&#8221;, (Deutsche Reichs Patentes angemessen). Lleva correas t\u00edpicas de \u00c1frica color verde con marcajes en las puntas met\u00e1licas de los arneses, el vaso negro de baquelita tambi\u00e9n esta marcado. Dise\u00f1ada especialmente para el frente de \u00c1frica del Norte.<\/span><\/span><\/div>\n<p>&nbsp;<\/p>\n","protected":false},"excerpt":{"rendered":"<p>&nbsp;<\/p>\n<div id=\"result_box\" dir=\"ltr\" align=\"justify\"><span style=\"font-family: Verdana\"><span style=\"font-family: Verdana\"><strong>DESCRIPCION:<\/strong> Cantimplora tropical\u00a0denominada &#8220;Coco&#8221; tipica del Afrikakorps,\u00a0M31 de aluminio con cubierta de madera impregnada tiene marcada en la parte posterior dentro de un circulo el\u00a0&#8220;D.R.G.M.&#8221; (Deutsches Reichs Gebrauchs Muster),\u00a0los fabricantes ,\u00a0la fecha &#8220;EDH 43 &#8220;y el&#8221; DRPangm&#8221;, (Deutsche Reichs Patentes angemessen). Lleva correas t\u00edpicas de \u00c1frica color verde con marcajes en las puntas met\u00e1licas de los arneses, el vaso negro de baquelita tambi\u00e9n esta marcado.\u00a0Dise\u00f1ada especialmente para el frente de \u00c1frica del Norte.<\/span><\/span><\/div>\n<p>&nbsp;<\/p>\n","protected":false},"featured_media":3389,"template":"","meta":[],"product_brand":[],"product_cat":[224],"product_tag":[],"class_list":{"0":"post-3388","1":"product","2":"type-product","3":"status-publish","4":"has-post-thumbnail","6":"product_cat-archivo-vendidos","7":"sales-flash-overlay","8":"woocommerce-text-align-center","9":"woocommerce-image-align-center","10":"do-quantity-buttons","12":"first","13":"outofstock","14":"purchasable","15":"product-type-simple"},"_links":{"self":[{"href":"https:\/\/original-militaria.com\/en\/wp-json\/wp\/v2\/product\/3388","targetHints":{"allow":["GET"]}}],"collection":[{"href":"https:\/\/original-militaria.com\/en\/wp-json\/wp\/v2\/product"}],"about":[{"href":"https:\/\/original-militaria.com\/en\/wp-json\/wp\/v2\/types\/product"}],"wp:featuredmedia":[{"embeddable":true,"href":"https:\/\/original-militaria.com\/en\/wp-json\/wp\/v2\/media\/3389"}],"wp:attachment":[{"href":"https:\/\/original-militaria.com\/en\/wp-json\/wp\/v2\/media?parent=3388"}],"wp:term":[{"taxonomy":"product_brand","embeddable":true,"href":"https:\/\/original-militaria.com\/en\/wp-json\/wp\/v2\/product_brand?post=3388"},{"taxonomy":"product_cat","embeddable":true,"href":"https:\/\/original-militaria.com\/en\/wp-json\/wp\/v2\/product_cat?post=3388"},{"taxonomy":"product_tag","embeddable":true,"href":"https:\/\/original-militaria.com\/en\/wp-json\/wp\/v2\/product_tag?post=3388"}],"curies":[{"name":"wp","href":"https:\/\/api.w.org\/{rel}","templated":true}]}}