{"id":3373,"date":"2017-09-05T11:21:36","date_gmt":"2017-09-05T11:21:36","guid":{"rendered":"https:\/\/original-militaria.com\/?post_type=product&#038;p=3373"},"modified":"2022-01-31T19:03:03","modified_gmt":"2022-01-31T18:03:03","slug":"feldbluse-m43-de-cabo-primero-del-9-regimiento-de-artilleria","status":"publish","type":"product","link":"https:\/\/original-militaria.com\/en\/producto\/feldbluse-m43-de-cabo-primero-del-9-regimiento-de-artilleria\/","title":{"rendered":"Wehrmacht\/ Artilley, Obergefreiter M43 Field blouse&#8211; Guerrera-uniforme M43 de Cabo Primero del 9 Regimiento de Artiller\u00eda"},"content":{"rendered":"<p style=\"text-align: justify\"><span style=\"font-size: 12pt;font-family: verdana, geneva, sans-serif\"><strong>ANTECEDENTES: <\/strong>Durante la WW2 el ej\u00e9rcito alem\u00e1n estaba organizado en dos grandes bloques denominados &#8220;Ersaztheer&#8221; o &#8220;Ej\u00e9rcito de Reemplazo&#8221; y &#8220;Feldheer&#8221; o &#8220;Ej\u00e9rcito de Campa\u00f1a&#8221;, a este \u00faltimo pertenec\u00edan las unidades de primera l\u00ednea. En la primavera de 1933 el Ej\u00e9rcito alem\u00e1n decidi\u00f3 sustituir la antigua guerreras en uso (rock) por un nuevo modelo al que se denomin\u00f3 oficialmente Feldbluse o guerrera de campa\u00f1a. Esta guerrera elaborada en pa\u00f1o Feldgrau ten\u00eda el cuello color feldgrau oscuro, 5 botones y 4 bolsillos tipo parche con tapa apuntada y fuelles, ten\u00eda una abertura con botones en la parte posterior de los pu\u00f1os, el forro de algod\u00f3n gris amarronado. En septiembre de 1935 esta prenda sufri\u00f3 una primera modificaci\u00f3n al sustituirse el color del cuelo por el verde esmeralda oscuro. En diciembre de 1936 se suprimieron los cordones de la cintura y el forro que en la M33\/36 solo cubr\u00eda los hombros y la parte del pecho pasa a cubrir tambi\u00e9n parte de la espalda. En la primavera de 1940 el cuello comenz\u00f3 a confeccionarse con el mismo pa\u00f1o que el resto de la prenda; al a\u00f1o siguiente se aument\u00f3 el n\u00famero de botones hasta seis, se modific\u00f3 el dise\u00f1o de los bolsillos inferiores, y los tirantes desmontables se sustituyeron por cuatro leng\u00fcetas cosidas directamente a la guerrera. Durante el oto\u00f1o de 1942 desaparecieron los fuelles de los bolsillos; por \u00faltimo, en 1943 comenzaron a fabricarse los bolsillos con tapa recta, hasta ese momento la parte inferior de las tapas ten\u00eda tres picos m\u00e1s menos pronunciados.<\/span><\/p>\n<p style=\"text-align: justify\"><span style=\"font-size: 12pt;font-family: verdana, geneva, sans-serif\"><strong>DESCRIPCION:<\/strong> Guerrera de combate en pa\u00f1o feldgrau M43 (Feldbluse M43) para un cabo primero (Obergefreiter) del cuerpo de artiller\u00eda del parque de conductores, cuello modificado. Confeccionada con pa\u00f1o feldgrau. Tiene seis botones tintados y marcados en el frontal y cuatro bolsillos del tipo parche con tapa recta. El forro es de seda. Lleva en el brazo distintivo de conductores (Kreftfahr-Bew\u00e4hrungsabzeichen) categor\u00eda bronce (insignia instituida el 23 de octubre de 1942, otorgada a todos los conductores que hubieran prestado servicio, durante al menos tres meses, en campa\u00f1a desde el 1 de diciembre de 1940), gal\u00f3n de cabo primero, \u00e1guila en bevo (gris sobre fondo feldgrau) y parches de cuello tejidos con hilo de algod\u00f3n gris cosidos a una base de color verde esmeralda oscuro, hombreras de quita y pon de tropa reglamentarias. En el forro, en el interior tiene sello del deposito de Hanover junto a los tama\u00f1os de la guerrera, es de talla de pecho 92.<\/span><\/p>\n<p>&nbsp;<\/p>\n","protected":false},"excerpt":{"rendered":"<p>&nbsp;<\/p>\n<p align=\"justify\"><span style=\"font-family: Verdana;font-size: 9pt\"><span style=\"font-family: Verdana;font-size: 9pt\"><span style=\"font-family: Verdana;color: white;font-size: 9pt\"><span style=\"color: #ffffff\"><strong>ANTECEDENTES:\u00a0<\/strong>Durante la WW2 el ej\u00e9rcito alem\u00e1n estaba organizado en dos grandes bloques denominados &#8220;Ersaztheer&#8221; o &#8220;Ej\u00e9rcito de Reemplazo&#8221; y &#8220;Feldheer&#8221; o &#8220;Ej\u00e9rcito de Campa\u00f1a&#8221;, a este \u00faltimo pertenec\u00edan las unidades de primera l\u00ednea. En la primavera de 1933 el Ej\u00e9rcito alem\u00e1n decidi\u00f3 sustituir la antigua guerreras en uso (rock) por un nuevo modelo al que se denomin\u00f3 oficialmente Feldbluse o guerrera de campa\u00f1a. Esta guerrera elaborada en pa\u00f1o Feldgrau ten\u00eda el cuello color feldgrau oscuro, 5 botones y 4 bolsillos tipo parche con tapa apuntada y fuelles, ten\u00eda una abertura con botones en la parte posterior de los pu\u00f1os, el forro de algod\u00f3n gris amarronado. En septiembre de 1935 esta prenda sufri\u00f3 una primera modificaci\u00f3n al sustituirse el color del cuelo por el verde esmeralda oscuro. En diciembre de 1936 se suprimieron los cordones de la cintura y el forro que en la M33\/36 solo cubr\u00eda los hombros y la parte del pecho pasa a cubrir tambi\u00e9n parte de la espalda. En la primavera de 1940 el cuello comenz\u00f3 a confeccionarse con el mismo pa\u00f1o que el resto de la prenda; al a\u00f1o siguiente se aument\u00f3 el n\u00famero de botones hasta seis, se modific\u00f3 el dise\u00f1o de los bolsillos inferiores, y los tirantes desmontables se sustituyeron por cuatro leng\u00fcetas cosidas directamente a la guerrera. Durante el oto\u00f1o de 1942 desaparecieron los fuelles de los bolsillos; por \u00faltimo, en 1943 comenzaron a fabricarse los bolsillos con tapa recta, hasta ese momento la parte inferior de las tapas ten\u00eda tres picos m\u00e1s menos pronunciados.<\/span><\/span><\/span><\/span><\/p>\n<p align=\"justify\"><span style=\"font-family: Verdana;font-size: 9pt\"><span style=\"color: #ffffff\"><strong><span style=\"font-family: Verdana;font-size: 9pt\">DESCRIPCION:<\/span><\/strong><span style=\"font-family: Verdana;font-size: 9pt\"> Guerrera de\u00a0combate en\u00a0pa\u00f1o feldgrau\u00a0M43 (Feldbluse M43) para un cabo primero (Obergefreiter) del cuerpo de artiller\u00eda del parque de conductores, cuello modificado. Confeccionada con pa\u00f1o feldgrau. Tiene seis botones tintados y marcados en el frontal y cuatro bolsillos del tipo parche con tapa recta. El forro es de seda. Lleva en el brazo distintivo de conductores (Kreftfahr-Bew\u00e4hrungsabzeichen)\u00a0categor\u00eda bronce (i<span class=\"postbody\">nsignia isntituida el 23 de octubre de 1942,\u00a0otorgada a todos los conductores que hubieran prestado servicio, durante al menos tres meses, en campa\u00f1a desde el 1 de diciembre de 1940),\u00a0<\/span>gal\u00f3n de cabo primero, \u00e1guila en bevo\u00a0(gris sobre fondo feldgrau)\u00a0y\u00a0parches de cuello\u00a0tejidos con hilo de algod\u00f3n gris cosidos a una base de color verde esmeralda oscuro, hombreras de quita y pon de\u00a0tropa reglamentarias. En el forro, en el interior tiene sello del deposito de <span style=\"color: #ff0000\">Hanover<\/span> junto a los tama\u00f1os de la guerrera, es de talla de pecho <span style=\"color: #ff0000\">92.<\/span><\/span><\/span><\/span><\/p>\n<p>&nbsp;<\/p>\n","protected":false},"featured_media":3374,"template":"","meta":[],"product_brand":[],"product_cat":[224],"product_tag":[],"class_list":{"0":"post-3373","1":"product","2":"type-product","3":"status-publish","4":"has-post-thumbnail","6":"product_cat-archivo-vendidos","7":"sales-flash-overlay","8":"woocommerce-text-align-center","9":"woocommerce-image-align-center","10":"do-quantity-buttons","12":"first","13":"outofstock","14":"purchasable","15":"product-type-simple"},"_links":{"self":[{"href":"https:\/\/original-militaria.com\/en\/wp-json\/wp\/v2\/product\/3373","targetHints":{"allow":["GET"]}}],"collection":[{"href":"https:\/\/original-militaria.com\/en\/wp-json\/wp\/v2\/product"}],"about":[{"href":"https:\/\/original-militaria.com\/en\/wp-json\/wp\/v2\/types\/product"}],"wp:featuredmedia":[{"embeddable":true,"href":"https:\/\/original-militaria.com\/en\/wp-json\/wp\/v2\/media\/3374"}],"wp:attachment":[{"href":"https:\/\/original-militaria.com\/en\/wp-json\/wp\/v2\/media?parent=3373"}],"wp:term":[{"taxonomy":"product_brand","embeddable":true,"href":"https:\/\/original-militaria.com\/en\/wp-json\/wp\/v2\/product_brand?post=3373"},{"taxonomy":"product_cat","embeddable":true,"href":"https:\/\/original-militaria.com\/en\/wp-json\/wp\/v2\/product_cat?post=3373"},{"taxonomy":"product_tag","embeddable":true,"href":"https:\/\/original-militaria.com\/en\/wp-json\/wp\/v2\/product_tag?post=3373"}],"curies":[{"name":"wp","href":"https:\/\/api.w.org\/{rel}","templated":true}]}}