{"id":3371,"date":"2017-09-05T11:21:35","date_gmt":"2017-09-05T11:21:35","guid":{"rendered":"https:\/\/original-militaria.com\/?post_type=product&#038;p=3371"},"modified":"2022-01-31T19:03:02","modified_gmt":"2022-01-31T18:03:02","slug":"guerrera-m43-de-tropa-de-infanteria","status":"publish","type":"product","link":"https:\/\/original-militaria.com\/en\/producto\/guerrera-m43-de-tropa-de-infanteria\/","title":{"rendered":"Wehrmacht\/ Infantry Grenadier M43 Field Blouse&#8211;WH\/ Guerrera-Uniforme M43 de Tropa de Infanter\u00eda"},"content":{"rendered":"<p align=\"justify\"><span style=\"font-family: Verdana\"><span style=\"font-size: medium\"><strong>ANTECEDENTES:<\/strong> En la primavera de 1933 el Ej\u00e9rcito alem\u00e1n decidi\u00f3 sustituir la antigua guerreras en uso (rock) por un nuevo modelo al que se denomin\u00f3 oficialmente Feldbluse o guerrera de campa\u00f1a. Esta guerrera elaborada en pa\u00f1o Feldgrau ten\u00eda el cuello color feldgrau oscuro, 5 botones y 4 bolsillos tipo parche con tapa apuntada y fuelles, ten\u00eda una abertura con botones en la parte posterior de los pu\u00f1os, el forro de algod\u00f3n gris amarronado. En septiembre de 1935 esta prenda sufri\u00f3 una primera modificaci\u00f3n al sustituirse el color del cuelo por el verde esmeralda oscuro. En diciembre de 1936 se suprimieron los cordones de la cintura y el forro que en la M33\/36 solo cubr\u00eda los hombros y la parte del pecho pasa a cubrir tambi\u00e9n parte de la espalda. En la primavera de 1940 el cuello comenz\u00f3 a confeccionarse con el mismo pa\u00f1o que el resto de la prenda; al a\u00f1o siguiente se aument\u00f3 el n\u00famero de botones hasta seis, se modific\u00f3 el dise\u00f1o de los bolsillos inferiores, y los tirantes desmontables se sustituyeron por cuatro leng\u00fcetas cosidas directamente a la guerrera. Durante el oto\u00f1o de 1942 desaparecieron los fuelles de los bolsillos; por \u00faltimo, en 1943 comenzaron a fabricarse los bolsillos con tapa recta, ya que hasta ese momento la parte inferior de las tapas ten\u00eda tres picos m\u00e1s menos pronunciados.\u00a0Los oficiales y suboficiales eran responsables de la compra de sus propios uniformes y, en consecuencia, se le asign\u00f3 una prestaci\u00f3n como ayuda para la compra de ropa a trav\u00e9s del ej\u00e9rcito Kleiderkasse. Algunos optaron por comprar sus uniformes de vestir en el sector privado, ya que as\u00ed eran de mayor calidad. Aunque a todo todos los soldados, suboficiales y oficiales alistaros sus uniformes se los suministro el Gobierno tambi\u00e9n se les permiti\u00f3 comprar los uniformes de confecci\u00f3n privada, aunque el precio pod\u00eda llegar a ser muy alto. <\/span><\/span><\/p>\n<p align=\"justify\"><span style=\"font-family: Verdana\"><span style=\"font-size: medium\"><strong>DESCRIPCION:<\/strong> Guerrera de combate\u00a0M43 de tropa (feldbluse M43 for Granadier) de infanter\u00eda en pa\u00f1o feldgrau de final de guerra, posiblemente de confecci\u00f3n Checa, en el frontal tiene se\u00eds botones pintados y marcados, tiene cuatro bolsillos con tapa recta sin fuelles, las\u00a0hombreras de tropa son de quita y pon (Sch\u00fctze, Oberrsch\u00fctze), en la parte trasera se observan dos pinazas grandes, lo cual indica que fue ajustada, y que se puede hacer m\u00e1s grande. En el\u00a0interior tiene forro color garbanzo. Lleva cinta\u00a0de la medalla del frente del Este (Osten). Guerrera rara por ser de soldado (granadier) de infanter\u00eda. Sin agujeros de polilla ni roturas. Talla aproximada una 50 espa\u00f1ola.<br \/>\n<\/span><\/span><\/p>\n","protected":false},"excerpt":{"rendered":"<p align=\"justify\"><span style=\"font-family: Verdana\"><span style=\"font-size: medium\"><strong>ANTECEDENTES:<\/strong> En la primavera de 1933 el Ej\u00e9rcito alem\u00e1n decidi\u00f3 sustituir la antigua guerreras en uso (rock) por un nuevo modelo al que se denomin\u00f3 oficialmente Feldbluse o guerrera de campa\u00f1a. Esta guerrera elaborada en pa\u00f1o Feldgrau ten\u00eda el cuello color feldgrau oscuro, 5 botones y 4 bolsillos tipo parche con tapa apuntada y fuelles, ten\u00eda una abertura con botones en la parte posterior de los pu\u00f1os, el forro de algod\u00f3n gris amarronado. En septiembre de 1935 esta prenda sufri\u00f3 una primera modificaci\u00f3n al sustituirse el color del cuelo por el verde esmeralda oscuro. En diciembre de 1936 se suprimieron los cordones de la cintura y el forro que en la M33\/36 solo cubr\u00eda los hombros y la parte del pecho pasa a cubrir tambi\u00e9n parte de la espalda. En la primavera de 1940 el cuello comenz\u00f3 a confeccionarse con el mismo pa\u00f1o que el resto de la prenda; al a\u00f1o siguiente se aument\u00f3 el n\u00famero de botones hasta seis, se modific\u00f3 el dise\u00f1o de los bolsillos inferiores, y los tirantes desmontables se sustituyeron por cuatro leng\u00fcetas cosidas directamente a la guerrera. Durante el oto\u00f1o de 1942 desaparecieron los fuelles de los bolsillos; por \u00faltimo, en 1943 comenzaron a fabricarse los bolsillos con tapa recta, ya que hasta ese momento la parte inferior de las tapas ten\u00eda tres picos m\u00e1s menos pronunciados.\u00a0Los oficiales y suboficiales eran responsables de la compra de sus propios uniformes y, en consecuencia, se le asign\u00f3 una prestaci\u00f3n como ayuda para la compra de ropa a trav\u00e9s del ej\u00e9rcito Kleiderkasse. Algunos optaron por comprar sus uniformes de vestir en el sector privado, ya que as\u00ed eran de mayor calidad. Aunque a todo todos los soldados, suboficiales y oficiales alistaros sus uniformes se los suministro el Gobierno tambi\u00e9n se les permiti\u00f3 comprar los uniformes de confecci\u00f3n privada, aunque el precio pod\u00eda llegar a ser muy alto. <\/span><\/span><\/p>\n<p align=\"justify\"><span style=\"font-family: Verdana\"><span style=\"font-size: medium\"><strong>DESCRIPCION:<\/strong> Guerrera de combate\u00a0M43 de tropa (feldbluse M43 for Granadier) de infanter\u00eda en pa\u00f1o feldgrau de final de guerra, posiblemente de confecci\u00f3n Checa, en el frontal tiene se\u00eds botones pintados y marcados, tiene cuatro bolsillos con tapa recta sin fuelles, las\u00a0hombreras de tropa son de quita y pon (Sch\u00fctze, Oberrsch\u00fctze), en la parte trasera se observan dos pinazas grandes, lo cual indica que fue ajustada, y que se puede hacer m\u00e1s grande. En el\u00a0interior tiene forro color garbanzo. Lleva cinta\u00a0de la medalla del frente del Este (Osten). Guerrera rara por ser de soldado (granadier) de infanter\u00eda. Sin agujeros de polilla ni roturas. Talla aproximada una 50 espa\u00f1ola.<br \/>\n<\/span><\/span><\/p>\n","protected":false},"featured_media":3372,"template":"","meta":[],"product_brand":[],"product_cat":[224],"product_tag":[],"class_list":{"0":"post-3371","1":"product","2":"type-product","3":"status-publish","4":"has-post-thumbnail","6":"product_cat-archivo-vendidos","7":"sales-flash-overlay","8":"woocommerce-text-align-center","9":"woocommerce-image-align-center","10":"do-quantity-buttons","12":"first","13":"outofstock","14":"purchasable","15":"product-type-simple"},"_links":{"self":[{"href":"https:\/\/original-militaria.com\/en\/wp-json\/wp\/v2\/product\/3371","targetHints":{"allow":["GET"]}}],"collection":[{"href":"https:\/\/original-militaria.com\/en\/wp-json\/wp\/v2\/product"}],"about":[{"href":"https:\/\/original-militaria.com\/en\/wp-json\/wp\/v2\/types\/product"}],"wp:featuredmedia":[{"embeddable":true,"href":"https:\/\/original-militaria.com\/en\/wp-json\/wp\/v2\/media\/3372"}],"wp:attachment":[{"href":"https:\/\/original-militaria.com\/en\/wp-json\/wp\/v2\/media?parent=3371"}],"wp:term":[{"taxonomy":"product_brand","embeddable":true,"href":"https:\/\/original-militaria.com\/en\/wp-json\/wp\/v2\/product_brand?post=3371"},{"taxonomy":"product_cat","embeddable":true,"href":"https:\/\/original-militaria.com\/en\/wp-json\/wp\/v2\/product_cat?post=3371"},{"taxonomy":"product_tag","embeddable":true,"href":"https:\/\/original-militaria.com\/en\/wp-json\/wp\/v2\/product_tag?post=3371"}],"curies":[{"name":"wp","href":"https:\/\/api.w.org\/{rel}","templated":true}]}}