{"id":3326,"date":"2017-09-05T11:21:22","date_gmt":"2017-09-05T11:21:22","guid":{"rendered":"https:\/\/original-militaria.com\/?post_type=product&#038;p=3326"},"modified":"2022-06-26T19:11:47","modified_gmt":"2022-06-26T17:11:47","slug":"lc-concesion-y-medalla-de-la-campana","status":"publish","type":"product","link":"https:\/\/original-militaria.com\/en\/producto\/lc-concesion-y-medalla-de-la-campana\/","title":{"rendered":"Award Document &amp; Campaign Medal Civil War 1936-1939 for Condor Legion&#8212; LC\/ Concesi\u00f3n y Medalla de la Campa\u00f1a 1936-39"},"content":{"rendered":"<p align=\"justify\"><span style=\"font-size: medium;\"><span style=\"font-family: Verdana;\">Medalla y Diploma de la concesi\u00f3n de la &#8220;Medalla de la Campa\u00f1a&#8221; a un sargento de la &#8220;LC&#8221; (Legi\u00f3n C\u00f3ndor) por m\u00e9ritos de guerra, concedida en Burgos el d\u00eda 4 de mayo de 1939, pocos d\u00edas despu\u00e9s del final de la contienda, a\u00f1o de la victoria. Con firma original del <strong>General Fidel D\u00e1vila<\/strong>. mide 20 cm de ancho por 38,50 cm de alto. Viene con su respectiva &#8220;Medalla de la Campa\u00f1a&#8221; para servicios de vanguardia, otorgara como distinci\u00f3n en la Guerra Civil de 1936-1939 a todos los combatientes y no combatientes del bando nacional, tanto espa\u00f1oles como extranjeros. Es de <strong>primera \u00e9poca<\/strong>, <strong>no modelo Ega\u00f1a <\/strong>(Ver la diferencia en la foto que ponemos para diferenciar modelos) esta variante <strong>&#8220;con pi\u00f1a&#8221;<\/strong> o <strong>&#8220;antorcha&#8221;<\/strong> que sale en la orla debajo de la anilla, es de las entregadas\u00a0 a la Legi\u00f3n C\u00f3ndor. <\/span><\/span><\/p>\n<p align=\"justify\"><span style=\"font-size: medium;\"><span style=\"font-family: Verdana;\">Estas medallas de primera \u00e9poca, bastante raras por cierto, llevan una pi\u00f1a (s\u00edmbolo romano de la fortuna) en la parte inferior de la anilla. La medalla presenta en el anverso, en negro mate, un le\u00f3n matando a un drag\u00f3n, que representa al comunismo, con el sol radiante de fondo y la leyenda \u201c17 JVLIO 1936\u201d. Al fondo y en oro, las cuatro espadas de la Cruz Laureada de San Fernando, cuyos mismos laureles forman el contorno. En el reverso tiene la figura de un \u00e1guila en oro, la cual sujeta entre sus garras el escudo de los Reyes Cat\u00f3licos en negro mate. Junto al escudo, y tambi\u00e9n en negro, un casco y un haz de cinco flechas. Como borde tiene una corona circular con dos tramos, uno en negro mate, en el que figura la leyenda \u201cARRIBA ESPA\u00d1A\u201d, y otro en oro, con las leyendas \u201cGENERAL\u00cdSIMO FRANCO V\u00cdCTOR\u201d (en siglas y anagrama) y \u201cUNA GRANDE LIBRE IMPERIAL M. HISP. GLOR.\u201d.<\/span><\/span><\/p>\n<p align=\"justify\"><span style=\"font-size: medium;\"><span style=\"font-family: Verdana;\"><strong>Nota.-<\/strong> El diploma por la decoloraci\u00f3n de los bordes, y por los restos del reverso, se nota que estuvo puesto en un marco.<br \/>\n<\/span><\/span><\/p>\n","protected":false},"excerpt":{"rendered":"<p align=\"justify\"><span style=\"font-size: medium;\"><span style=\"font-family: Verdana;\"><strong>DESCRIPCION:<\/strong> Medalla y Diploma de la concesi\u00f3n de la <span style=\"color: #ff0000;\">&#8220;Medalla de la Campa\u00f1a&#8221;<\/span> a un sargento de la <span style=\"color: #ff0000;\">&#8220;LC&#8221;<\/span> (Legi\u00f3n C\u00f3ndor) por m\u00e9ritos de guerra, concedida en Burgos el d\u00eda 4 de mayo de 1939, pocos d\u00edas despu\u00e9s del final de la contienda, a\u00f1o de la victoria. Con firma original del General <span style=\"color: #ff0000;\">Fidel D\u00e1vila<\/span>. mide 20 cm de ancho por 38,50 cm de alto. Viene con su respectiva <span style=\"color: #ff0000;\">&#8220;Medalla de la Campa\u00f1a&#8221;<\/span> para servicios de vanguardia, otorgara como distinci\u00f3n en la Guerra Civil de 1936-1939, a todos los combatientes y no combatientes del bando nacional, tanto espa\u00f1oles como extranjeros. Est\u00e1 es de <span style=\"color: #ff0000;\">primera \u00e9poca, no modelo Ega\u00f1a<\/span> (Ver la diferencia en la foto que ponemos para diferenciar modelos). <\/span><\/span><\/p>\n<p align=\"justify\"><span style=\"font-size: medium;\"><span style=\"font-family: Verdana;\">Estas medallas de primera \u00e9poca, bastante raras por cierto, llevan <span style=\"color: #ff0000;\">una pi\u00f1a<\/span> (s\u00edmbolo romano de la fortuna) en la parte inferior de la anilla. La medalla presenta en el anverso, en negro mate, un le\u00f3n matando a un drag\u00f3n, que representa al comunismo, con el sol radiante de fondo y la leyenda <span style=\"color: #ff0000;\">\u201c17 JVLIO 1936\u201d<\/span>. Al fondo y en oro, las cuatro espadas de la Cruz Laureada de San Fernando, cuyos mismos laureles forman el contorno. En el reverso tiene la figura de un \u00e1guila en oro, la cual sujeta entre sus garras el escudo de los Reyes Cat\u00f3licos en negro mate. Junto al escudo, y tambi\u00e9n en negro, un casco y un haz de cinco flechas. Como borde tiene una corona circular con dos tramos, uno en negro mate, en el que figura la leyenda <span style=\"color: #ff0000;\">\u201cARRIBA ESPA\u00d1A\u201d<\/span>, y otro en oro, con las leyendas<span style=\"color: #ff0000;\"> \u201cGENERAL\u00cdSIMO FRANCO V\u00cdCTOR\u201d <\/span>(en siglas y anagrama) y <span style=\"color: #ff0000;\">\u201cUNA GRANDE LIBRE IMPERIAL M. HISP. GLOR.\u201d<\/span>.<\/span><\/span><\/p>\n<p align=\"justify\"><span style=\"font-size: medium;\"><span style=\"font-family: Verdana;\"><strong>Nota.-<\/strong> El diploma por la decoloraci\u00f3n de los bordes, y por los restos del reverso, se nota que estuvo puesto en un marco.<br \/>\n<\/span><\/span><\/p>\n","protected":false},"featured_media":3327,"template":"","meta":[],"product_brand":[],"product_cat":[173,224],"product_tag":[],"class_list":{"0":"post-3326","1":"product","2":"type-product","3":"status-publish","4":"has-post-thumbnail","6":"product_cat-militaria-espanola","7":"product_cat-archivo-vendidos","8":"sales-flash-overlay","9":"woocommerce-text-align-center","10":"woocommerce-image-align-center","11":"do-quantity-buttons","13":"first","14":"outofstock","15":"product-type-simple"},"_links":{"self":[{"href":"https:\/\/original-militaria.com\/en\/wp-json\/wp\/v2\/product\/3326","targetHints":{"allow":["GET"]}}],"collection":[{"href":"https:\/\/original-militaria.com\/en\/wp-json\/wp\/v2\/product"}],"about":[{"href":"https:\/\/original-militaria.com\/en\/wp-json\/wp\/v2\/types\/product"}],"wp:featuredmedia":[{"embeddable":true,"href":"https:\/\/original-militaria.com\/en\/wp-json\/wp\/v2\/media\/3327"}],"wp:attachment":[{"href":"https:\/\/original-militaria.com\/en\/wp-json\/wp\/v2\/media?parent=3326"}],"wp:term":[{"taxonomy":"product_brand","embeddable":true,"href":"https:\/\/original-militaria.com\/en\/wp-json\/wp\/v2\/product_brand?post=3326"},{"taxonomy":"product_cat","embeddable":true,"href":"https:\/\/original-militaria.com\/en\/wp-json\/wp\/v2\/product_cat?post=3326"},{"taxonomy":"product_tag","embeddable":true,"href":"https:\/\/original-militaria.com\/en\/wp-json\/wp\/v2\/product_tag?post=3326"}],"curies":[{"name":"wp","href":"https:\/\/api.w.org\/{rel}","templated":true}]}}