{"id":3324,"date":"2017-09-05T11:21:21","date_gmt":"2017-09-05T11:21:21","guid":{"rendered":"https:\/\/original-militaria.com\/?post_type=product&#038;p=3324"},"modified":"2022-01-31T19:03:02","modified_gmt":"2022-01-31T18:03:02","slug":"feldbluse-de-brigada-de-artilleria","status":"publish","type":"product","link":"https:\/\/original-militaria.com\/en\/producto\/feldbluse-de-brigada-de-artilleria\/","title":{"rendered":"Wehrmacht\/ Oberfeldwebel Artillery M36 Field Blouse&#8211; WH\/ Guerrera-uniforme M36 de Brigada de Artiller\u00eda."},"content":{"rendered":"<p align=\"justify\"><span style=\"font-family: verdana, geneva, sans-serif;font-size: 12pt\"><strong>ANTECEDENTES:<\/strong>\u00a0A las distintas ramas de servicio en los uniformes en el ej\u00e9rcito se le asigno un color para identificar el arma al que pertenec\u00edan (waffenfarbe), el color\u00a0rojo es elegido para todo el personal de\u00a0artiller\u00eda.\u00a0Los oficiales y suboficiales eran responsables de la compra de sus propios uniformes y, en consecuencia, se le asign\u00f3 una prestaci\u00f3n como ayuda para la compra de ropa a trav\u00e9s del ej\u00e9rcito Kleiderkasse.\u00a0Algunos optaron por comprar sus uniformes de vestir en el sector privado, ya que as\u00ed eran de mayor calidad. Aunque a todo todos los soldados, suboficiales y oficiales alistaros sus uniformes se los suministro\u00a0el Gobierno tambi\u00e9n se les permiti\u00f3 comprar los uniformes de confecci\u00f3n\u00a0privada, aunque el precio pod\u00eda llegar a ser muy alto. <\/span><\/p>\n<p align=\"justify\"><span style=\"font-family: verdana, geneva, sans-serif;font-size: 12pt\"><strong>DESCRIPCION:<\/strong> Guerrera de combate de dotaci\u00f3n (Feldbluse)\u00a0M36 para un brigada (oberfeldwebel) de artiller\u00eda en\u00a0pa\u00f1o feldgrau. Distintivos reglamentarios cosidos de origen, hombreras apuntadas utilizadas con este tipo de guerrera, el fondo es color verde esmeralda, carece de Waffenfarbe, el gal\u00f3n est\u00e1 realizado en hilo de aluminio, \u00e1guila en hilo blanco para todas las clases de tropa, lleva forro de dotaci\u00f3n color garbanzo, bot\u00f3n para cord\u00f3n de tirador distinguido y lazos para diversas condecoraciones y para pasador de diario, tambi\u00e9n lleva cinta para Cruz de Hierro de 2\u00aa clase. Pieza muy interesante en perfecto estado, sin rastros de polilla. Talla grande. Complementos no incluidos.<\/span><\/p>\n<p align=\"justify\">\n","protected":false},"excerpt":{"rendered":"<p align=\"justify\"><span style=\"font-family: Verdana\"><span style=\"font-family: Verdana;font-size: 9pt\"><strong>ANTECEDENTES:<\/strong>\u00a0A las distintas ramas de servicio en los uniformes en el ej\u00e9rcito se le asigno un color para identificar el arma al que pertenec\u00edan (waffenfarbe), el color\u00a0rojo es elegido para todo el personal de\u00a0artiller\u00eda.\u00a0Los oficiales y suboficiales eran responsables de la compra de sus propios uniformes y, en consecuencia, se le asign\u00f3 una prestaci\u00f3n como ayuda para la compra de ropa a trav\u00e9s del ej\u00e9rcito Kleiderkasse.\u00a0Algunos optaron por comprar sus uniformes de vestir en el sector privado, ya que as\u00ed eran de mayor calidad. Aunque a todo todos los soldados, suboficiales y oficiales alistaros sus uniformes se los suministro\u00a0el Gobierno tambi\u00e9n se les permiti\u00f3 comprar los uniformes de confecci\u00f3n\u00a0privada, aunque el precio pod\u00eda llegar a ser muy alto. <\/span><\/span><\/p>\n<p align=\"justify\"><span style=\"font-family: Verdana\"><strong><span style=\"font-family: Verdana;font-size: 9pt\">DESCRIPCION:<\/span><\/strong><span style=\"font-family: Verdana;font-size: 9pt\"> Guerrera de combate de dotaci\u00f3n (Feldbluse)\u00a0M36 para un brigada (oberfeldwebel) de artiller\u00eda en\u00a0pa\u00f1o feldgrau. Distintivos reglamentarios cosidos de origen, hombreras apuntadas utilizadas con este tipo de guerrera, el fondo es color verde esmeralda, carece de Waffenfarbe, el gal\u00f3n est\u00e1 realizado en hilo de aluminio, \u00e1guila en hilo blanco para todas las clases de tropa, lleva forro de dotaci\u00f3n color garbanzo, bot\u00f3n para cord\u00f3n de tirador distinguido y lazos para diversas condecoraciones y para pasador de diario, tambi\u00e9n lleva cinta para Cruz de Hierro de 2\u00aa clase. Pieza muy interesante en perfecto estado, sin rastros de polilla. Talla grande. Complementos no incluidos.<\/span><\/span><\/p>\n<p align=\"justify\">\n","protected":false},"featured_media":3325,"template":"","meta":[],"product_brand":[],"product_cat":[224],"product_tag":[],"class_list":{"0":"post-3324","1":"product","2":"type-product","3":"status-publish","4":"has-post-thumbnail","6":"product_cat-archivo-vendidos","7":"sales-flash-overlay","8":"woocommerce-text-align-center","9":"woocommerce-image-align-center","10":"do-quantity-buttons","12":"first","13":"outofstock","14":"purchasable","15":"product-type-simple"},"_links":{"self":[{"href":"https:\/\/original-militaria.com\/en\/wp-json\/wp\/v2\/product\/3324","targetHints":{"allow":["GET"]}}],"collection":[{"href":"https:\/\/original-militaria.com\/en\/wp-json\/wp\/v2\/product"}],"about":[{"href":"https:\/\/original-militaria.com\/en\/wp-json\/wp\/v2\/types\/product"}],"wp:featuredmedia":[{"embeddable":true,"href":"https:\/\/original-militaria.com\/en\/wp-json\/wp\/v2\/media\/3325"}],"wp:attachment":[{"href":"https:\/\/original-militaria.com\/en\/wp-json\/wp\/v2\/media?parent=3324"}],"wp:term":[{"taxonomy":"product_brand","embeddable":true,"href":"https:\/\/original-militaria.com\/en\/wp-json\/wp\/v2\/product_brand?post=3324"},{"taxonomy":"product_cat","embeddable":true,"href":"https:\/\/original-militaria.com\/en\/wp-json\/wp\/v2\/product_cat?post=3324"},{"taxonomy":"product_tag","embeddable":true,"href":"https:\/\/original-militaria.com\/en\/wp-json\/wp\/v2\/product_tag?post=3324"}],"curies":[{"name":"wp","href":"https:\/\/api.w.org\/{rel}","templated":true}]}}