{"id":3308,"date":"2017-09-05T11:21:15","date_gmt":"2017-09-05T11:21:15","guid":{"rendered":"https:\/\/original-militaria.com\/?post_type=product&#038;p=3308"},"modified":"2022-01-31T19:03:02","modified_gmt":"2022-01-31T18:03:02","slug":"prusia-hannover-waffenrock-de-wachtmeisters-del-10btl-de-trenes","status":"publish","type":"product","link":"https:\/\/original-militaria.com\/en\/producto\/prusia-hannover-waffenrock-de-wachtmeisters-del-10btl-de-trenes\/","title":{"rendered":"Prussia\/ uniform&#8211;  Prusia\/ Hannover, Guerrera-uniforme de Wachtmeisters del 10btl de Trenes"},"content":{"rendered":"<p align=\"justify\"><span style=\"font-size: medium\"><span style=\"font-family: Verdana\">Waffenrock de confecci\u00f3n privada de gran calidad para un Wachtmeisters (T\u00e9cnico de Abastecimiento) del d\u00e9cimo batall\u00f3n del primer regimiento de abastecimiento de trenes de Hannover, la guerrera de color azul mantiene sus colores muy vivos, tiene en el frontal ocho botones de lat\u00f3n pulido, las hombreras bordadas con el n\u00famero del batall\u00f3n &#8220;10&#8221;, batall\u00f3n de trenes, y en los botones con el n\u00famero del regimiento\u00a0&#8220;1&#8221;, los botones del cuello gravados con el \u00e1guila Imperial, el cuello y los pu\u00f1os de color dorado, son de gran dureza, con gal\u00f3n de suboficial, en la falda trasera se\u00eds botones, m\u00ednimo desgaste y colores muy vivos. El interior de seda sintetica color negro, tiene dos bolsillos en la falda. <\/span><\/span><\/p>\n","protected":false},"excerpt":{"rendered":"<p align=\"justify\"><span style=\"font-size: medium\"><span style=\"font-family: Verdana\"><strong>DESCRIPCION:<\/strong> Waffenrock de confecci\u00f3n privada de gran calidad para un <span style=\"color: #ff0000\">Wachtmeisters<\/span> (T\u00e9cnico de Abastecimiento) del d\u00e9cimo batall\u00f3n del primer regimiento de abastecimiento de trenes de <span style=\"color: #ff0000\">Hannover<\/span>, la guerrera de color azul mantiene sus colores muy vivos, tiene en el frontal ocho botones de lat\u00f3n pulido, las hombreras bordadas con el n\u00famero del batall\u00f3n <span style=\"color: #ff0000\">&#8220;10&#8221;,<\/span> batall\u00f3n de trenes, y en los botones con el n\u00famero del regimiento\u00a0<span style=\"color: #ff0000\">&#8220;1&#8221;<\/span>, los botones del cuello gravados con el \u00e1guila Imperial, el cuello y los pu\u00f1os de color dorado, son de gran dureza, con gal\u00f3n de suboficial, en la falda trasera se\u00eds botones, m\u00ednimo desgaste y colores muy vivos. El interior de seda sintetica color negro, tiene dos bolsillos en la falda. <\/span><\/span><\/p>\n","protected":false},"featured_media":3309,"template":"","meta":[],"product_brand":[],"product_cat":[224],"product_tag":[],"class_list":{"0":"post-3308","1":"product","2":"type-product","3":"status-publish","4":"has-post-thumbnail","6":"product_cat-archivo-vendidos","7":"sales-flash-overlay","8":"woocommerce-text-align-center","9":"woocommerce-image-align-center","10":"do-quantity-buttons","12":"first","13":"outofstock","14":"purchasable","15":"product-type-simple"},"_links":{"self":[{"href":"https:\/\/original-militaria.com\/en\/wp-json\/wp\/v2\/product\/3308","targetHints":{"allow":["GET"]}}],"collection":[{"href":"https:\/\/original-militaria.com\/en\/wp-json\/wp\/v2\/product"}],"about":[{"href":"https:\/\/original-militaria.com\/en\/wp-json\/wp\/v2\/types\/product"}],"wp:featuredmedia":[{"embeddable":true,"href":"https:\/\/original-militaria.com\/en\/wp-json\/wp\/v2\/media\/3309"}],"wp:attachment":[{"href":"https:\/\/original-militaria.com\/en\/wp-json\/wp\/v2\/media?parent=3308"}],"wp:term":[{"taxonomy":"product_brand","embeddable":true,"href":"https:\/\/original-militaria.com\/en\/wp-json\/wp\/v2\/product_brand?post=3308"},{"taxonomy":"product_cat","embeddable":true,"href":"https:\/\/original-militaria.com\/en\/wp-json\/wp\/v2\/product_cat?post=3308"},{"taxonomy":"product_tag","embeddable":true,"href":"https:\/\/original-militaria.com\/en\/wp-json\/wp\/v2\/product_tag?post=3308"}],"curies":[{"name":"wp","href":"https:\/\/api.w.org\/{rel}","templated":true}]}}