{"id":3304,"date":"2017-09-05T11:21:15","date_gmt":"2017-09-05T11:21:15","guid":{"rendered":"https:\/\/original-militaria.com\/?post_type=product&#038;p=3304"},"modified":"2022-01-31T19:03:01","modified_gmt":"2022-01-31T18:03:01","slug":"hj-brazalete-con-rzm","status":"publish","type":"product","link":"https:\/\/original-militaria.com\/en\/producto\/hj-brazalete-con-rzm\/","title":{"rendered":"Hitler Youth Armband with RZM&#8212;HJ\/ Brazalete con &#8220;RZM&#8221;"},"content":{"rendered":"<p style=\"text-align: justify\"><span style=\"font-size: 12pt;font-family: verdana, geneva, sans-serif\">Brazalete de las HJ (\u00c4rmelbinde) de primera \u00e9poca sin estrenar,\u00a0en perfecto\u00a0estado, con su etiqueta &#8220;RZM&#8221; en el interior, es multipieza,\u00a0de tela de algod\u00f3n, con una banda blanca central horizontal, con el emblema de las HJ\u00a0en el centro, un diamante con una esv\u00e1stica negra superpuesta al diamante, todo ello cosido a m\u00e1quina. Mide 21 cm de largo (42 cm extendido) por 10,50 cm de ancho.<\/span><\/p>\n","protected":false},"excerpt":{"rendered":"<p align=\"justify\"><span style=\"font-family: Verdana\"><strong>ANTECEDENTES:<\/strong> Los or\u00edgenes de las Hitler Jugend (Juventudes Hitlerianas, HJ), se remontan a marzo de 1922 con la formaci\u00f3n del Jugendbund der NSDAP, el Partido Nacional Socialista Alem\u00e1n de los Trabajadores, bajo el control de la SA, Sturmabteilung, (Destacamentos de asalto). En abril de 1924 la Jugendbund del NSDAP fue rebautizado Grossdeutsche Jugendbewegung y el 4 de julio 1926 el Grossdeutsche Jugendbewegung fue rebautizado oficialmente Hitler Jugend Bund der deutschen Arbeiterjugend. Aunque las organizaciones juveniles alemanas hab\u00eda, usado brazaletes desde 1923, no fue hasta 1933 que los reglamentos decretaron la pauta oficial del modelo de brazalete para el uso de todos los miembros de las HJ. El brazalete se lleva en la parte superior izquierda de la manga de los uniformes que vest\u00edan los miembros de la organizaci\u00f3n. <\/span><\/p>\n<p><strong>DESCRIPCION:<\/strong> Brazalete de las HJ (\u00c4rmelbinde) de primera \u00e9poca <span style=\"color: #ff0000\">sin estrenar<\/span>,\u00a0en perfecto\u00a0estado, con su etiqueta <span style=\"color: #ff0000\">&#8220;RZM&#8221;<\/span> en el interior, es multipieza,\u00a0de tela de algod\u00f3n, con una banda blanca central horizontal, con el emblema de las HJ\u00a0en el centro, un diamante con una esv\u00e1stica negra superpuesta al diamante, todo ello cosido a m\u00e1quina. Mide 21 cm de largo (42 cm extendido) por 10,50 cm de ancho.<\/p>\n","protected":false},"featured_media":3305,"template":"","meta":[],"product_brand":[],"product_cat":[224],"product_tag":[],"class_list":{"0":"post-3304","1":"product","2":"type-product","3":"status-publish","4":"has-post-thumbnail","6":"product_cat-archivo-vendidos","7":"sales-flash-overlay","8":"woocommerce-text-align-center","9":"woocommerce-image-align-center","10":"do-quantity-buttons","12":"first","13":"outofstock","14":"purchasable","15":"product-type-simple"},"_links":{"self":[{"href":"https:\/\/original-militaria.com\/en\/wp-json\/wp\/v2\/product\/3304","targetHints":{"allow":["GET"]}}],"collection":[{"href":"https:\/\/original-militaria.com\/en\/wp-json\/wp\/v2\/product"}],"about":[{"href":"https:\/\/original-militaria.com\/en\/wp-json\/wp\/v2\/types\/product"}],"wp:featuredmedia":[{"embeddable":true,"href":"https:\/\/original-militaria.com\/en\/wp-json\/wp\/v2\/media\/3305"}],"wp:attachment":[{"href":"https:\/\/original-militaria.com\/en\/wp-json\/wp\/v2\/media?parent=3304"}],"wp:term":[{"taxonomy":"product_brand","embeddable":true,"href":"https:\/\/original-militaria.com\/en\/wp-json\/wp\/v2\/product_brand?post=3304"},{"taxonomy":"product_cat","embeddable":true,"href":"https:\/\/original-militaria.com\/en\/wp-json\/wp\/v2\/product_cat?post=3304"},{"taxonomy":"product_tag","embeddable":true,"href":"https:\/\/original-militaria.com\/en\/wp-json\/wp\/v2\/product_tag?post=3304"}],"curies":[{"name":"wp","href":"https:\/\/api.w.org\/{rel}","templated":true}]}}