{"id":3300,"date":"2017-09-05T11:21:14","date_gmt":"2017-09-05T11:21:14","guid":{"rendered":"https:\/\/original-militaria.com\/?post_type=product&#038;p=3300"},"modified":"2022-01-31T19:03:01","modified_gmt":"2022-01-31T18:03:01","slug":"guerrera-m36-de-sargento-mayor-del-60-regimiento-de-artilleria","status":"publish","type":"product","link":"https:\/\/original-militaria.com\/en\/producto\/guerrera-m36-de-sargento-mayor-del-60-regimiento-de-artilleria\/","title":{"rendered":"Wehrmacht\/ M36 Infantry Oberfeldwebel Combat Field Blouse  &#8211;WH\/ Guerrera-Uniforme M36 de Sargento Mayor del 60 Regimiento de Artiller\u00eda"},"content":{"rendered":"<p align=\"justify\"><span style=\"font-size: 12pt;font-family: verdana, geneva, sans-serif\"><strong>ANTECEDENTES:<\/strong>\u00a0En la primavera de 1933 el Ej\u00e9rcito alem\u00e1n decidi\u00f3 sustituir la antigua guerreras en uso (rock) por un nuevo modelo al que se denomin\u00f3 oficialmente Feldbluse o guerrera de campa\u00f1a. Esta guerrera elaborada en pa\u00f1o Feldgrau ten\u00eda el cuello color feldgrau oscuro, 5 botones y 4 bolsillos tipo parche con tapa apuntada y fuelles, ten\u00eda una abertura con botones en la parte posterior de los pu\u00f1os, el forro de algod\u00f3n gris amarronado. En septiembre de 1935 esta prenda sufri\u00f3 una primera modificaci\u00f3n al sustituirse el color del cuelo por el verde esmeralda oscuro. En diciembre de 1936 se suprimieron los cordones de la cintura y el forro que en la M33\/36 solo cubr\u00eda los hombros y la parte del pecho pasa a cubrir tambi\u00e9n parte de la espalda. En la primavera de 1940 el cuello comenz\u00f3 a confeccionarse con el mismo pa\u00f1o que el resto de la prenda; al a\u00f1o siguiente se aument\u00f3 el n\u00famero de botones hasta seis, se modific\u00f3 el dise\u00f1o de los bolsillos inferiores, y los tirantes desmontables se sustituyeron por cuatro leng\u00fcetas cosidas directamente a la guerrera. Durante el oto\u00f1o de 1942 desaparecieron los fuelles de los bolsillos; por \u00faltimo, en 1943 comenzaron a fabricarse los bolsillos con tapa recta, ya que hasta ese momento la parte inferior de las tapas ten\u00eda tres picos m\u00e1s menos pronunciados.<\/span><\/p>\n<p class=\"MsoNormal\" align=\"justify\"><span style=\"font-size: 12pt;font-family: verdana, geneva, sans-serif\"><strong>DESCRIPCION:<\/strong> Guerrera de\u00a0combate en\u00a0pa\u00f1o feldgrau\u00a0M36 (Feldbluse M36) para un Sargento Mayor (Oberfeldwebel) del 60 Regimiento del cuerpo de artiller\u00eda. Confeccionada con pa\u00f1o feldgrau. El cuello es color verde esmeralda oscuro. Tiene\u00a0cinco botones tintados y marcados en el frontal y cuatro bolsillos del tipo parche con tapa apuntada y fuelles. En los pu\u00f1os lleva una abertura abotonada. En la cintura se aprecian los agujeros para los ganchos del cintur\u00f3n, el forro es de algod\u00f3n gris amarronado, en el interior, a la izquierda tiene el bolsillo para guardar el paquete de primeros auxilios. Lleva emblema nacional (\u00e1guila) blanco sobre fondo verde esmeralda oscuro, las hombreras fijas con el n\u00famero del Regimiento\u00a0y\u00a0los \u00a0parches de cuello\u00a0(litzen) tejidos con hilo de algod\u00f3n gris cosidos a una base de color verde esmeralda oscuro est\u00e1n cosidas de origen, en el forro interior tiene la manufactura del fabricante, debajo de los tama\u00f1os de la guerrera, es de talla 96.<\/span><\/p>\n","protected":false},"excerpt":{"rendered":"<p align=\"justify\"><strong><span style=\"font-family: Verdana;font-size: 9pt\">ANTECEDENTES:<\/span><\/strong><span style=\"font-family: Verdana;font-size: 9pt\">\u00a0En la primavera de 1933 el Ej\u00e9rcito alem\u00e1n decidi\u00f3 sustituir la antigua guerreras en uso (rock) por un nuevo modelo al que se denomin\u00f3 oficialmente Feldbluse o guerrera de campa\u00f1a. Esta guerrera elaborada en pa\u00f1o Feldgrau ten\u00eda el cuello color feldgrau oscuro, 5 botones y 4 bolsillos tipo parche con tapa apuntada y fuelles, ten\u00eda una abertura con botones en la parte posterior de los pu\u00f1os, el forro de algod\u00f3n gris amarronado. En septiembre de 1935 esta prenda sufri\u00f3 una primera modificaci\u00f3n al sustituirse el color del cuelo por el verde esmeralda oscuro. En diciembre de 1936 se suprimieron los cordones de la cintura y el forro que en la M33\/36 solo cubr\u00eda los hombros y la parte del pecho pasa a cubrir tambi\u00e9n parte de la espalda. En la primavera de 1940 el cuello comenz\u00f3 a confeccionarse con el mismo pa\u00f1o que el resto de la prenda; al a\u00f1o siguiente se aument\u00f3 el n\u00famero de botones hasta seis, se modific\u00f3 el dise\u00f1o de los bolsillos inferiores, y los tirantes desmontables se sustituyeron por cuatro leng\u00fcetas cosidas directamente a la guerrera. Durante el oto\u00f1o de 1942 desaparecieron los fuelles de los bolsillos; por \u00faltimo, en 1943 comenzaron a fabricarse los bolsillos con tapa recta, ya que hasta ese momento la parte inferior de las tapas ten\u00eda tres picos m\u00e1s menos pronunciados.<\/span><\/p>\n<p class=\"MsoNormal\" align=\"justify\"><strong><span style=\"font-family: Verdana;font-size: 9pt\">DESCRIPCION:<\/span><\/strong><span style=\"font-family: Verdana;font-size: 9pt\"> Guerrera de\u00a0combate en\u00a0pa\u00f1o feldgrau\u00a0M36 (Feldbluse M36) para un Sargento Mayor (Oberfeldwebel) del 60 Regimiento del cuerpo de artiller\u00eda. Confeccionada con pa\u00f1o feldgrau. El cuello es color verde esmeralda oscuro. Tiene\u00a0cinco botones tintados y marcados en el frontal y cuatro bolsillos del tipo parche con tapa apuntada y fuelles. En los pu\u00f1os lleva una abertura abotonada. En la cintura se aprecian los agujeros para los ganchos del cintur\u00f3n, el forro es de algod\u00f3n gris amarronado, en el interior, a la izquierda tiene el bolsillo para guardar el paquete de primeros auxilios. Lleva emblema nacional (\u00e1guila) blanco sobre fondo verde esmeralda oscuro, las hombreras fijas con el n\u00famero del Regimiento\u00a0y\u00a0los \u00a0parches de cuello\u00a0(litzen) tejidos con hilo de algod\u00f3n gris cosidos a una base de color verde esmeralda oscuro est\u00e1n cosidas de origen, en el forro interior tiene la manufactura del fabricante, debajo de los tama\u00f1os de la guerrera, es de talla <span style=\"color: #ff0000\">96<\/span>.<\/span><\/p>\n","protected":false},"featured_media":3301,"template":"","meta":[],"product_brand":[],"product_cat":[224],"product_tag":[],"class_list":{"0":"post-3300","1":"product","2":"type-product","3":"status-publish","4":"has-post-thumbnail","6":"product_cat-archivo-vendidos","7":"sales-flash-overlay","8":"woocommerce-text-align-center","9":"woocommerce-image-align-center","10":"do-quantity-buttons","12":"first","13":"outofstock","14":"purchasable","15":"product-type-simple"},"_links":{"self":[{"href":"https:\/\/original-militaria.com\/en\/wp-json\/wp\/v2\/product\/3300","targetHints":{"allow":["GET"]}}],"collection":[{"href":"https:\/\/original-militaria.com\/en\/wp-json\/wp\/v2\/product"}],"about":[{"href":"https:\/\/original-militaria.com\/en\/wp-json\/wp\/v2\/types\/product"}],"wp:featuredmedia":[{"embeddable":true,"href":"https:\/\/original-militaria.com\/en\/wp-json\/wp\/v2\/media\/3301"}],"wp:attachment":[{"href":"https:\/\/original-militaria.com\/en\/wp-json\/wp\/v2\/media?parent=3300"}],"wp:term":[{"taxonomy":"product_brand","embeddable":true,"href":"https:\/\/original-militaria.com\/en\/wp-json\/wp\/v2\/product_brand?post=3300"},{"taxonomy":"product_cat","embeddable":true,"href":"https:\/\/original-militaria.com\/en\/wp-json\/wp\/v2\/product_cat?post=3300"},{"taxonomy":"product_tag","embeddable":true,"href":"https:\/\/original-militaria.com\/en\/wp-json\/wp\/v2\/product_tag?post=3300"}],"curies":[{"name":"wp","href":"https:\/\/api.w.org\/{rel}","templated":true}]}}