{"id":3292,"date":"2017-09-05T11:21:13","date_gmt":"2017-09-05T11:21:13","guid":{"rendered":"https:\/\/original-militaria.com\/?post_type=product&#038;p=3292"},"modified":"2022-01-31T19:03:00","modified_gmt":"2022-01-31T18:03:00","slug":"pistola-militar-inglesa-de-percusion-de-doble-canon","status":"publish","type":"product","link":"https:\/\/original-militaria.com\/en\/producto\/pistola-militar-inglesa-de-percusion-de-doble-canon\/","title":{"rendered":"Pistola Militar Inglesa de Percusi\u00f3n de Doble Ca\u00f1\u00f3n"},"content":{"rendered":"<p class=\"MsoNormal\" style=\"MARGIN: 0cm 0cm 0pt\" align=\"justify\"><font color=\"#000000\"><font face=\"Verdana\"><span><font color=\"#ffffff\"><strong>DESCRIPCION:<\/strong> Pistola militar inglesa de doble ca&ntilde;&oacute;n, sistema de&nbsp;percusi&oacute;n, circa 1850, caja de madera de nogal, ca&ntilde;&oacute;n de anima lisa en calibre <st1:metricconverter w:st=\"on\" productid=\"17 mil\u00edmetros\">17 mil&iacute;metros<\/st1:metricconverter>, completa con su baqueta y ataca baqueta, firmara en el ca&ntilde;&oacute;n por el armero Ingles<span style=\"FONT-FAMILY: Verdana; mso-bidi-font-family: Arial\"> <font color=\"#ff0000\">&ldquo;H. Nock de Londres&quot;<\/font>.<\/span> Lleva en la empu&ntilde;adura&nbsp;placa de plata para escudo de armas y esta cuadrillada. Pletina con ornamentaci&oacute;n.&nbsp;Longitud <st1:metricconverter w:st=\"on\" productid=\"31 cent\u00edmetros\">31 cent&iacute;metros<\/st1:metricconverter>.<\/font>&nbsp;<font color=\"#ff0000\">Es necesario libro de coleccionista, lo puede solicitar sin licencia en su Intervenci&oacute;n de armas.<\/font><span style=\"FONT-SIZE: 9pt; FONT-FAMILY: Arial\"><o:p><\/o:p><\/span> <\/span><\/font><\/font><\/p>\n<p class=\"MsoNormal\"><span style=\"FONT-SIZE: 10pt; FONT-FAMILY: Arial\"><o:p>&nbsp;<\/o:p><\/span><\/p>\n","protected":false},"excerpt":{"rendered":"<p class=\"MsoNormal\" style=\"MARGIN: 0cm 0cm 0pt\" align=\"justify\"><font color=\"#000000\"><font face=\"Verdana\"><span><font color=\"#ffffff\"><strong>DESCRIPCION:<\/strong> Pistola militar inglesa de doble ca&ntilde;&oacute;n, sistema de&nbsp;percusi&oacute;n, circa 1850, caja de madera de nogal, ca&ntilde;&oacute;n de anima lisa en calibre <st1:metricconverter w:st=\"on\" productid=\"17 mil\u00edmetros\">17 mil&iacute;metros<\/st1:metricconverter>, completa con su baqueta y ataca baqueta, firmara en el ca&ntilde;&oacute;n por el armero Ingles<span style=\"FONT-FAMILY: Verdana; mso-bidi-font-family: Arial\"> <font color=\"#ff0000\">&ldquo;H. Nock de Londres&quot;<\/font>.<\/span> Lleva en la empu&ntilde;adura&nbsp;placa de plata para escudo de armas y esta cuadrillada. Pletina con ornamentaci&oacute;n.&nbsp;Longitud <st1:metricconverter w:st=\"on\" productid=\"31 cent\u00edmetros\">31 cent&iacute;metros<\/st1:metricconverter>.<\/font>&nbsp;<font color=\"#ff0000\">Es necesario libro de coleccionista, lo puede solicitar sin licencia en su Intervenci&oacute;n de armas.<\/font><span style=\"FONT-SIZE: 9pt; FONT-FAMILY: Arial\"><o:p><\/o:p><\/span> <\/span><\/font><\/font><\/p>\n<p class=\"MsoNormal\"><span style=\"FONT-SIZE: 10pt; FONT-FAMILY: Arial\"><o:p>&nbsp;<\/o:p><\/span><\/p>\n","protected":false},"featured_media":3293,"template":"","meta":[],"product_brand":[],"product_cat":[224],"product_tag":[],"class_list":{"0":"post-3292","1":"product","2":"type-product","3":"status-publish","4":"has-post-thumbnail","6":"product_cat-archivo-vendidos","7":"sales-flash-overlay","8":"woocommerce-text-align-center","9":"woocommerce-image-align-center","10":"do-quantity-buttons","12":"first","13":"outofstock","14":"purchasable","15":"product-type-simple"},"_links":{"self":[{"href":"https:\/\/original-militaria.com\/en\/wp-json\/wp\/v2\/product\/3292","targetHints":{"allow":["GET"]}}],"collection":[{"href":"https:\/\/original-militaria.com\/en\/wp-json\/wp\/v2\/product"}],"about":[{"href":"https:\/\/original-militaria.com\/en\/wp-json\/wp\/v2\/types\/product"}],"wp:featuredmedia":[{"embeddable":true,"href":"https:\/\/original-militaria.com\/en\/wp-json\/wp\/v2\/media\/3293"}],"wp:attachment":[{"href":"https:\/\/original-militaria.com\/en\/wp-json\/wp\/v2\/media?parent=3292"}],"wp:term":[{"taxonomy":"product_brand","embeddable":true,"href":"https:\/\/original-militaria.com\/en\/wp-json\/wp\/v2\/product_brand?post=3292"},{"taxonomy":"product_cat","embeddable":true,"href":"https:\/\/original-militaria.com\/en\/wp-json\/wp\/v2\/product_cat?post=3292"},{"taxonomy":"product_tag","embeddable":true,"href":"https:\/\/original-militaria.com\/en\/wp-json\/wp\/v2\/product_tag?post=3292"}],"curies":[{"name":"wp","href":"https:\/\/api.w.org\/{rel}","templated":true}]}}