{"id":3278,"date":"2017-09-05T11:21:09","date_gmt":"2017-09-05T11:21:09","guid":{"rendered":"https:\/\/original-militaria.com\/?post_type=product&#038;p=3278"},"modified":"2022-01-31T19:03:00","modified_gmt":"2022-01-31T18:03:00","slug":"pistola-militar-de-percusion","status":"publish","type":"product","link":"https:\/\/original-militaria.com\/en\/producto\/pistola-militar-de-percusion\/","title":{"rendered":"Pistola Militar de Percusi\u00f3n."},"content":{"rendered":"<p style=\"text-align: justify\" align=\"justify\"><span style=\"font-family: verdana, geneva, sans-serif;font-size: 12pt\"><strong>DESCRIPCION:<\/strong> Pistola militar inglesa, sistema percusi\u00f3n circa 1840, platina con manufactura ilegible en letras doradas del armero, llave perfecta, tiene ca\u00f1\u00f3n octogonal con anima rayada de grueso calibre, en la parte interior del ca\u00f1\u00f3n lleva el n\u00famero <span style=\"color: #ff0000\">25131 <\/span>y la letra <span style=\"color: #ff0000\">&#8220;M&#8221;<\/span>, igual n\u00famero lleva en la pieza donde encaja el ca\u00f1\u00f3n, la caja de madera de nogal tiene la culata cuadrillada y en la parte interior de la ca\u00f1a las siglas posiblemente del nombre del cajero o encepador, la baqueta es de hierro, tiene ornamentaci\u00f3n floral en la platina y en el guardamonte.\u00a0 <\/span><\/p>\n<p style=\"text-align: justify\" align=\"justify\"><span style=\"font-family: verdana, geneva, sans-serif;font-size: 12pt\"><strong>Nota.-<\/strong> Est\u00e1 inscrito en el libro de coleccionista, lo puede solicitar gratuitamente sin tener licencia en su Intervenci\u00f3n de armas de la Guardia Civil.<\/span><\/p>\n<p style=\"text-align: justify\"><span style=\"font-family: verdana, geneva, sans-serif;font-size: 12pt\"><strong>Nota 2.-<\/strong> Seg\u00fan el <strong>Art. 107<\/strong>,\u00a0<strong>Cap\u00edtulo V<\/strong>, <strong>Secci\u00f3n I<\/strong>, <strong>p\u00e1rrafo E<\/strong>, del Reglamento de Armas, tambi\u00e9n se puede comprar <strong>sin tener libro de coleccionista<\/strong> ateni\u00e9ndose a la siguiente disposici\u00f3n:<\/span><\/p>\n<p style=\"text-align: justify\"><span style=\"font-family: verdana, geneva, sans-serif;font-size: 12pt\">No obstante lo dispuesto en otros preceptos de este Reglamento, se considerar\u00e1 autorizada la posesi\u00f3n en el propio domicilio, sin los requisitos determinados en ellos, de <strong>un arma de fuego corta o larga<\/strong> de las no prohibidas a particulares, <strong>acreditando su especial valor hist\u00f3rico o art\u00edstico<\/strong>, o de <strong>dos armas de avancarga<\/strong>, documentadas con las correspondientes gu\u00edas de pertenencia, <strong>previa aportaci\u00f3n del informe de aptitud regulado en el art\u00edculo 98<\/strong>, adoptando las medidas de seguridad necesarias para su custodia y no pudiendo utilizarlas ni enajenarlas, salvo dando cumplimiento a lo dispuesto al respecto en los preceptos espec\u00edficos de este Reglamento. La infracci\u00f3n de lo dispuesto en este apartado tendr\u00e1 la consideraci\u00f3n de grave y llevar\u00e1 aparejada en todo caso la retirada definitiva de las armas de que se trate.<\/span><\/p>\n<p style=\"text-align: justify\"><span style=\"font-family: verdana, geneva, sans-serif\"><strong>AVISO:<\/strong> Revisa la normativa espa\u00f1ola para la tenencia de armas antes de realizar la compra<\/span><br \/>\n<span style=\"font-family: verdana, geneva, sans-serif\"> <small><a title=\"Normativa espa\u00f1ola para la tenencia de armas. Guardia Civil.\" href=\"http:\/\/www.guardiacivil.es\/es\/servicios\/armasyexplosivo\/index.html\" target=\"_blank\" rel=\"noopener noreferrer nofollow\"> Guardia Civil (Intervenci\u00f3n de Armas Virtual)<\/a><\/small><\/span><\/p>\n","protected":false},"excerpt":{"rendered":"<p align=\"justify\"><span style=\"font-family: Verdana;font-size: medium\"><strong>DESCRIPCION:<\/strong> Pistola militar inglesa, sistema percusi\u00f3n circa 1840, platina con manufactura ilegible en letras doradas del armero, llave perfecta, tiene ca\u00f1\u00f3n octogonal con anima rayada de grueso calibre, en la parte interior del ca\u00f1\u00f3n lleva el n\u00famero <span style=\"color: #ff0000\">25131 <\/span>y la letra <span style=\"color: #ff0000\">&#8220;M&#8221;<\/span>, igual n\u00famero lleva en la pieza donde encaja el ca\u00f1\u00f3n, la caja de madera de nogal tiene la culata cuadrillada y en la parte interior de la ca\u00f1a las siglas posiblemente del nombre del cajero o encepador, la baqueta es de hierro, tiene ornamentaci\u00f3n floral en la platina y en el guardamonte.<\/span><span style=\"font-family: Verdana;font-size: medium\">\u00a0 <\/span><\/p>\n<p align=\"justify\"><span style=\"font-size: medium\"><strong><span style=\"font-family: Verdana\">Nota.-<\/span><\/strong><span style=\"font-family: Verdana\"> Est\u00e1 inscrito en el libro de coleccionista, lo puede solicitar gratuitamente sin tener licencia en su Intervenci\u00f3n de armas de <\/span><\/span><span style=\"font-family: Verdana\"><span style=\"font-size: medium\">la Guardia Civil.<\/span><\/span><\/p>\n<p><strong><span style=\"font-family: Verdana\">Nota 2.-<\/span><\/strong> Seg\u00fan el <strong><span style=\"font-family: Verdana\">Art. 107<\/span><\/strong>,\u00a0<strong><span style=\"font-family: Verdana\">Cap\u00edtulo V<\/span><\/strong>, <strong><span style=\"font-family: Verdana\">Secci\u00f3n I<\/span><\/strong>, <strong><span style=\"font-family: Verdana\">p\u00e1rrafo E<\/span><\/strong>, del Reglamento de Armas, tambi\u00e9n se puede comprar <strong><span style=\"font-family: Verdana\">sin tener libro de coleccionista<\/span><\/strong> ateni\u00e9ndose a la siguiente disposici\u00f3n:<\/p>\n<p>No obstante lo dispuesto en otros preceptos de este Reglamento, se considerar\u00e1 autorizada la posesi\u00f3n en el propio domicilio, sin los requisitos determinados en ellos, de <strong><span style=\"font-family: Verdana\">un arma de fuego corta o larga<\/span><\/strong> de las no prohibidas a particulares, <strong><span style=\"font-family: Verdana\">acreditando su especial valor hist\u00f3rico o art\u00edstico<\/span><\/strong>, o de <strong><span style=\"font-family: Verdana\">dos armas de avancarga<\/span><\/strong>, documentadas con las correspondientes gu\u00edas de pertenencia, <strong><span style=\"font-family: Verdana\">previa aportaci\u00f3n del informe de aptitud regulado en el art\u00edculo 98<\/span><\/strong>, adoptando las medidas de seguridad necesarias para su custodia y no pudiendo utilizarlas ni enajenarlas, salvo dando cumplimiento a lo dispuesto al respecto en los preceptos espec\u00edficos de este Reglamento. La infracci\u00f3n de lo dispuesto en este apartado tendr\u00e1 la consideraci\u00f3n de grave y llevar\u00e1 aparejada en todo caso la retirada definitiva de las armas de que se trate.<\/p>\n","protected":false},"featured_media":3279,"template":"","meta":[],"product_brand":[],"product_cat":[224],"product_tag":[],"class_list":{"0":"post-3278","1":"product","2":"type-product","3":"status-publish","4":"has-post-thumbnail","6":"product_cat-archivo-vendidos","7":"sales-flash-overlay","8":"woocommerce-text-align-center","9":"woocommerce-image-align-center","10":"do-quantity-buttons","12":"first","13":"outofstock","14":"product-type-simple"},"_links":{"self":[{"href":"https:\/\/original-militaria.com\/en\/wp-json\/wp\/v2\/product\/3278","targetHints":{"allow":["GET"]}}],"collection":[{"href":"https:\/\/original-militaria.com\/en\/wp-json\/wp\/v2\/product"}],"about":[{"href":"https:\/\/original-militaria.com\/en\/wp-json\/wp\/v2\/types\/product"}],"wp:featuredmedia":[{"embeddable":true,"href":"https:\/\/original-militaria.com\/en\/wp-json\/wp\/v2\/media\/3279"}],"wp:attachment":[{"href":"https:\/\/original-militaria.com\/en\/wp-json\/wp\/v2\/media?parent=3278"}],"wp:term":[{"taxonomy":"product_brand","embeddable":true,"href":"https:\/\/original-militaria.com\/en\/wp-json\/wp\/v2\/product_brand?post=3278"},{"taxonomy":"product_cat","embeddable":true,"href":"https:\/\/original-militaria.com\/en\/wp-json\/wp\/v2\/product_cat?post=3278"},{"taxonomy":"product_tag","embeddable":true,"href":"https:\/\/original-militaria.com\/en\/wp-json\/wp\/v2\/product_tag?post=3278"}],"curies":[{"name":"wp","href":"https:\/\/api.w.org\/{rel}","templated":true}]}}