{"id":3274,"date":"2017-09-05T11:21:08","date_gmt":"2017-09-05T11:21:08","guid":{"rendered":"https:\/\/original-militaria.com\/?post_type=product&#038;p=3274"},"modified":"2022-01-31T19:02:59","modified_gmt":"2022-01-31T18:02:59","slug":"pistola-de-percusion-p-meyer","status":"publish","type":"product","link":"https:\/\/original-militaria.com\/en\/producto\/pistola-de-percusion-p-meyer\/","title":{"rendered":"Percussion Pistol by &#8220;P. Meyer&#8221;&#8212;Pistola de Percusi\u00f3n &#8220;P. Meyer&#8221;."},"content":{"rendered":"<p align=\"justify\"><span style=\"font-size: 12pt\"><strong><span style=\"font-family: Verdana\">ANTECEDENTES: <\/span><\/strong><span style=\"font-family: Verdana\">Meyer P., Arcb. del Rey en Bruselas (B\u00e9lgica) entre 1790 y 1800. Fuente enciclopedia\u00a0&#8220;Heer der Neue Stockel&#8221; volumen 2, p\u00e1gina 805.<\/span><\/span><\/p>\n<p class=\"MsoNormal\" align=\"justify\"><span style=\"font-size: 12pt\"><strong><span style=\"font-family: Verdana\">DESCRIPCION:<\/span><\/strong><span style=\"font-family: Verdana\"> Fina pistola de percusi\u00f3n circa 1800 (una gran pistola en la \u00e9poca por su avanzado sistema de disparo) firmada en la platina &#8220;P. Meyer, Ar er du Roy \u00e1 Bruxelles&#8221;, (Arcabucero del Rey en Bruselas), caja de madera de nogal con la culata o empu\u00f1adura cuadrillada con poma met\u00e1lica de hierro niquelado al igual que el resto de las guarniciones (platina, guardamontes, contra platina, porta baquetas etc, muy avanzada), gracioso perrillo en perfecto estado, culata recta, gran ca\u00f1\u00f3n octogonal de grueso calibre de anima lisa con su baqueta met\u00e1lica, en el interior del ca\u00f1\u00f3n las siglas del ca\u00f1onero W.C. Es necesario libro de coleccionista, lo puede solicitar sin licencia en su Intervenci\u00f3n de armas. <\/span><\/span><\/p>\n<p class=\"MsoNormal\" align=\"justify\"><span style=\"font-size: 12pt\"><span style=\"font-family: Verdana\">Longitud total: 37 cm<\/span>\u00a0<\/span><\/p>\n<p class=\"MsoNormal\" align=\"justify\"><span style=\"font-size: 12pt;font-family: Verdana\">Longitud del ca\u00f1\u00f3n: 23 cm<\/span><\/p>\n","protected":false},"excerpt":{"rendered":"<p align=\"justify\"><strong><span style=\"font-size: 9pt;font-family: Verdana\">ANTECEDENTES: <\/span><\/strong><span style=\"font-size: 9pt;font-family: Verdana\">Meyer P., Arcb. del Rey en Bruselas (B\u00e9lgica) entre 1790 y 1800. Fuente enciclopedia\u00a0&#8220;Heer der Neue Stockel&#8221; volumen 2, p\u00e1gina 805.<\/span><\/p>\n<p class=\"MsoNormal\" align=\"justify\"><strong><span style=\"font-size: 9pt;font-family: Verdana\">DESCRIPCION:<\/span><\/strong><span style=\"font-size: 9pt;font-family: Verdana\"> Fina pistola de percusi\u00f3n circa 1800 (una gran pistola en la \u00e9poca por su avanzado sistema de disparo) firmada en la platina <span style=\"color: #ff0000\">&#8220;P. Meyer, Ar er du Roy \u00e1 Bruxelles&#8221;<\/span>, <span style=\"color: #ff0000\">(Arcabucero del Rey en Bruselas), <\/span>caja de madera de nogal con la culata o empu\u00f1adura cuadrillada con poma met\u00e1lica de hierro niquelado al igual que el resto de las guarniciones (platina, guardamontes, contra platina, porta baquetas etc, muy avanzada), gracioso perrillo en perfecto estado, culata recta, gran ca\u00f1\u00f3n octogonal de grueso calibre de anima lisa con su baqueta met\u00e1lica, en el interior del ca\u00f1\u00f3n las siglas del ca\u00f1onero W.C. <span style=\"color: #ff0000\">Es necesario libro de coleccionista, lo puede solicitar sin licencia en su Intervenci\u00f3n de armas.<\/span> <\/span><\/p>\n<p class=\"MsoNormal\" align=\"justify\"><span style=\"font-size: 9pt;font-family: Verdana\">Longitud total: 37 cm<\/span><\/p>\n<p class=\"MsoNormal\" align=\"justify\"><span style=\"font-size: 9pt;font-family: Verdana\">Longitud del ca\u00f1\u00f3n: 23 cm<\/span><\/p>\n","protected":false},"featured_media":3275,"template":"","meta":[],"product_brand":[],"product_cat":[224],"product_tag":[],"class_list":{"0":"post-3274","1":"product","2":"type-product","3":"status-publish","4":"has-post-thumbnail","6":"product_cat-archivo-vendidos","7":"sales-flash-overlay","8":"woocommerce-text-align-center","9":"woocommerce-image-align-center","10":"do-quantity-buttons","12":"first","13":"outofstock","14":"purchasable","15":"product-type-simple"},"_links":{"self":[{"href":"https:\/\/original-militaria.com\/en\/wp-json\/wp\/v2\/product\/3274","targetHints":{"allow":["GET"]}}],"collection":[{"href":"https:\/\/original-militaria.com\/en\/wp-json\/wp\/v2\/product"}],"about":[{"href":"https:\/\/original-militaria.com\/en\/wp-json\/wp\/v2\/types\/product"}],"wp:featuredmedia":[{"embeddable":true,"href":"https:\/\/original-militaria.com\/en\/wp-json\/wp\/v2\/media\/3275"}],"wp:attachment":[{"href":"https:\/\/original-militaria.com\/en\/wp-json\/wp\/v2\/media?parent=3274"}],"wp:term":[{"taxonomy":"product_brand","embeddable":true,"href":"https:\/\/original-militaria.com\/en\/wp-json\/wp\/v2\/product_brand?post=3274"},{"taxonomy":"product_cat","embeddable":true,"href":"https:\/\/original-militaria.com\/en\/wp-json\/wp\/v2\/product_cat?post=3274"},{"taxonomy":"product_tag","embeddable":true,"href":"https:\/\/original-militaria.com\/en\/wp-json\/wp\/v2\/product_tag?post=3274"}],"curies":[{"name":"wp","href":"https:\/\/api.w.org\/{rel}","templated":true}]}}