{"id":3264,"date":"2017-09-05T11:21:06","date_gmt":"2017-09-05T11:21:06","guid":{"rendered":"https:\/\/original-militaria.com\/?post_type=product&#038;p=3264"},"modified":"2022-01-31T19:02:59","modified_gmt":"2022-01-31T18:02:59","slug":"heer-sable-de-oficial-modelo-wrangel","status":"publish","type":"product","link":"https:\/\/original-militaria.com\/en\/producto\/heer-sable-de-oficial-modelo-wrangel\/","title":{"rendered":"Wehrmacht\/Heer, Army Officer\u2019s \u00abWKC model Wrangel\u00bb Saber &#8211; WH\/Heer, Sable de Oficial Modelo &#8220;Wrangel&#8221;"},"content":{"rendered":"<p style=\"text-align: justify\" align=\"justify\"><span style=\"font-family: Verdana;font-size: medium\"><strong>ANTECEDENTES:<\/strong> El sable es una tradici\u00f3n militar hist\u00f3rica, esta fue transformada de un arma funcional en un art\u00edculo del ornamentaci\u00f3n para el uniforme al comienzo de WWI. Esta fuerte tradici\u00f3n contin\u00faa en muchos ej\u00e9rcitos en estos d\u00edas como s\u00edmbolo de fuerza y energ\u00eda. Despu\u00e9s de la subida de Hitler a la poder en enero de 1933 y de la reintroducci\u00f3n del reclutamiento en marzo de 1935 una amplia variedad de nuevos dise\u00f1os de espadas y del sables fue introducida para equipar a la Wehrmacht r\u00e1pidamente creciente. Este renacimiento en la producci\u00f3n de los sables dio lugar a numerosos fabricantes de hojas, todos ellos establecidos principalmente en Solingen, para desarrollar una amplia variedad de dise\u00f1os adornados de diferentes formas, en un intento por competir por los lucrativos contratos para la fabricaci\u00f3n, lo cual dio origen a cientos de modelos durante el tercer Reich. Como resultado de la guerra, la producci\u00f3n de de sables deb\u00eda ser continua seg\u00fan las normativas del 27 de mayo de 1943. Las normativas del 23 de diciembre de 1944 indicaron que todos los distintos cuerpos de oficiales ten\u00edan que usar pistola en lugar del sable. <\/span><\/p>\n<p style=\"text-align: justify\"><span style=\"font-family: verdana, geneva, sans-serif;font-size: 12pt\"><strong>DESCRIPCION:<\/strong> Este ejemplo es de pomo modelo \u201cWrangel&#8221;, curvado levemente. La hoja de Solingen con manufactura de &#8220;WKC&#8221; est\u00e1 en condiciones muy buenas y est\u00e1 absolutamente limpia y brillante. Guarnici\u00f3n decorada con el \u00e1guila y la esv\u00e1stica entre sus garras. El sable tiene una empu\u00f1adura negra (falta un tornillo, ver fotos) contorneada con surcos horizontales rellenos de fino alambre de cobre amarillo. Las guarniciones siguen siendo absolutamente limpias y brillantes. Viene con su vaina original, lacada en negro. La vaina conserva cerca de 80% de su pintura negra con rascados peque\u00f1os y faltas.<\/span><\/p>\n<p style=\"text-align: justify\" align=\"justify\"><span style=\"font-family: verdana, geneva, sans-serif;font-size: 12pt\">Mide 91 cm de largo, la hoja mide 74,5 cm. <\/span><\/p>\n","protected":false},"excerpt":{"rendered":"<p align=\"justify\"><span style=\"font-family: Verdana;font-size: medium\"><strong>ANTECEDENTES:<\/strong> El sable es una tradici\u00f3n militar hist\u00f3rica, esta fue transformada de un arma funcional en un art\u00edculo del ornamentaci\u00f3n para el uniforme al comienzo de WWI. Esta fuerte tradici\u00f3n contin\u00faa en muchos ej\u00e9rcitos en estos d\u00edas como s\u00edmbolo de fuerza y energ\u00eda. Despu\u00e9s de la subida de Hitler a la poder en enero de 1933 y de la reintroducci\u00f3n del reclutamiento en marzo de 1935 una amplia variedad de nuevos dise\u00f1os de espadas y del sables fue introducida para equipar a la Wehrmacht r\u00e1pidamente creciente. Este renacimiento en la producci\u00f3n de los sables dio lugar a numerosos fabricantes de hojas, todos ellos establecidos principalmente en Solingen, para desarrollar una amplia variedad de dise\u00f1os adornados de diferentes formas, en un intento por competir por los lucrativos contratos para la fabricaci\u00f3n, lo cual dio origen a cientos de modelos durante el tercer Reich. Como resultado de la guerra, la producci\u00f3n de de sables deb\u00eda ser continua seg\u00fan las normativas del 27 de mayo de 1943. Las normativas del 23 de diciembre de 1944 indicaron que todos los distintos cuerpos de oficiales ten\u00edan que usar pistola en lugar del sable. <\/span><\/p>\n<p><strong>DESCRIPCION:<\/strong> Este ejemplo es de pomo modelo<span style=\"color: #ff0000\"> \u201cWrangel&#8221;<\/span>, curvado levemente. La hoja de Solingen con manufactura de <span style=\"color: #ff0000\">&#8220;WKC&#8221;<\/span> est\u00e1 en condiciones muy buenas y est\u00e1 absolutamente limpia y brillante. Guarnici\u00f3n decorada con el \u00e1guila y la esv\u00e1stica entre sus garras. El sable tiene una empu\u00f1adura negra (falta un tornillo, ver fotos) contorneada con surcos horizontales rellenos de fino alambre de cobre amarillo. Las guarniciones siguen siendo absolutamente limpias y brillantes. Viene con su vaina original, lacada en negro. La vaina conserva cerca de 80% de su pintura negra con rascados peque\u00f1os y faltas.<\/p>\n<p align=\"justify\"><span style=\"font-family: Verdana;font-size: medium\">Mide 91 cm de largo, la hoja mide 74,5 cm. <\/span><\/p>\n","protected":false},"featured_media":3265,"template":"","meta":[],"product_brand":[],"product_cat":[224],"product_tag":[],"class_list":{"0":"post-3264","1":"product","2":"type-product","3":"status-publish","4":"has-post-thumbnail","6":"product_cat-archivo-vendidos","7":"sales-flash-overlay","8":"woocommerce-text-align-center","9":"woocommerce-image-align-center","10":"do-quantity-buttons","12":"first","13":"outofstock","14":"purchasable","15":"product-type-simple"},"_links":{"self":[{"href":"https:\/\/original-militaria.com\/en\/wp-json\/wp\/v2\/product\/3264","targetHints":{"allow":["GET"]}}],"collection":[{"href":"https:\/\/original-militaria.com\/en\/wp-json\/wp\/v2\/product"}],"about":[{"href":"https:\/\/original-militaria.com\/en\/wp-json\/wp\/v2\/types\/product"}],"wp:featuredmedia":[{"embeddable":true,"href":"https:\/\/original-militaria.com\/en\/wp-json\/wp\/v2\/media\/3265"}],"wp:attachment":[{"href":"https:\/\/original-militaria.com\/en\/wp-json\/wp\/v2\/media?parent=3264"}],"wp:term":[{"taxonomy":"product_brand","embeddable":true,"href":"https:\/\/original-militaria.com\/en\/wp-json\/wp\/v2\/product_brand?post=3264"},{"taxonomy":"product_cat","embeddable":true,"href":"https:\/\/original-militaria.com\/en\/wp-json\/wp\/v2\/product_cat?post=3264"},{"taxonomy":"product_tag","embeddable":true,"href":"https:\/\/original-militaria.com\/en\/wp-json\/wp\/v2\/product_tag?post=3264"}],"curies":[{"name":"wp","href":"https:\/\/api.w.org\/{rel}","templated":true}]}}