{"id":3262,"date":"2017-09-05T11:21:06","date_gmt":"2017-09-05T11:21:06","guid":{"rendered":"https:\/\/original-militaria.com\/?post_type=product&#038;p=3262"},"modified":"2022-01-31T19:02:59","modified_gmt":"2022-01-31T18:02:59","slug":"wehrmacht-set-de-cubiertos-para-oficiales","status":"publish","type":"product","link":"https:\/\/original-militaria.com\/en\/producto\/wehrmacht-set-de-cubiertos-para-oficiales\/","title":{"rendered":"Wehrmacht\/ Officer\u00b4s Field Issue Cutlery Set, 1941&#8211;WH\/ Cubiertos de Oficial 1941"},"content":{"rendered":"<p align=\"justify\"><span style=\"font-family: Verdana\"><strong>ANTECEDENTES:<\/strong> La pesadilla de todo soldado era la comida. La guerra rel\u00e1mpago o &#8220;Blitzkrieg&#8221;, llevaba impl\u00edcita una serie de problemas como los que surg\u00edan con la intendencia. Los cubiertos de campo fueron un elemento de tipo individual, del equipo personal, que se entrego a toda la tropa y rangos junto con otros elementos para comer en el campo, estos inclu\u00edan en set cubiertos, cantimploras, tabletas combustibles, etc. estos cubiertos se entregaron en una gran variedad de modelos junto con una variedad de diversos art\u00edculos personales. Los hab\u00eda de dotaci\u00f3n, de dos y tres piezas y un conjunto m\u00e1s elaborado que conten\u00eda una cuchara, un tenedor, un cuchillo y un abrelatas. al tener en cuenta la importancia de la comida para el soldado, los cubiertos deben ser considerados como uno de los art\u00edculos m\u00e1s importantes del equipo personal. <\/span><\/p>\n<p align=\"justify\"><span style=\"font-family: Verdana\"><strong>DESCRIPCION:<\/strong> Cubiertos de campo fabricados en aluminio y acero, generalmente para Oficiales, el conjunto consta de un cuchillo, tenedor de cuatro p\u00faas, y una cuchara, todo ello dentro de un abridor que hace las funciones de abrelatas y abrebotellas. El conjunto est\u00e1 bien marcado en las piezas con un \u00e1guila con las alas extendidas sujetando una esv\u00e1stica, la manufactura del fabricante y el a\u00f1o &#8220;VSW41&#8221;. Est\u00e1n en excelente estado. Un buen ejemplo y raro de encontrar. <\/span><\/p>\n<p align=\"justify\">\n","protected":false},"excerpt":{"rendered":"<p align=\"justify\"><span style=\"font-family: Verdana\"><strong>ANTECEDENTES:<\/strong> La pesadilla de todo soldado era la comida. La guerra rel\u00e1mpago o &#8220;Blitzkrieg&#8221;, llevaba impl\u00edcita una serie de problemas como los que surg\u00edan con la intendencia. Los cubiertos de campo fueron un elemento de tipo individual, del equipo personal, que se entrego a toda la tropa y rangos junto con otros elementos para comer en el campo, estos inclu\u00edan en set cubiertos, cantimploras, tabletas combustibles, etc. estos cubiertos se entregaron en una gran variedad de modelos junto con una variedad de diversos art\u00edculos personales. Los hab\u00eda de dotaci\u00f3n, de dos y tres piezas y un conjunto m\u00e1s elaborado que conten\u00eda una cuchara, un tenedor, un cuchillo y un abrelatas. al tener en cuenta la importancia de la comida para el soldado, los cubiertos deben ser considerados como uno de los art\u00edculos m\u00e1s importantes del equipo personal. <\/span><\/p>\n<p align=\"justify\"><span style=\"font-family: Verdana\"><strong>DESCRIPCION:<\/strong> Cubiertos de campo fabricados en aluminio y acero, generalmente para Oficiales, el conjunto consta de un cuchillo, tenedor de cuatro p\u00faas, y una cuchara, todo ello dentro de un abridor que hace las funciones de abrelatas y abrebotellas. El conjunto est\u00e1 bien marcado en las piezas con un \u00e1guila con las alas extendidas sujetando una esv\u00e1stica, la manufactura del fabricante y el a\u00f1o <span style=\"color: #ff0000\">&#8220;VSW41&#8221;<\/span>. Est\u00e1n en excelente estado. Un buen ejemplo y raro de encontrar. <\/span><\/p>\n<p align=\"justify\"><span style=\"font-family: Verdana\"><span style=\"color: #ff0000\"><strong>El precio es por set.<br \/>\n<\/strong><\/span><\/span><\/p>\n<p align=\"justify\">\n","protected":false},"featured_media":3263,"template":"","meta":[],"product_brand":[],"product_cat":[224],"product_tag":[],"class_list":{"0":"post-3262","1":"product","2":"type-product","3":"status-publish","4":"has-post-thumbnail","6":"product_cat-archivo-vendidos","7":"sales-flash-overlay","8":"woocommerce-text-align-center","9":"woocommerce-image-align-center","10":"do-quantity-buttons","12":"first","13":"outofstock","14":"purchasable","15":"product-type-simple"},"_links":{"self":[{"href":"https:\/\/original-militaria.com\/en\/wp-json\/wp\/v2\/product\/3262","targetHints":{"allow":["GET"]}}],"collection":[{"href":"https:\/\/original-militaria.com\/en\/wp-json\/wp\/v2\/product"}],"about":[{"href":"https:\/\/original-militaria.com\/en\/wp-json\/wp\/v2\/types\/product"}],"wp:featuredmedia":[{"embeddable":true,"href":"https:\/\/original-militaria.com\/en\/wp-json\/wp\/v2\/media\/3263"}],"wp:attachment":[{"href":"https:\/\/original-militaria.com\/en\/wp-json\/wp\/v2\/media?parent=3262"}],"wp:term":[{"taxonomy":"product_brand","embeddable":true,"href":"https:\/\/original-militaria.com\/en\/wp-json\/wp\/v2\/product_brand?post=3262"},{"taxonomy":"product_cat","embeddable":true,"href":"https:\/\/original-militaria.com\/en\/wp-json\/wp\/v2\/product_cat?post=3262"},{"taxonomy":"product_tag","embeddable":true,"href":"https:\/\/original-militaria.com\/en\/wp-json\/wp\/v2\/product_tag?post=3262"}],"curies":[{"name":"wp","href":"https:\/\/api.w.org\/{rel}","templated":true}]}}