{"id":3230,"date":"2017-09-05T11:20:57","date_gmt":"2017-09-05T11:20:57","guid":{"rendered":"https:\/\/original-militaria.com\/?post_type=product&#038;p=3230"},"modified":"2022-01-31T19:02:58","modified_gmt":"2022-01-31T18:02:58","slug":"wh-bolsa-de-senaladores-de-minas","status":"publish","type":"product","link":"https:\/\/original-militaria.com\/en\/producto\/wh-bolsa-de-senaladores-de-minas\/","title":{"rendered":"WH\/ Bolsa de Se\u00f1aladores de minas"},"content":{"rendered":"<p class=\"MsoNormal\" style=\"margin: 0cm 0cm 0pt;text-align: justify\" align=\"justify\"><span style=\"font-size: medium\"><strong><span style=\"font-family: Verdana\">ANTECEDENTES:<\/span><\/strong><span style=\"font-family: Verdana\"> Con el desarrollo de los gases t\u00f3xicos utilizados como armas ofensivas en <\/span><\/span><span style=\"font-size: medium\"><span style=\"font-family: Verdana\">la Primera Guerra Mundial ,\u00a0se introdujo un conjunto que constaba de veinte peque\u00f1as banderas sobre postes de metal, con cinta amarilla, calavera\u00a0y bolsa de transporte. Se emiti\u00f3 con car\u00e1cter limitado y tambi\u00e9n se utiliz\u00f3 para marcar los campos de minas.\u00a0<\/span>\u00a0<\/span><\/p>\n<p class=\"MsoNormal\" style=\"margin: 0cm 0cm 0pt;text-align: justify\" align=\"justify\"><span style=\"font-size: medium\">\u00a0<\/span><\/p>\n<p class=\"MsoNormal\" style=\"margin: 0cm 0cm 0pt\" align=\"justify\"><span style=\"font-size: medium\"><span style=\"font-family: Verdana\"><strong>DESCRIPCION:<\/strong> Bolsa (Gassp\u00fcrf\u00e4hnchen) de lona con\u00a010 se\u00f1aladores de campos de minas o gas\u00a0de la Wehrmacht, con sus correas de lona intactas, lleva marcaje ilegible. Est\u00e1 en una inmejorable condici\u00f3n, casi nueva. <\/span><\/span><\/p>\n","protected":false},"excerpt":{"rendered":"<p class=\"MsoNormal\" style=\"margin: 0cm 0cm 0pt\" align=\"justify\"><span style=\"font-size: medium\"><strong><span style=\"font-family: Verdana\">ANTECEDENTES:<\/span><\/strong><span style=\"font-family: Verdana\"> Con el desarrollo de los gases t\u00f3xicos utilizados como armas ofensivas en <\/span><\/span><span style=\"font-size: 9pt;font-family: Verdana\"><br \/>\n<\/span><span style=\"font-size: medium\"><span style=\"font-family: Verdana\">la Primera Guerra Mundial ,\u00a0se introdujo un conjunto que constaba de veinte peque\u00f1as banderas sobre postes de metal, con cinta amarilla, calavera\u00a0y bolsa de transporte. Se emiti\u00f3 con car\u00e1cter limitado y tambi\u00e9n se utiliz\u00f3 para marcar los campos de minas.\u00a0<\/span>\u00a0<\/span><\/p>\n<p class=\"MsoNormal\" style=\"margin: 0cm 0cm 0pt\" align=\"justify\"><span style=\"font-size: medium\">\u00a0<\/span><\/p>\n<p class=\"MsoNormal\" style=\"margin: 0cm 0cm 0pt\" align=\"justify\"><span style=\"font-size: medium\"><span style=\"font-family: Verdana\"><strong>DESCRIPCION:<\/strong> Bolsa (Gassp\u00fcrf\u00e4hnchen) de lona con\u00a010 se\u00f1aladores de campos de minas o gas\u00a0de la Wehrmacht, con sus correas de lona intactas, lleva marcaje ilegible. Est\u00e1 en una inmejorable condici\u00f3n, casi nueva. <\/span><\/span><\/p>\n","protected":false},"featured_media":3231,"template":"","meta":[],"product_brand":[],"product_cat":[224],"product_tag":[],"class_list":{"0":"post-3230","1":"product","2":"type-product","3":"status-publish","4":"has-post-thumbnail","6":"product_cat-archivo-vendidos","7":"sales-flash-overlay","8":"woocommerce-text-align-center","9":"woocommerce-image-align-center","10":"do-quantity-buttons","12":"first","13":"outofstock","14":"product-type-simple"},"_links":{"self":[{"href":"https:\/\/original-militaria.com\/en\/wp-json\/wp\/v2\/product\/3230","targetHints":{"allow":["GET"]}}],"collection":[{"href":"https:\/\/original-militaria.com\/en\/wp-json\/wp\/v2\/product"}],"about":[{"href":"https:\/\/original-militaria.com\/en\/wp-json\/wp\/v2\/types\/product"}],"wp:featuredmedia":[{"embeddable":true,"href":"https:\/\/original-militaria.com\/en\/wp-json\/wp\/v2\/media\/3231"}],"wp:attachment":[{"href":"https:\/\/original-militaria.com\/en\/wp-json\/wp\/v2\/media?parent=3230"}],"wp:term":[{"taxonomy":"product_brand","embeddable":true,"href":"https:\/\/original-militaria.com\/en\/wp-json\/wp\/v2\/product_brand?post=3230"},{"taxonomy":"product_cat","embeddable":true,"href":"https:\/\/original-militaria.com\/en\/wp-json\/wp\/v2\/product_cat?post=3230"},{"taxonomy":"product_tag","embeddable":true,"href":"https:\/\/original-militaria.com\/en\/wp-json\/wp\/v2\/product_tag?post=3230"}],"curies":[{"name":"wp","href":"https:\/\/api.w.org\/{rel}","templated":true}]}}