{"id":3226,"date":"2017-09-05T11:20:57","date_gmt":"2017-09-05T11:20:57","guid":{"rendered":"https:\/\/original-militaria.com\/?post_type=product&#038;p=3226"},"modified":"2022-01-31T19:02:58","modified_gmt":"2022-01-31T18:02:58","slug":"usa-granada-de-mano-mk2","status":"publish","type":"product","link":"https:\/\/original-militaria.com\/en\/producto\/usa-granada-de-mano-mk2\/","title":{"rendered":"USA, Granada de Mano MK2"},"content":{"rendered":"<p style=\"text-align: justify\" align=\"justify\"><span style=\"color: #000000;font-family: verdana, geneva, sans-serif;font-size: 12pt\"><strong>ANTECEDENTES:<\/strong> En la Primera Guerra Mundial los estadounidenses no fueron muy preparados y estuvieron en combate poco tiempo antes de finalizar el conflicto. Sin embargo, varias d\u00e9cadas despu\u00e9s ten\u00edan lista una granada muy eficiente, similar a la Mills brit\u00e1nica y tan ic\u00f3nica como ella: el modelo MK2 (o MK-II).\u00a0Existieron diferentes variantes de esta granada, teniendo en cuenta el tipo de explosivo. Como el TNT a veces destru\u00eda demasiado el cuerpo de la granada (posiblemente vaporizando las esquirlas), se lo usaba como relleno en algunos modelos; en otros se usaba p\u00f3lvora negra. Con un peso de 600 gramos cada una y una carga explosiva de 57 gramos de TNT, era una granada cl\u00e1sica de la \u00e9poca, relativamente pesada pero efectiva. Uno de los problemas que ten\u00eda era que, en ambientes de mucha vegetaci\u00f3n como las junglas del Pac\u00edfico, no era raro que los soldados, al llevarlas montadas sobre el chaleco, fueran v\u00edctimas de sus propias armas cuando una rama enganchaba la anilla de seguridad.\u00a0\u00a0pesar de esto la granada sigui\u00f3 en servicio durante toda la guerra. Las enormes cantidades producidas permitieron que la tropa continuara utiliz\u00e1ndolas durante Corea e incluso Vietnam. A pesar de que otros modelos m\u00e1s nuevos la hab\u00edan reemplazado ya oficialmente en el inventario, segu\u00eda siendo \u00fatil y v\u00e1lida en combate. La US Navy fue la \u00faltima rama de las FFAA estadounidenses en usarlas, y fue reemplazada por los modelos M67 y M61.<\/span><\/p>\n<p class=\"MsoNormal\" style=\"text-align: justify\" align=\"justify\"><span style=\"color: #000000;font-family: verdana, geneva, sans-serif;font-size: 12pt\"><strong>DESCRIPCION:<\/strong> Granada de mano defensiva estadounidense en forma de\u00a0pi\u00f1a (1918-1945), es del\u00a0modelo MK2 (o MK-II), tiene detonador a tiempo con espoleta desmontable que se puede llevar aparte y montarla solamente cuando la acci\u00f3n lo requiere. Tiene un agujero en la base, que se hac\u00eda despu\u00e9s de WW2. Completa, todos los componentes originales y totalmente inertes.<\/span><\/p>\n<p class=\"MsoNormal\" style=\"text-align: justify\" align=\"justify\"><span style=\"font-family: verdana, geneva, sans-serif;color: #000000;font-size: 12pt\">\u00a0<\/span><\/p>\n","protected":false},"excerpt":{"rendered":"<p align=\"justify\"><strong><span style=\"font-family: Verdana;color: white;font-size: 9pt\">TECEDENTES:<\/span><\/strong><span style=\"font-family: Verdana;color: white;font-size: 9pt\"> En la Primera Guerra Mundial los estadounidenses no fueron muy preparados y estuvieron en combate poco tiempo antes de finalizar el conflicto. Sin embargo, varias d\u00e9cadas despu\u00e9s ten\u00edan lista una granada muy eficiente, similar a la Mills brit\u00e1nica y tan ic\u00f3nica como ella: el modelo MK2 (o MK-II).\u00a0Existieron diferentes variantes de esta granada, teniendo en cuenta el tipo de explosivo. Como el TNT a veces destru\u00eda demasiado el cuerpo de la granada (posiblemente vaporizando las esquirlas), se lo usaba como relleno en algunos modelos; en otros se usaba p\u00f3lvora negra. Con un peso de 600 gramos cada una y una carga explosiva de 57 gramos de TNT, era una granada cl\u00e1sica de la \u00e9poca, relativamente pesada pero efectiva. Uno de los problemas que ten\u00eda era que, en ambientes de mucha vegetaci\u00f3n como las junglas del Pac\u00edfico, no era raro que los soldados, al llevarlas montadas sobre el chaleco, fueran v\u00edctimas de sus propias armas cuando una rama enganchaba la anilla de seguridad.\u00a0\u00a0pesar de esto la granada sigui\u00f3 en servicio durante toda la guerra. Las enormes cantidades producidas permitieron que la tropa continuara utiliz\u00e1ndolas durante Corea e incluso Vietnam. A pesar de que otros modelos m\u00e1s nuevos la hab\u00edan reemplazado ya oficialmente en el inventario, segu\u00eda siendo \u00fatil y v\u00e1lida en combate. La US Navy fue la \u00faltima rama de las FFAA estadounidenses en usarlas, y fue reemplazada por los modelos M67 y M61.<\/span><\/p>\n<p class=\"MsoNormal\" align=\"justify\"><strong><span style=\"font-family: Verdana;color: white;font-size: 9pt\">DESCRIPCION:<\/span><\/strong><span style=\"font-family: Verdana;color: white;font-size: 9pt\"> Granada de mano defensiva estadounidense en forma de\u00a0pi\u00f1a (1918-1945), es del\u00a0modelo MK2 (o MK-II), tiene detonador a tiempo con espoleta desmontable que se puede llevar aparte y montarla solamente cuando la acci\u00f3n lo requiere. Tiene un agujero en la base, que se hac\u00eda despu\u00e9s de WW2. Completa, todos los componentes originales y totalmente inertes.<\/span><\/p>\n<p class=\"MsoNormal\" align=\"justify\"><span style=\"font-family: Arial;color: white;font-size: 9pt\">\u00a0<\/span><\/p>\n","protected":false},"featured_media":3227,"template":"","meta":[],"product_brand":[],"product_cat":[224],"product_tag":[],"class_list":{"0":"post-3226","1":"product","2":"type-product","3":"status-publish","4":"has-post-thumbnail","6":"product_cat-archivo-vendidos","7":"sales-flash-overlay","8":"woocommerce-text-align-center","9":"woocommerce-image-align-center","10":"do-quantity-buttons","12":"first","13":"outofstock","14":"purchasable","15":"product-type-simple"},"_links":{"self":[{"href":"https:\/\/original-militaria.com\/en\/wp-json\/wp\/v2\/product\/3226","targetHints":{"allow":["GET"]}}],"collection":[{"href":"https:\/\/original-militaria.com\/en\/wp-json\/wp\/v2\/product"}],"about":[{"href":"https:\/\/original-militaria.com\/en\/wp-json\/wp\/v2\/types\/product"}],"wp:featuredmedia":[{"embeddable":true,"href":"https:\/\/original-militaria.com\/en\/wp-json\/wp\/v2\/media\/3227"}],"wp:attachment":[{"href":"https:\/\/original-militaria.com\/en\/wp-json\/wp\/v2\/media?parent=3226"}],"wp:term":[{"taxonomy":"product_brand","embeddable":true,"href":"https:\/\/original-militaria.com\/en\/wp-json\/wp\/v2\/product_brand?post=3226"},{"taxonomy":"product_cat","embeddable":true,"href":"https:\/\/original-militaria.com\/en\/wp-json\/wp\/v2\/product_cat?post=3226"},{"taxonomy":"product_tag","embeddable":true,"href":"https:\/\/original-militaria.com\/en\/wp-json\/wp\/v2\/product_tag?post=3226"}],"curies":[{"name":"wp","href":"https:\/\/api.w.org\/{rel}","templated":true}]}}