{"id":3222,"date":"2017-09-05T11:20:56","date_gmt":"2017-09-05T11:20:56","guid":{"rendered":"https:\/\/original-militaria.com\/?post_type=product&#038;p=3222"},"modified":"2022-01-31T19:02:55","modified_gmt":"2022-01-31T18:02:55","slug":"hombreras-de-comandante-medico","status":"publish","type":"product","link":"https:\/\/original-militaria.com\/en\/producto\/hombreras-de-comandante-medico\/","title":{"rendered":"WH\/ Medical Oberstleutnant\u00b4s Shoulder Boards&#8212;Wehrmacht\/ Hombreras de Comandante Medico."},"content":{"rendered":"<p style=\"text-align: justify\"><strong><span style=\"font-size: medium\"><span style=\"font-family: Verdana\">ANTECEDENTES:<\/span><\/span><\/strong><span style=\"font-size: medium\"><span style=\"font-family: Verdana\"> A pesar de que los grados militares se remontan a los ej\u00e9rcitos de mercenarios del siglo XVII, no fue hasta la creaci\u00f3n de ej\u00e9rcitos permanentes a principios del siglo XVIII, que las insignias de rango comenzaron a ser desarrolladas. Originalmente las hombreras eran funcionales, destinadas a garantizar y conservar en su sitio las correas de donde colgaban las municiones. En 1800 pierden su funci\u00f3n protectora y se mantienen como una insignia indicativa de rango. En 1866 un nuevo sistema de clasificaci\u00f3n para distinguir los rangos se introdujo en sustituci\u00f3n de las anteriores y fueron usados para el uso en los uniformes en los desfiles. A pesar de que las hombreras fueron objeto de numerosas modificaciones menores se mantuvieron b\u00e1sicamente hasta el final de la Segunda Guerra Mundial. A los distintos cuerpos de servicios en el ej\u00e9rcito alem\u00e1n se le asigna un color de distinci\u00f3n, el waffenfarbe, (Subdivisi\u00f3n de Servicio de color).<\/span><\/span><\/p>\n<p style=\"text-align: justify\"><strong><span style=\"font-size: medium\"><span style=\"font-family: Verdana\">DESCRIPCION: <\/span><\/span><\/strong><span style=\"font-size: medium\"><span style=\"font-family: Verdana\">Hombreras (Schulterst\u00fccke) de Comandante (Major) medico con sut\u00e1s realizado en hilo de plata. Modelo desmontable para la Rock blanca.<br \/>\n<\/span><\/span><\/p>\n","protected":false},"excerpt":{"rendered":"<p style=\"text-align: justify\"><strong><span style=\"font-size: medium\"><span style=\"font-family: Verdana\">ANTECEDENTES:<\/span><\/span><\/strong><span style=\"font-size: medium\"><span style=\"font-family: Verdana\"> A pesar de que los grados militares se remontan a los ej\u00e9rcitos de mercenarios del siglo XVII, no fue hasta la creaci\u00f3n de ej\u00e9rcitos permanentes a principios del siglo XVIII, que las insignias de rango comenzaron a ser desarrolladas. Originalmente las hombreras eran funcionales, destinadas a garantizar y conservar en su sitio las correas de donde colgaban las municiones. En 1800 pierden su funci\u00f3n protectora y se mantienen como una insignia indicativa de rango. En 1866 un nuevo sistema de clasificaci\u00f3n para distinguir los rangos se introdujo en sustituci\u00f3n de las anteriores y fueron usados para el uso en los uniformes en los desfiles. A pesar de que las hombreras fueron objeto de numerosas modificaciones menores se mantuvieron b\u00e1sicamente hasta el final de la Segunda Guerra Mundial. A los distintos cuerpos de servicios en el ej\u00e9rcito alem\u00e1n se le asigna un color de distinci\u00f3n, el waffenfarbe, (Subdivisi\u00f3n de Servicio de color).<\/span><\/span><\/p>\n<p style=\"text-align: justify\"><strong><span style=\"font-size: medium\"><span style=\"font-family: Verdana\">DESCRIPCION: <\/span><\/span><\/strong><span style=\"font-size: medium\"><span style=\"font-family: Verdana\">Hombreras (Schulterst\u00fccke) de Comandante Major) medico con sut\u00e1s realizado en hilo de plata. Modelo desmontable para la Rock blanca.<br \/>\n<\/span><\/span><\/p>\n","protected":false},"featured_media":3223,"template":"","meta":[],"product_brand":[],"product_cat":[224],"product_tag":[],"class_list":{"0":"post-3222","1":"product","2":"type-product","3":"status-publish","4":"has-post-thumbnail","6":"product_cat-archivo-vendidos","7":"sales-flash-overlay","8":"woocommerce-text-align-center","9":"woocommerce-image-align-center","10":"do-quantity-buttons","12":"first","13":"outofstock","14":"purchasable","15":"product-type-simple"},"_links":{"self":[{"href":"https:\/\/original-militaria.com\/en\/wp-json\/wp\/v2\/product\/3222","targetHints":{"allow":["GET"]}}],"collection":[{"href":"https:\/\/original-militaria.com\/en\/wp-json\/wp\/v2\/product"}],"about":[{"href":"https:\/\/original-militaria.com\/en\/wp-json\/wp\/v2\/types\/product"}],"wp:featuredmedia":[{"embeddable":true,"href":"https:\/\/original-militaria.com\/en\/wp-json\/wp\/v2\/media\/3223"}],"wp:attachment":[{"href":"https:\/\/original-militaria.com\/en\/wp-json\/wp\/v2\/media?parent=3222"}],"wp:term":[{"taxonomy":"product_brand","embeddable":true,"href":"https:\/\/original-militaria.com\/en\/wp-json\/wp\/v2\/product_brand?post=3222"},{"taxonomy":"product_cat","embeddable":true,"href":"https:\/\/original-militaria.com\/en\/wp-json\/wp\/v2\/product_cat?post=3222"},{"taxonomy":"product_tag","embeddable":true,"href":"https:\/\/original-militaria.com\/en\/wp-json\/wp\/v2\/product_tag?post=3222"}],"curies":[{"name":"wp","href":"https:\/\/api.w.org\/{rel}","templated":true}]}}