{"id":3216,"date":"2017-09-05T11:20:55","date_gmt":"2017-09-05T11:20:55","guid":{"rendered":"https:\/\/original-militaria.com\/?post_type=product&#038;p=3216"},"modified":"2022-01-31T19:02:55","modified_gmt":"2022-01-31T18:02:55","slug":"hebilla-de-las-sa-sturmabteilung","status":"publish","type":"product","link":"https:\/\/original-militaria.com\/en\/producto\/hebilla-de-las-sa-sturmabteilung\/","title":{"rendered":"Hebilla de las SA (Sturmabteilung)"},"content":{"rendered":"<p align=\"justify\"><span style=\"font-size: 12pt\"><strong><span style=\"font-family: Verdana\">ANTECEDENTES:<\/span><\/strong><span style=\"font-family: Verdana\">\u00a0Las\u00a0fuerzas de asalto de las SA, \u201cSturmabteilung\u201d fueron formadas originalmente en agosto de 1921 como unidad de protecci\u00f3n para los l\u00edderes pol\u00edticos del partido nazi. Como con el NSDAP, \u201cNationalsozialistische Deutsche Arbeiterpartei\u201d (Partido Nacional Socialista alem\u00e1n de los trabajadores), el SA fue estructurado a lo largo de l\u00edneas para-militares. La mayor parte de sus reclutas eran de las filas de los varios grupos de \u201cFreikorps\u201d, integrados principalmente por ex-soldados, la primera vez\u00a0los utilizaron en una reuni\u00f3n del partido nazi en Munich en noviembre de 1921. <\/span><\/span><\/p>\n<p align=\"justify\"><span style=\"font-size: 12pt\"><strong><span style=\"font-family: Verdana\">DESCRIPCI\u00d3N:<\/span><\/strong><span style=\"font-family: Verdana\">\u00a0 Hebilla\u00a0<\/span><span style=\"font-family: Verdana\">\u00a0(Koppelschlo\u00df) 3er modelo <\/span><span style=\"font-family: Verdana\">de suboficial de las SA,\u00a0fabricada de dos piezas en lat\u00f3n dorado al 90%, lleva campo sobre el cual va una placa de cara que ofrece el \u00e1guila nacional que agarra una orla de hojas de roble rodeando una esv\u00e1stica\u00a0en un circulo levemente abovedado. El \u00e1guila tiene las alas extendidas. La placa esta unida por dos puntos.\u00a0 Est\u00e1 en un estado magnifico.<\/span><\/span><\/p>\n","protected":false},"excerpt":{"rendered":"<p align=\"justify\"><strong><span style=\"font-family: Verdana;font-size: 9pt\">ANTECEDENTES:<\/span><\/strong><span style=\"font-family: Verdana;font-size: 9pt\">\u00a0Las\u00a0fuerzas de asalto de las SA, \u201cSturmabteilung\u201d fueron formadas originalmente en agosto de 1921 como unidad de protecci\u00f3n para los l\u00edderes pol\u00edticos del partido nazi. Como con el NSDAP, \u201cNationalsozialistische Deutsche Arbeiterpartei\u201d (Partido Nacional Socialista alem\u00e1n de los trabajadores), el SA fue estructurado a lo largo de l\u00edneas para-militares. La mayor parte de sus reclutas eran de las filas de los varios grupos de \u201cFreikorps\u201d, integrados principalmente por ex-soldados, la primera vez\u00a0los utilizaron en una reuni\u00f3n del partido nazi en Munich en noviembre de 1921. <\/span><\/p>\n<p align=\"justify\"><strong><span style=\"font-family: Verdana;font-size: 9pt\">DESCRIPCI\u00d3N:<\/span><\/strong><span style=\"font-family: Verdana;font-size: 9pt\">\u00a0 Hebilla\u00a0<\/span><span style=\"font-family: Verdana;font-size: 10pt\">\u00a0(Koppelschlo\u00df) 3er modelo <\/span><span style=\"font-family: Verdana;font-size: 9pt\">de suboficial de las SA,\u00a0fabricada de dos piezas en lat\u00f3n dorado al 90%, lleva campo sobre el cual va una placa de cara que ofrece el \u00e1guila nacional que agarra una orla de hojas de roble rodeando una esv\u00e1stica\u00a0en un circulo levemente abovedado. El \u00e1guila tiene las alas extendidas. La placa esta unida por dos puntos.\u00a0 Est\u00e1 en un estado magnifico.<\/span><\/p>\n","protected":false},"featured_media":3217,"template":"","meta":[],"product_brand":[],"product_cat":[224],"product_tag":[],"class_list":{"0":"post-3216","1":"product","2":"type-product","3":"status-publish","4":"has-post-thumbnail","6":"product_cat-archivo-vendidos","7":"sales-flash-overlay","8":"woocommerce-text-align-center","9":"woocommerce-image-align-center","10":"do-quantity-buttons","12":"first","13":"outofstock","14":"purchasable","15":"product-type-simple"},"_links":{"self":[{"href":"https:\/\/original-militaria.com\/en\/wp-json\/wp\/v2\/product\/3216","targetHints":{"allow":["GET"]}}],"collection":[{"href":"https:\/\/original-militaria.com\/en\/wp-json\/wp\/v2\/product"}],"about":[{"href":"https:\/\/original-militaria.com\/en\/wp-json\/wp\/v2\/types\/product"}],"wp:featuredmedia":[{"embeddable":true,"href":"https:\/\/original-militaria.com\/en\/wp-json\/wp\/v2\/media\/3217"}],"wp:attachment":[{"href":"https:\/\/original-militaria.com\/en\/wp-json\/wp\/v2\/media?parent=3216"}],"wp:term":[{"taxonomy":"product_brand","embeddable":true,"href":"https:\/\/original-militaria.com\/en\/wp-json\/wp\/v2\/product_brand?post=3216"},{"taxonomy":"product_cat","embeddable":true,"href":"https:\/\/original-militaria.com\/en\/wp-json\/wp\/v2\/product_cat?post=3216"},{"taxonomy":"product_tag","embeddable":true,"href":"https:\/\/original-militaria.com\/en\/wp-json\/wp\/v2\/product_tag?post=3216"}],"curies":[{"name":"wp","href":"https:\/\/api.w.org\/{rel}","templated":true}]}}