{"id":3206,"date":"2017-09-05T11:20:54","date_gmt":"2017-09-05T11:20:54","guid":{"rendered":"https:\/\/original-militaria.com\/?post_type=product&#038;p=3206"},"modified":"2022-01-31T19:02:54","modified_gmt":"2022-01-31T18:02:54","slug":"casco-ruso-m36-ww2","status":"publish","type":"product","link":"https:\/\/original-militaria.com\/en\/producto\/casco-ruso-m36-ww2\/","title":{"rendered":"Casco Ruso M36 ww2."},"content":{"rendered":"<p class=\"MsoNormal\" style=\"margin: 0cm 0cm 0pt\" align=\"justify\"><span style=\"font-family: verdana, geneva, sans-serif;font-size: 12pt\"><strong>DESCRIPCION:<\/strong> Casco sovi\u00e9tico ww2 M36 (SSch-36), interior completo incluso con sus cojines (generalmente no est\u00e1n) pintura de fabrica original, color para M36, M39 y 40. Talla 57-58, este modelo llego a Espa\u00f1a tambi\u00e9n en la Guerra Civil.<\/span><\/p>\n","protected":false},"excerpt":{"rendered":"<p class=\"MsoNormal\" style=\"margin: 0cm 0cm 0pt\" align=\"justify\"><span style=\"font-family: Arial;font-size: 9pt\"><strong><span style=\"font-family: Verdana;font-size: 9pt\">DESCRIPCION:<\/span><\/strong><span style=\"font-family: Verdana;font-size: 9pt\"> Casco sovi\u00e9tico ww2 M36 (SSch-36), interior completo incluso con sus cojines (generalmente no est\u00e1n) pintura de fabrica original, color para M36, M39 y 40. Talla 57-58, este modelo llego a Espa\u00f1a tambi\u00e9n en la Guerra Civil.<\/span><\/span><\/p>\n","protected":false},"featured_media":3207,"template":"","meta":[],"product_brand":[],"product_cat":[224],"product_tag":[],"class_list":{"0":"post-3206","1":"product","2":"type-product","3":"status-publish","4":"has-post-thumbnail","6":"product_cat-archivo-vendidos","7":"sales-flash-overlay","8":"woocommerce-text-align-center","9":"woocommerce-image-align-center","10":"do-quantity-buttons","12":"first","13":"outofstock","14":"purchasable","15":"product-type-simple"},"_links":{"self":[{"href":"https:\/\/original-militaria.com\/en\/wp-json\/wp\/v2\/product\/3206","targetHints":{"allow":["GET"]}}],"collection":[{"href":"https:\/\/original-militaria.com\/en\/wp-json\/wp\/v2\/product"}],"about":[{"href":"https:\/\/original-militaria.com\/en\/wp-json\/wp\/v2\/types\/product"}],"wp:featuredmedia":[{"embeddable":true,"href":"https:\/\/original-militaria.com\/en\/wp-json\/wp\/v2\/media\/3207"}],"wp:attachment":[{"href":"https:\/\/original-militaria.com\/en\/wp-json\/wp\/v2\/media?parent=3206"}],"wp:term":[{"taxonomy":"product_brand","embeddable":true,"href":"https:\/\/original-militaria.com\/en\/wp-json\/wp\/v2\/product_brand?post=3206"},{"taxonomy":"product_cat","embeddable":true,"href":"https:\/\/original-militaria.com\/en\/wp-json\/wp\/v2\/product_cat?post=3206"},{"taxonomy":"product_tag","embeddable":true,"href":"https:\/\/original-militaria.com\/en\/wp-json\/wp\/v2\/product_tag?post=3206"}],"curies":[{"name":"wp","href":"https:\/\/api.w.org\/{rel}","templated":true}]}}