{"id":3202,"date":"2017-09-05T11:20:53","date_gmt":"2017-09-05T11:20:53","guid":{"rendered":"https:\/\/original-militaria.com\/?post_type=product&#038;p=3202"},"modified":"2022-01-31T19:02:53","modified_gmt":"2022-01-31T18:02:53","slug":"funda-de-policia-para-la-p08","status":"publish","type":"product","link":"https:\/\/original-militaria.com\/en\/producto\/funda-de-policia-para-la-p08\/","title":{"rendered":"Police\/ P08 Luger Holster&#8212;Funda de Polic\u00eda para la P08"},"content":{"rendered":"<p style=\"text-align: justify\" align=\"justify\"><span style=\"font-size: 12pt;font-family: verdana, geneva, sans-serif\"><strong>ANTECEDENTES:<\/strong> El 17 de junio de 1936, el Reichsf\u00fchrer-SS &#8220;Heinrich Himmler&#8221; fue nombrado &#8220;Chef der Deutschen Polizei im Reichsministerium des Innern&#8221; (Jefe de la polic\u00eda alemana en el Consejo Nacional del Ministerio del Interior), d\u00e1ndole de manera efectiva el control total de todos los organismos policiales en Alemania. Como consecuencia de este nombramiento y la reestructuraci\u00f3n de todas las polic\u00edas del estado alem\u00e1n en una sola fuerza de polic\u00eda nacional se instituyeron nuevas normas el 25 de Junio 1936 para lograr la uniformidad en el vestir para todas las comisar\u00edas de polic\u00eda en todo el pa\u00eds. Una de las nuevas normas dictadas fue\u00a0el color de todos los accesorios de cuero seg\u00fan la rama de servicio con el Ordnungspolizei (Orden de Polic\u00eda), la Schutzpolizei, (Polic\u00eda de Protecci\u00f3n), y Gemeindepolizei, (Polic\u00eda Municipal), el negro,\u00a0mientras que la Gendarmer\u00eda, (polic\u00eda rural), y la Polizeibeamten, (polic\u00eda),\u00a0usaban cuero marr\u00f3n.\u00a0 <\/span><\/p>\n<p style=\"text-align: justify\"><span style=\"font-size: 12pt;font-family: verdana, geneva, sans-serif\"><strong>DESCRIPCI\u00d3N:<\/strong> Funda de polic\u00eda (Pistolentaschen P08) en cuero negro flexible, moldeado, liso, para la pistola Luger P08. Tiene una correa de cuero vertical para el cierre de la misma que pasa por una trabilla de cuero tambi\u00e9n. En el reverso entre las dos trabillas tiene marcaje del fabricante y el a\u00f1o &#8220;Afischer, Berl\u00edn C.2, 1942&#8221;.<\/span><\/p>\n","protected":false},"excerpt":{"rendered":"<p align=\"justify\"><strong><span style=\"font-family: Verdana;font-size: 9pt\">ANTECEDENTES:<\/span><\/strong><span style=\"font-family: Verdana;font-size: 9pt\"> El 17 de junio de 1936, el Reichsf\u00fchrer-SS &#8220;Heinrich Himmler&#8221; fue nombrado &#8220;Chef der Deutschen Polizei im Reichsministerium des Innern&#8221; (Jefe de la polic\u00eda alemana en el Consejo Nacional del Ministerio del Interior), d\u00e1ndole de manera efectiva el control total de todos los organismos policiales en Alemania. Como consecuencia de este nombramiento y la reestructuraci\u00f3n de todas las polic\u00edas del estado alem\u00e1n en una sola fuerza de polic\u00eda nacional se instituyeron nuevas normas el 25 de Junio 1936 para lograr la uniformidad en el vestir para todas las comisar\u00edas de polic\u00eda en todo el pa\u00eds. Una de las nuevas normas dictadas fue\u00a0el color de todos los accesorios de cuero seg\u00fan la rama de servicio con el Ordnungspolizei (Orden de Polic\u00eda), la Schutzpolizei, (Polic\u00eda de Protecci\u00f3n), y Gemeindepolizei, (Polic\u00eda Municipal), el negro,\u00a0mientras que la Gendarmer\u00eda, (polic\u00eda rural), y la Polizeibeamten, (polic\u00eda),\u00a0usaban cuero marr\u00f3n.\u00a0 <\/span><\/p>\n<p><strong><span style=\"font-family: Verdana\">DESCRIPCI\u00d3N:<\/span><\/strong> Funda de polic\u00eda <span style=\"font-family: Verdana;font-size: 10pt\">(Pistolentaschen P08) <\/span><span style=\"font-family: Verdana;font-size: 9pt\">en cuero negro flexible, moldeado, liso, para la pistola Luger P08. Tiene una correa de cuero vertical para el cierre de la misma que pasa por una trabilla de cuero tambi\u00e9n. En el reverso entre las dos trabillas tiene marcaje del fabricante y el a\u00f1o <span style=\"color: #ff0000\">&#8220;Afischer, Berl\u00edn C.2, 1942&#8221;<\/span>.<\/span><\/p>\n","protected":false},"featured_media":3203,"template":"","meta":[],"product_brand":[],"product_cat":[224],"product_tag":[],"class_list":{"0":"post-3202","1":"product","2":"type-product","3":"status-publish","4":"has-post-thumbnail","6":"product_cat-archivo-vendidos","7":"sales-flash-overlay","8":"woocommerce-text-align-center","9":"woocommerce-image-align-center","10":"do-quantity-buttons","12":"first","13":"outofstock","14":"purchasable","15":"product-type-simple"},"_links":{"self":[{"href":"https:\/\/original-militaria.com\/en\/wp-json\/wp\/v2\/product\/3202","targetHints":{"allow":["GET"]}}],"collection":[{"href":"https:\/\/original-militaria.com\/en\/wp-json\/wp\/v2\/product"}],"about":[{"href":"https:\/\/original-militaria.com\/en\/wp-json\/wp\/v2\/types\/product"}],"wp:featuredmedia":[{"embeddable":true,"href":"https:\/\/original-militaria.com\/en\/wp-json\/wp\/v2\/media\/3203"}],"wp:attachment":[{"href":"https:\/\/original-militaria.com\/en\/wp-json\/wp\/v2\/media?parent=3202"}],"wp:term":[{"taxonomy":"product_brand","embeddable":true,"href":"https:\/\/original-militaria.com\/en\/wp-json\/wp\/v2\/product_brand?post=3202"},{"taxonomy":"product_cat","embeddable":true,"href":"https:\/\/original-militaria.com\/en\/wp-json\/wp\/v2\/product_cat?post=3202"},{"taxonomy":"product_tag","embeddable":true,"href":"https:\/\/original-militaria.com\/en\/wp-json\/wp\/v2\/product_tag?post=3202"}],"curies":[{"name":"wp","href":"https:\/\/api.w.org\/{rel}","templated":true}]}}