{"id":3196,"date":"2017-09-05T11:20:52","date_gmt":"2017-09-05T11:20:52","guid":{"rendered":"https:\/\/original-militaria.com\/?post_type=product&#038;p=3196"},"modified":"2022-01-31T19:02:53","modified_gmt":"2022-01-31T18:02:53","slug":"funda-2-modelo-para-la-pistola-walther-p38","status":"publish","type":"product","link":"https:\/\/original-militaria.com\/en\/producto\/funda-2-modelo-para-la-pistola-walther-p38\/","title":{"rendered":"Funda 2\u00ba Modelo para la Pistola Walther P38"},"content":{"rendered":"<p align=\"justify\"><span style=\"font-size: 12pt\"><strong><span style=\"font-family: Verdana\">DESCRIPCION:<\/span><\/strong><span style=\"font-family: Verdana\"> Funda de combate del 2\u00ba modelo en cuero ligero negro de becerro para la pistola Walther P38, lleva\u00a0manufactura <span style=\"color: #ff0000\">&#8220;STOLLA- WIEN&#8221;<\/span> (fabricante austriaco de Viena que hizo accesorios de cuero\u00a0de uso militar para las armas, antes, durante y despu\u00e9s de la Segunda Guerra Mundial) y el a\u00f1o de fabricaci\u00f3n <span style=\"color: #ff0000\">1941<\/span>. Lleva un cierre con doble solapa que ocultaba el arma superior y lateralmente, por lo que al ser las dos abatibles era m\u00e1s f\u00e1cil y r\u00e1pida de extraer. Perfecto estado.<\/span><\/span><\/p>\n","protected":false},"excerpt":{"rendered":"<p align=\"justify\"><strong><span style=\"font-family: Verdana;font-size: 9pt\">DESCRIPCION:<\/span><\/strong><span style=\"font-family: Verdana;font-size: 9pt\"> Funda de combate del 2\u00ba modelo en cuero ligero negro de becerro para la pistola Walther P38, lleva\u00a0manufactura <span style=\"color: #ff0000\">&#8220;STOLLA- WIEN&#8221;<\/span> (fabricante austriaco de Viena que hizo accesorios de cuero\u00a0de uso militar para las armas, antes, durante y despu\u00e9s de la Segunda Guerra Mundial) y el a\u00f1o de fabricaci\u00f3n <span style=\"color: #ff0000\">1941<\/span>. Lleva un cierre con doble solapa que ocultaba el arma superior y lateralmente, por lo que al ser las dos abatibles era m\u00e1s f\u00e1cil y r\u00e1pida de extraer. Perfecto estado.<\/span><\/p>\n","protected":false},"featured_media":3197,"template":"","meta":[],"product_brand":[],"product_cat":[224],"product_tag":[],"class_list":{"0":"post-3196","1":"product","2":"type-product","3":"status-publish","4":"has-post-thumbnail","6":"product_cat-archivo-vendidos","7":"sales-flash-overlay","8":"woocommerce-text-align-center","9":"woocommerce-image-align-center","10":"do-quantity-buttons","12":"first","13":"outofstock","14":"purchasable","15":"product-type-simple"},"_links":{"self":[{"href":"https:\/\/original-militaria.com\/en\/wp-json\/wp\/v2\/product\/3196","targetHints":{"allow":["GET"]}}],"collection":[{"href":"https:\/\/original-militaria.com\/en\/wp-json\/wp\/v2\/product"}],"about":[{"href":"https:\/\/original-militaria.com\/en\/wp-json\/wp\/v2\/types\/product"}],"wp:featuredmedia":[{"embeddable":true,"href":"https:\/\/original-militaria.com\/en\/wp-json\/wp\/v2\/media\/3197"}],"wp:attachment":[{"href":"https:\/\/original-militaria.com\/en\/wp-json\/wp\/v2\/media?parent=3196"}],"wp:term":[{"taxonomy":"product_brand","embeddable":true,"href":"https:\/\/original-militaria.com\/en\/wp-json\/wp\/v2\/product_brand?post=3196"},{"taxonomy":"product_cat","embeddable":true,"href":"https:\/\/original-militaria.com\/en\/wp-json\/wp\/v2\/product_cat?post=3196"},{"taxonomy":"product_tag","embeddable":true,"href":"https:\/\/original-militaria.com\/en\/wp-json\/wp\/v2\/product_tag?post=3196"}],"curies":[{"name":"wp","href":"https:\/\/api.w.org\/{rel}","templated":true}]}}