{"id":3164,"date":"2017-09-05T11:20:42","date_gmt":"2017-09-05T11:20:42","guid":{"rendered":"https:\/\/original-militaria.com\/?post_type=product&#038;p=3164"},"modified":"2023-01-03T22:07:42","modified_gmt":"2023-01-03T21:07:42","slug":"fusil-militar-de-marina-inglesa-sistema-westley-richards-co-y-whitworth-de-1867","status":"publish","type":"product","link":"https:\/\/original-militaria.com\/en\/producto\/fusil-militar-de-marina-inglesa-sistema-westley-richards-co-y-whitworth-de-1867\/","title":{"rendered":"English Navy Fusil Military System &#8220;Westley Richards &amp; Co&#8221; y &#8220;Whitworth&#8221; de 1867&#8212;Fusil Militar de Marina Inglesa Sistema &#8220;Westley Richards &amp; Co&#8221; y &#8220;Whitworth&#8221; de 1867"},"content":{"rendered":"<p style=\"text-align: justify;\" align=\"justify\"><span style=\"font-family: verdana, geneva, sans-serif; font-size: 12pt;\"><strong>ANTECEDENTES:<\/strong> Westley Richards Arms &amp; Ammunition Co, Birmingham\/GB. Sociedad de Thomas greenwood, Westley Richards y John Batley. Whitworth Joseph, Manchester, Lancs\/GB, 1803-1887, se establece en Londres entre 1865 y 1869 en el 28 de Pall Mall, gerente y propietario de la fabrica &#8220;whitworth &amp; co&#8221;, realizando diferentes patentes en armas y municiones. Fuente enciclopedia &#8220;Stocker&#8221; volumen 2, paginas 1369 y 1380. <\/span><\/p>\n<p style=\"text-align: justify;\"><span style=\"font-family: verdana, geneva, sans-serif; font-size: 12pt;\"><strong>DESCRIPCION:<\/strong> Fusil militar para la Marina de Guerra Inglesa, marcado en la platina con la fecha de <strong>1867<\/strong> y el nombre de la patente, sistema de tiro patentado por <strong>&#8220;Westley Richards&#8221;<\/strong> y con otra patente de<strong> &#8220;Whitworth&#8221;<\/strong>, caja de madera de nogal, tiene el guardamonte, cantonera y punta de lat\u00f3n, resto de aparejos, incluyendo sus dos argollas para sujetar la correa de transporte de hierro, caracter\u00edsticas de marina, en la parte inferior de la culata, en la cantonera tiene los datos identificativos del arma. El mecanismo es de bloque pivotante con bisagra, conteniendo en su interior una aguja que conecta el golpe del percutor transmiti\u00e9ndolo al fulminante del cartucho. Este bloque esta fijo en su posici\u00f3n de cerrado por un pestillo a resorte. Se abre hacia arriba descubriendo as\u00ed la recamara y permitiendo la carga, el ca\u00f1\u00f3n de forma cil\u00edndrica con grueso punto de mira y alza tiene junto al punto de mira est\u00e1 provisto de punto para la bayoneta. Fusil muy raro de encontrar y en perfecto funcionamiento. Le falta la baqueta, usual en este tipo de armas.<\/span><\/p>\n<p style=\"text-align: justify;\"><span style=\"font-family: verdana, geneva, sans-serif; font-size: 12pt;\">Longitud total 1260 mm\u00a0\u00a0 <\/span><\/p>\n<p style=\"text-align: justify;\" align=\"justify\"><span style=\"font-family: verdana, geneva, sans-serif; font-size: 12pt;\"><strong>Nota.-<\/strong> Est\u00e1 inscrito en el libro de coleccionista, lo puede solicitar gratuitamente sin tener licencia en su Intervenci\u00f3n de armas de la Guardia Civil. <\/span><\/p>\n<p style=\"text-align: justify;\"><span style=\"font-family: verdana, geneva, sans-serif; font-size: 12pt;\"><strong>AVISO:<\/strong> Revisa la normativa espa\u00f1ola para la tenencia de armas antes de realizar la compra<\/span><br \/>\n<span style=\"font-family: verdana, geneva, sans-serif;\"> <small><a title=\"Normativa espa\u00f1ola para la tenencia de armas. Guardia Civil.\" href=\"http:\/\/www.guardiacivil.es\/es\/servicios\/armasyexplosivo\/index.html\" target=\"_blank\" rel=\"noopener noreferrer nofollow\"> Guardia Civil (Intervenci\u00f3n de Armas Virtual)<\/a><\/small><\/span><\/p>\n","protected":false},"excerpt":{"rendered":"<p align=\"justify\"><span style=\"font-family: Verdana; font-size: medium;\"><strong>ANTECEDENTES:<\/strong> Westley Richards Arms &amp; Ammunition Co, Birmingham\/GB. Sociedad de Thomas greenwood, Westley Richards y John Batley. Whitworth Joseph, Manchester, Lancs\/GB, 1803-1887, se establece en Londres entre 1865 y 1869 en el 28 de Pall Mall, gerente y propietario de la fabrica &#8220;whitworth &amp; co&#8221;, realizando diferentes patentes en armas y municiones. Fuente enciclopedia &#8220;Stocker&#8221; volumen 2, paginas 1369 y 1380. <\/span><\/p>\n<p><strong>DESCRIPCION:<\/strong> Fusil militar para la Marina de Guerra Inglesa, marcado en la platinacon la fecha de <span style=\"color: #ff0000;\">1867<\/span> y el nombre de la patente, sistema de tiro patentado por <span style=\"color: #ff0000;\">&#8220;Westley Richards&#8221;<\/span> y con otra patente de <span style=\"color: #ff0000;\">&#8220;Whitworth&#8221;<\/span>, caja de madera de nogal, tiene el guardamonte, cantonera y punta de lat\u00f3n, resto de aparejos, incluyendo sus dos argollas para sujetar la correa de transporte de hierro, caracter\u00edsticas de marina, en la parte inferior de la culata, en la cantonera tiene los datos identificativos del arma. El mecanismo es de bloque pivotante con bisagra, conteniendo en su interior una aguja que conecta el golpe del percutor transmiti\u00e9ndolo al fulminante del cartucho. Este bloque esta fijo en su posici\u00f3n de cerrado por un pestillo a resorte. Se abre hacia arriba descubriendo as\u00ed la recamara y permitiendo la carga, el ca\u00f1\u00f3n de forma cil\u00edndrica con grueso punto de mira y alza tiene junto al punto de mira est\u00e1 provisto de punto para la bayoneta. Fusil muy raro de encontrar y en perfecto funcionamiento. Le falta la baqueta, usual en este tipo de armas.<\/p>\n<p>Longitud total 1260 mm\u00a0<span style=\"font-family: Verdana; font-size: medium;\">\u00a0 <\/span><\/p>\n<p align=\"justify\"><strong><span style=\"font-family: Verdana;\"><span style=\"color: #ff0000; font-size: medium;\">Nota.-<\/span><\/span><\/strong><span style=\"font-family: Verdana;\"><span style=\"font-size: medium;\"> Est\u00e1 inscrito en el libro de coleccionista, lo puede solicitar gratuitamente sin tener licencia en su Intervenci\u00f3n de armas de la Guardia Civil. <\/span><\/span><\/p>\n<p><strong><span style=\"font-family: Verdana;\"><span style=\"color: #ff0000;\">Nota 2.-<\/span><\/span><\/strong> Seg\u00fan el <strong><span style=\"font-family: Verdana;\">Art. 107<\/span><\/strong>,\u00a0<strong><span style=\"font-family: Verdana;\">Cap\u00edtulo V<\/span><\/strong>, <strong><span style=\"font-family: Verdana;\">Secci\u00f3n I<\/span><\/strong>, <strong><span style=\"font-family: Verdana;\">p\u00e1rrafo E<\/span><\/strong>, del Reglamento de Armas, tambi\u00e9n se puede comprar <strong><span style=\"font-family: Verdana;\">sin tener libro de coleccionista<\/span><\/strong> ateni\u00e9ndose a la siguiente disposici\u00f3n:<\/p>\n<p>No obstante lo dispuesto en otros preceptos de este Reglamento, se considerar\u00e1 autorizada la posesi\u00f3n en el propio domicilio, sin los requisitos determinados en ellos, de <strong><span style=\"font-family: Verdana;\">un arma de fuego corta o larga<\/span><\/strong> de las no prohibidas a particulares, <strong><span style=\"font-family: Verdana;\">acreditando su especial valor hist\u00f3rico o art\u00edstico<\/span><\/strong>, o de <strong><span style=\"font-family: Verdana;\">dos armas de avancarga<\/span><\/strong>, documentadas con las correspondientes gu\u00edas de pertenencia, <strong><span style=\"font-family: Verdana;\">previa aportaci\u00f3n del informe de aptitud regulado en el art\u00edculo 98<\/span><\/strong>, adoptando las medidas de seguridad necesarias para su custodia y no pudiendo utilizarlas ni enajenarlas, salvo dando cumplimiento a lo dispuesto al respecto en los preceptos espec\u00edficos de este Reglamento. La infracci\u00f3n de lo dispuesto en este apartado tendr\u00e1 la consideraci\u00f3n de grave y llevar\u00e1 aparejada en todo caso la retirada definitiva de las armas de que se trate.<\/p>\n","protected":false},"featured_media":3165,"template":"","meta":[],"product_brand":[],"product_cat":[224],"product_tag":[],"class_list":{"0":"post-3164","1":"product","2":"type-product","3":"status-publish","4":"has-post-thumbnail","6":"product_cat-archivo-vendidos","7":"sales-flash-overlay","8":"woocommerce-text-align-center","9":"woocommerce-image-align-center","10":"do-quantity-buttons","12":"first","13":"outofstock","14":"product-type-simple"},"_links":{"self":[{"href":"https:\/\/original-militaria.com\/en\/wp-json\/wp\/v2\/product\/3164","targetHints":{"allow":["GET"]}}],"collection":[{"href":"https:\/\/original-militaria.com\/en\/wp-json\/wp\/v2\/product"}],"about":[{"href":"https:\/\/original-militaria.com\/en\/wp-json\/wp\/v2\/types\/product"}],"wp:featuredmedia":[{"embeddable":true,"href":"https:\/\/original-militaria.com\/en\/wp-json\/wp\/v2\/media\/3165"}],"wp:attachment":[{"href":"https:\/\/original-militaria.com\/en\/wp-json\/wp\/v2\/media?parent=3164"}],"wp:term":[{"taxonomy":"product_brand","embeddable":true,"href":"https:\/\/original-militaria.com\/en\/wp-json\/wp\/v2\/product_brand?post=3164"},{"taxonomy":"product_cat","embeddable":true,"href":"https:\/\/original-militaria.com\/en\/wp-json\/wp\/v2\/product_cat?post=3164"},{"taxonomy":"product_tag","embeddable":true,"href":"https:\/\/original-militaria.com\/en\/wp-json\/wp\/v2\/product_tag?post=3164"}],"curies":[{"name":"wp","href":"https:\/\/api.w.org\/{rel}","templated":true}]}}