{"id":3160,"date":"2017-09-05T11:20:41","date_gmt":"2017-09-05T11:20:41","guid":{"rendered":"https:\/\/original-militaria.com\/?post_type=product&#038;p=3160"},"modified":"2026-03-20T11:42:49","modified_gmt":"2026-03-20T10:42:49","slug":"esclava-de-la-legion","status":"publish","type":"product","link":"https:\/\/original-militaria.com\/en\/producto\/esclava-de-la-legion\/","title":{"rendered":"Esclava de la Legi\u00f3n"},"content":{"rendered":"<p align=\"justify\"><span style=\"font-family: Verdana; font-size: medium;\">Estupenda esclava con el emblema de la Legi\u00f3n de los a\u00f1os 40 en plata baja con sus punzones y con su cadena, se vend\u00edan en joyer\u00edas de la \u00e9poca. Excelente estado.<\/span><\/p>\n<p>&nbsp;<\/p>\n","protected":false},"excerpt":{"rendered":"<p align=\"justify\"><span style=\"font-family: Verdana; font-size: medium;\"><strong>DESCRIPCION:<\/strong> Estupenda esclava con el emblema de la Legi\u00f3n de los a\u00f1os 40 en plata baja con sus punzones y con su cadena, se vendian en joyer\u00edas de la \u00e9poca. Excelente estado.<\/span><\/p>\n<p>&nbsp;<\/p>\n","protected":false},"featured_media":3161,"template":"","meta":[],"product_brand":[],"product_cat":[195],"product_tag":[],"class_list":{"0":"post-3160","1":"product","2":"type-product","3":"status-publish","4":"has-post-thumbnail","6":"product_cat-epoca-de-franco","7":"sales-flash-overlay","8":"woocommerce-text-align-center","9":"woocommerce-image-align-center","10":"do-quantity-buttons","12":"first","13":"instock","14":"purchasable","15":"product-type-simple"},"_links":{"self":[{"href":"https:\/\/original-militaria.com\/en\/wp-json\/wp\/v2\/product\/3160","targetHints":{"allow":["GET"]}}],"collection":[{"href":"https:\/\/original-militaria.com\/en\/wp-json\/wp\/v2\/product"}],"about":[{"href":"https:\/\/original-militaria.com\/en\/wp-json\/wp\/v2\/types\/product"}],"wp:featuredmedia":[{"embeddable":true,"href":"https:\/\/original-militaria.com\/en\/wp-json\/wp\/v2\/media\/3161"}],"wp:attachment":[{"href":"https:\/\/original-militaria.com\/en\/wp-json\/wp\/v2\/media?parent=3160"}],"wp:term":[{"taxonomy":"product_brand","embeddable":true,"href":"https:\/\/original-militaria.com\/en\/wp-json\/wp\/v2\/product_brand?post=3160"},{"taxonomy":"product_cat","embeddable":true,"href":"https:\/\/original-militaria.com\/en\/wp-json\/wp\/v2\/product_cat?post=3160"},{"taxonomy":"product_tag","embeddable":true,"href":"https:\/\/original-militaria.com\/en\/wp-json\/wp\/v2\/product_tag?post=3160"}],"curies":[{"name":"wp","href":"https:\/\/api.w.org\/{rel}","templated":true}]}}