{"id":3143,"date":"2017-09-05T11:20:35","date_gmt":"2017-09-05T11:20:35","guid":{"rendered":"https:\/\/original-militaria.com\/?post_type=product&#038;p=3143"},"modified":"2022-01-31T19:02:53","modified_gmt":"2022-01-31T18:02:53","slug":"espada-francesa-de-oficial-m1855","status":"publish","type":"product","link":"https:\/\/original-militaria.com\/en\/producto\/espada-francesa-de-oficial-m1855\/","title":{"rendered":"Espada Francesa de Oficial M1855"},"content":{"rendered":"<p align=\"justify\"><span style=\"font-family: Verdana;font-size: medium\"><strong>DESCRIPCION:<\/strong> Excelente y raro modelo de espada de Oficial de Caballer\u00eda frances, similar al M1854, tiene magnifica hoja recta con doble acanaladura en donde se encuentra inscrito el modelo <span style=\"color: #ff0000\">&#8220;1855&#8221;<\/span> y la manufactura Imperial en <span style=\"color: #ff0000\">&#8220;1869&#8221;<\/span>. Guarnici\u00f3n de hierro formada por tres gavilanes, guardamano, gu\u00edas de vaina, galluelo y monterilla corrida. Pu\u00f1o de madera cubierto de cuero y alambrado con torzal de hierro. Tiene vaina de hierro con dos abrazaderas. <\/span><\/p>\n<p><span style=\"font-family: verdana, geneva, sans-serif\">Longitud total 1030 mm<\/span><\/p>\n<p><span style=\"font-family: verdana, geneva, sans-serif\">Longitud de la hoja 870 mm<\/span><\/p>\n<p><span style=\"font-family: verdana, geneva, sans-serif\"><strong>AVISO:<\/strong> Revisa la normativa espa\u00f1ola para la tenencia de armas antes de realizar la compra<\/span><br \/>\n<small><a title=\"Normativa espa\u00f1ola para la tenencia de armas. Guardia Civil.\" href=\"http:\/\/www.guardiacivil.es\/es\/servicios\/armasyexplosivo\/index.html\" target=\"_blank\" rel=\"noopener noreferrer nofollow\"><span style=\"font-family: verdana, geneva, sans-serif\"> Guardia Civil (Intervenci\u00f3n de Armas Virtual<\/span>)<\/a><\/small><\/p>\n","protected":false},"excerpt":{"rendered":"<p align=\"justify\"><span style=\"font-family: Verdana;font-size: medium\"><strong>DESCRIPCION:<\/strong> Excelente y raro modelo de espada de Oficial de Caballer\u00eda frances, similar al M1854, tiene magnifica hoja recta con doble acanaladura en donde se encuentra inscrito el modelo <span style=\"color: #ff0000\">&#8220;1855&#8221;<\/span> y la manufactura Imperial en <span style=\"color: #ff0000\">&#8220;1869&#8221;<\/span>. Guarnici\u00f3n de hierro formada por tres gavilanes, guardamano, gu\u00edas de vaina, galluelo y monterilla corrida. Pu\u00f1o de madera cubierto de cuero y alambrado con torzal de hierro. Tiene vaina de hierro con dos abrazaderas. <\/span><\/p>\n<p>Longitud total 1030 mm<\/p>\n<p>Longitud de la hoja 870 mm<\/p>\n","protected":false},"featured_media":3144,"template":"","meta":[],"product_brand":[],"product_cat":[224],"product_tag":[],"class_list":{"0":"post-3143","1":"product","2":"type-product","3":"status-publish","4":"has-post-thumbnail","6":"product_cat-archivo-vendidos","7":"sales-flash-overlay","8":"woocommerce-text-align-center","9":"woocommerce-image-align-center","10":"do-quantity-buttons","12":"first","13":"outofstock","14":"product-type-simple"},"_links":{"self":[{"href":"https:\/\/original-militaria.com\/en\/wp-json\/wp\/v2\/product\/3143","targetHints":{"allow":["GET"]}}],"collection":[{"href":"https:\/\/original-militaria.com\/en\/wp-json\/wp\/v2\/product"}],"about":[{"href":"https:\/\/original-militaria.com\/en\/wp-json\/wp\/v2\/types\/product"}],"wp:featuredmedia":[{"embeddable":true,"href":"https:\/\/original-militaria.com\/en\/wp-json\/wp\/v2\/media\/3144"}],"wp:attachment":[{"href":"https:\/\/original-militaria.com\/en\/wp-json\/wp\/v2\/media?parent=3143"}],"wp:term":[{"taxonomy":"product_brand","embeddable":true,"href":"https:\/\/original-militaria.com\/en\/wp-json\/wp\/v2\/product_brand?post=3143"},{"taxonomy":"product_cat","embeddable":true,"href":"https:\/\/original-militaria.com\/en\/wp-json\/wp\/v2\/product_cat?post=3143"},{"taxonomy":"product_tag","embeddable":true,"href":"https:\/\/original-militaria.com\/en\/wp-json\/wp\/v2\/product_tag?post=3143"}],"curies":[{"name":"wp","href":"https:\/\/api.w.org\/{rel}","templated":true}]}}