{"id":3141,"date":"2017-09-05T11:20:34","date_gmt":"2017-09-05T11:20:34","guid":{"rendered":"https:\/\/original-militaria.com\/?post_type=product&#038;p=3141"},"modified":"2022-01-31T19:02:53","modified_gmt":"2022-01-31T18:02:53","slug":"walther-p38-codigo-cyq","status":"publish","type":"product","link":"https:\/\/original-militaria.com\/en\/producto\/walther-p38-codigo-cyq\/","title":{"rendered":"WH\/ Deactivated Walther P38 Pistol, Code &#8220;cyq&#8221;&#8212;WH\/ Walther P38.- C\u00f3digo &#8220;cyq&#8221;"},"content":{"rendered":"<p style=\"text-align: justify\" align=\"justify\"><span style=\"font-family: verdana, geneva, sans-serif;font-size: 12pt\"><strong>ANTECEDENTES: <\/strong>En 1935 el Heereswaffenamt, (oficina de artiller\u00eda del ej\u00e9rcito), comenz\u00f3 a buscar una pistola alternativa para sustituir la Luger P 08 que hab\u00eda estado en servicio desde 1908. Aunque la Luger era favorita de as tropas, era muy costosa su producci\u00f3n y era propensa a la suciedad, permitiendo que le afectara. En 1938 el Heereswaffenamt acepto la nueva pistola P38, desarrollada por el Carl Walther Waffenfabrik. La nueva pistola P38 no substituy\u00f3 totalmente ala Luger que todav\u00eda se construyo hasta 1943. <\/span><\/p>\n<p style=\"text-align: justify\"><span style=\"font-size: 12pt;font-family: verdana, geneva, sans-serif\"><strong>DESCRIPCION:<\/strong> Pistola Walther P38.- C\u00f3digo &#8220;cyq&#8221; perteneciente a la manufactura de &#8220;Metallwarenfabrik Spreewerk, Berlin-Spandau&#8221;, calibre 9mm Para, igual n\u00famero en todas las partes, pavonado original en excelente estado, cachas en baquelita, sin defectos, conservaci\u00f3n casi nueva. Lleva varios marcajes \u00e1guila estampados. Todas las partes m\u00f3viles, y hace click, inutilizaci\u00f3n irreversible. Con su correspondiente certificado de inutilizaci\u00f3n. SE NECESITA DNI.<\/span><\/p>\n","protected":false},"excerpt":{"rendered":"<p align=\"justify\"><span style=\"font-family: Verdana;font-size: medium\"><strong>ANTECEDENTES: <\/strong>En 1935 el Heereswaffenamt, (oficina de artiller\u00eda del ej\u00e9rcito), comenz\u00f3 a buscar una pistola alternativa para sustituir la Luger P 08 que hab\u00eda estado en servicio desde 1908. Aunque la Luger era favorita de as tropas, era muy costosa su producci\u00f3n y era propensa a la suciedad, permitiendo que le afectara. En 1938 el Heereswaffenamt acepto la nueva pistola P38, desarrollada por el Carl Walther Waffenfabrik. La nueva pistola P38 no substituy\u00f3 totalmente ala Luger que todav\u00eda se construyo hasta 1943. <\/span><\/p>\n<p><strong>DESCRIPCION:<\/strong> Pistola Walther P38.- C\u00f3digo <span style=\"color: #ff0000\">&#8220;cyq&#8221;<\/span> perteneciente a la manufactura de <span style=\"color: #ff0000\">&#8220;Metallwarenfabrik Spreewerk, Berlin-Spandau&#8221;<\/span>, calibre 9mm Para,\u00a0igual n\u00famero en todas las partes, pavonado original en excelente estado, cachas en baquelita, sin defectos, conservaci\u00f3n casi nueva. Lleva varios marcajes \u00e1guila estampados. Todas las partes moviles, y hace click, inutilizaci\u00f3n irreversible. Con su correspondiente certificado de inutilizaci\u00f3n. <span style=\"color: #ff0000\">SE NECESITA DNI. <\/span><\/p>\n<p>&nbsp;<\/p>\n","protected":false},"featured_media":3142,"template":"","meta":[],"product_brand":[],"product_cat":[224],"product_tag":[],"class_list":{"0":"post-3141","1":"product","2":"type-product","3":"status-publish","4":"has-post-thumbnail","6":"product_cat-archivo-vendidos","7":"sales-flash-overlay","8":"woocommerce-text-align-center","9":"woocommerce-image-align-center","10":"do-quantity-buttons","12":"first","13":"outofstock","14":"purchasable","15":"product-type-simple"},"_links":{"self":[{"href":"https:\/\/original-militaria.com\/en\/wp-json\/wp\/v2\/product\/3141","targetHints":{"allow":["GET"]}}],"collection":[{"href":"https:\/\/original-militaria.com\/en\/wp-json\/wp\/v2\/product"}],"about":[{"href":"https:\/\/original-militaria.com\/en\/wp-json\/wp\/v2\/types\/product"}],"wp:featuredmedia":[{"embeddable":true,"href":"https:\/\/original-militaria.com\/en\/wp-json\/wp\/v2\/media\/3142"}],"wp:attachment":[{"href":"https:\/\/original-militaria.com\/en\/wp-json\/wp\/v2\/media?parent=3141"}],"wp:term":[{"taxonomy":"product_brand","embeddable":true,"href":"https:\/\/original-militaria.com\/en\/wp-json\/wp\/v2\/product_brand?post=3141"},{"taxonomy":"product_cat","embeddable":true,"href":"https:\/\/original-militaria.com\/en\/wp-json\/wp\/v2\/product_cat?post=3141"},{"taxonomy":"product_tag","embeddable":true,"href":"https:\/\/original-militaria.com\/en\/wp-json\/wp\/v2\/product_tag?post=3141"}],"curies":[{"name":"wp","href":"https:\/\/api.w.org\/{rel}","templated":true}]}}