{"id":3106,"date":"2017-09-05T11:20:26","date_gmt":"2017-09-05T11:20:26","guid":{"rendered":"https:\/\/original-militaria.com\/?post_type=product&#038;p=3106"},"modified":"2022-01-31T19:02:52","modified_gmt":"2022-01-31T18:02:52","slug":"daga-de-oficial-del-reichsarbeitsdienst-rad","status":"publish","type":"product","link":"https:\/\/original-militaria.com\/en\/producto\/daga-de-oficial-del-reichsarbeitsdienst-rad\/","title":{"rendered":"RAD\/ Leader\u00b4s Dagger&#8212;RAD\/ Daga de Oficial del \u201cReichsarbeitsdienst\u201d"},"content":{"rendered":"<p align=\"justify\"><span style=\"font-size: 12pt\"><strong><span style=\"font-family: Verdana\">ANTECEDENTES:<\/span><\/strong><span style=\"font-family: Verdana\"> La base del \u201cReichsarbeitsdienst\u201d (Servicio Nacional del trabajo) data\u00a0por lo menos, de 1929 con la formaci\u00f3n del AAD, \u201cAnhalt Arbeitsdienst\u201d y el FAD-B, \u201cFreiwillingen Arbeitsdienst-Bayern\u201d (Servicio de voluntarios del trabajo de Baviera). Poco despu\u00e9s de la elecci\u00f3n de Hitler como\u00a0canciller, el 30 de enero de 1933, el NSDAP consolid\u00f3 \u00e9st\u00e1s, y otras organizaciones de trabajo, en el NSAD, \u201cNationalsozialist Arbeitsdienst\u201d (Servicio Nacional-socialista del trabajo). En junio de 1935 el NSAD fue prese\u00f1alado RAD. En julio del mismo a\u00f1o, el servicio en el RAD lleg\u00f3 a ser obligatorio para todos los ciudadanos alemanes entre 19 y 25 a\u00f1os de\u00a0edad requeridos\u00a0por\u00a0seis meses. <\/span><\/span><\/p>\n<p align=\"justify\"><span style=\"font-size: 12pt\"><strong><span style=\"font-family: Verdana\">DESCRIPCI\u00d3N:<\/span><\/strong><span style=\"font-family: Verdana\">\u00a0Daga de Oficial del RAD (F\u00fchrer Haumesser des RAD) en su original vaina, la\u00a0hoja\u00a0de un solo corte en buen estado\u00a0tiene acanaladura estrecha de 260 mm, lleva gravado al acido el lema en escritura g\u00f3tica &#8220;Arbeit adelt&#8221;, (El trabajo ennoblece). La pieza transversal con el recazo mostrando la insignia del RAD, y el pomo de cabeza de \u00e1guila son plateados. Los pu\u00f1os separables son de color\u00a0blanco. La longitud es de 403 mm. La vaina plateada con paneles granulados en\u00a0n\u00edquel-plata.\u00a0Marcajes del fabricante.\u00a0<\/span><\/span><\/p>\n","protected":false},"excerpt":{"rendered":"<p align=\"justify\"><strong><span style=\"font-family: Verdana;font-size: 9pt\">ANTECEDENTES:<\/span><\/strong><span style=\"font-family: Verdana;font-size: 9pt\"> La base del \u201cReichsarbeitsdienst\u201d (Servicio Nacional del trabajo) data\u00a0por lo menos, de 1929 con la formaci\u00f3n del AAD, \u201cAnhalt Arbeitsdienst\u201d y el FAD-B, \u201cFreiwillingen Arbeitsdienst-Bayern\u201d (Servicio de voluntarios del trabajo de Baviera). Poco despu\u00e9s de la elecci\u00f3n de Hitler como\u00a0canciller, el 30 de enero de 1933, el NSDAP consolid\u00f3 \u00e9st\u00e1s, y otras organizaciones de trabajo, en el NSAD, \u201cNationalsozialist Arbeitsdienst\u201d (Servicio Nacional-socialista del trabajo). En junio de 1935 el NSAD fue prese\u00f1alado RAD. En julio del mismo a\u00f1o, el servicio en el RAD lleg\u00f3 a ser obligatorio para todos los ciudadanos alemanes entre 19 y 25 a\u00f1os de\u00a0edad requeridos\u00a0por\u00a0seis meses. <\/span><\/p>\n<p align=\"justify\"><strong><span style=\"font-family: Verdana;font-size: 9pt\">DESCRIPCI\u00d3N:<\/span><\/strong><span style=\"font-family: Verdana;font-size: 9pt\">\u00a0Daga de Oficial del RAD <span style=\"font-size: small\">(F\u00fchrer Haumesser des RAD) <\/span>en su original vaina, la\u00a0hoja\u00a0de un solo corte en buen estado\u00a0tiene acanaladura estrecha de 260 mm, lleva gravado al acido el lema en escritura g\u00f3tica &#8220;Arbeit adelt&#8221;, (El trabajo ennoblece). La pieza transversal con el recazo mostrando la insignia del RAD, y el pomo de cabeza de \u00e1guila son plateados. Los pu\u00f1os separables son de color\u00a0blanco. La longitud es de 403 mm. La vaina plateada con paneles granulados en\u00a0n\u00edquel-plata.\u00a0Marcajes del fabricante.\u00a0<\/span><\/p>\n","protected":false},"featured_media":3107,"template":"","meta":[],"product_brand":[],"product_cat":[224],"product_tag":[],"class_list":{"0":"post-3106","1":"product","2":"type-product","3":"status-publish","4":"has-post-thumbnail","6":"product_cat-archivo-vendidos","7":"sales-flash-overlay","8":"woocommerce-text-align-center","9":"woocommerce-image-align-center","10":"do-quantity-buttons","12":"first","13":"outofstock","14":"purchasable","15":"product-type-simple"},"_links":{"self":[{"href":"https:\/\/original-militaria.com\/en\/wp-json\/wp\/v2\/product\/3106","targetHints":{"allow":["GET"]}}],"collection":[{"href":"https:\/\/original-militaria.com\/en\/wp-json\/wp\/v2\/product"}],"about":[{"href":"https:\/\/original-militaria.com\/en\/wp-json\/wp\/v2\/types\/product"}],"wp:featuredmedia":[{"embeddable":true,"href":"https:\/\/original-militaria.com\/en\/wp-json\/wp\/v2\/media\/3107"}],"wp:attachment":[{"href":"https:\/\/original-militaria.com\/en\/wp-json\/wp\/v2\/media?parent=3106"}],"wp:term":[{"taxonomy":"product_brand","embeddable":true,"href":"https:\/\/original-militaria.com\/en\/wp-json\/wp\/v2\/product_brand?post=3106"},{"taxonomy":"product_cat","embeddable":true,"href":"https:\/\/original-militaria.com\/en\/wp-json\/wp\/v2\/product_cat?post=3106"},{"taxonomy":"product_tag","embeddable":true,"href":"https:\/\/original-militaria.com\/en\/wp-json\/wp\/v2\/product_tag?post=3106"}],"curies":[{"name":"wp","href":"https:\/\/api.w.org\/{rel}","templated":true}]}}