{"id":3104,"date":"2017-09-05T11:20:26","date_gmt":"2017-09-05T11:20:26","guid":{"rendered":"https:\/\/original-militaria.com\/?post_type=product&#038;p=3104"},"modified":"2022-01-31T19:02:52","modified_gmt":"2022-01-31T18:02:52","slug":"daga-de-lider-del-nskk","status":"publish","type":"product","link":"https:\/\/original-militaria.com\/en\/producto\/daga-de-lider-del-nskk\/","title":{"rendered":"NSKK\/ Leader Dagger&#8212;NSKK\/ Daga de L\u00edder"},"content":{"rendered":"<p style=\"text-align: justify\" align=\"justify\"><span style=\"font-family: Verdana;font-size: 12pt\"><strong><span style=\"font-family: Verdana\">ANTECEDENTES:<\/span><\/strong><span style=\"font-family: Verdana\"> El desarrollo del NSKK, Sozialistisches nacional Kraftfahr Korps, (grupo motorizado del nacional socialismo), se puede remontar a 1923 cuando la SA introdujo un Kraftfahr Abteilung, (secci\u00f3n motorizada), para poder transportar al personal cuando fuera necesario. En 1928 la secci\u00f3n motorizada de la SA fue ampliada a Kraftfahrstaffeln, (escuadrillas motorizadas). En un intento por crear un cuerpo nacional motorizado, el NSAK, Sozialistisches nacional Automobil Korps, (cuerpo socialista nacional del autom\u00f3vil), fue formado en abril de 1930 como un subordinado auxiliar de la organizaci\u00f3n de NSDAP al SA. Cuando todav\u00eda estaba subordinado a la SA Todav\u00eda el subordinado al SA en 1933 en 1933, y fue introducida el NSKK, estos tambi\u00e9n adoptaron la daga poco despu\u00e9s su introducci\u00f3n. Poco despu\u00e9s con la purga de la SA en la \u201cnoche de los cuchillos largos\u201d en junio de 1934, el NSKK fue promovido a una organizaci\u00f3n de funcionarios &#8220;NSDAP&#8221;. En mayo de 1936 el Korpsf\u00fchrer Adolf H\u00fchnlein decret\u00f3 que las vainas de las dagas del NSKK deb\u00edan ser de color negro, en vez de color marr\u00f3n, negro, para distinguirlas de las dagas de la SA.\u00a0 En los \u00faltimos meses de 1934 los art\u00edculos fabricados para el NSKK incluyendo las dagas estuvieron bajo el control de calidad del RZM, Reichzeugmeisterei, (intendencia nacional para los equipos) y consecuentemente fueron marcados con la insignia de RZM.<\/span><\/span><\/p>\n<p style=\"text-align: justify\" align=\"justify\"><span style=\"font-size: 12pt\"><strong><span style=\"font-family: Verdana\">DESCRIPCION:<\/span><\/strong><span style=\"font-family: Verdana\"> Daga con su cadena de L\u00edder del NSKK,\u00a0la\u00a0hoja de de doble filo de acero forjada con un canto central\u00a0tiene el lema grabado al \u00e1cido con escritura\u00a0S\u00fctterlin \u201cf\u00fcr Deutschland de Alles\u201d en el anverso y en el reverso manufactura &#8220;RZM M7\/19&#8221; correspondiente a &#8220;Edward W\u00fcsthof Dreizackwerk, Solingen&#8221; del a\u00f1o 1938, inserci\u00f3n en la madera color marr\u00f3n\u00a0de la empu\u00f1adura de la\u00a0insignia de la SA y el \u00e1guila nacional.\u00a0\u00a0La vaina conserva su pintura negra original\u00a0en un 95%.\u00a0La cadena con manufactura en el mosquet\u00f3n M5\/71 perteneciente a &#8220;Overhoff &amp; Cie., L\u00fcdenscheid&#8221; lleva bien marcada protecci\u00f3n de dise\u00f1o NSKK.<\/span><\/span><\/p>\n","protected":false},"excerpt":{"rendered":"<p align=\"justify\"><span style=\"font-family: Verdana\"><strong><span style=\"font-family: Verdana;font-size: 9pt\">ANTECEDENTES:<\/span><\/strong><span style=\"font-family: Verdana;font-size: 9pt\"> El desarrollo del NSKK, Sozialistisches nacional Kraftfahr Korps, (grupo motorizado del nacional socialismo), se puede remontar a 1923 cuando la SA introdujo un Kraftfahr Abteilung, (secci\u00f3n motorizada), para poder transportar al personal cuando fuera necesario. En 1928 la secci\u00f3n motorizada de la SA fue ampliada a Kraftfahrstaffeln, (escuadrillas motorizadas). En un intento por crear un cuerpo nacional motorizado, el NSAK, Sozialistisches nacional Automobil Korps, (cuerpo socialista nacional del autom\u00f3vil), fue formado en abril de 1930 como un subordinado auxiliar de la organizaci\u00f3n de NSDAP al SA. Cuando todav\u00eda estaba subordinado a la SA Todav\u00eda el subordinado al SA en 1933 en 1933, y fue introducida el NSKK, estos tambi\u00e9n adoptaron la daga poco despu\u00e9s su introducci\u00f3n. Poco despu\u00e9s con la purga de la SA en la \u201cnoche de los cuchillos largos\u201d en junio de 1934, el NSKK fue promovido a una organizaci\u00f3n de funcionarios &#8220;NSDAP&#8221;. En mayo de 1936 el Korpsf\u00fchrer Adolf H\u00fchnlein decret\u00f3 que las vainas de las dagas del NSKK deb\u00edan ser de color negro, en vez de color marr\u00f3n, negro, para distinguirlas de las dagas de la SA.\u00a0 En los \u00faltimos meses de 1934 los art\u00edculos fabricados para el NSKK incluyendo las dagas estuvieron bajo el control de calidad del RZM, Reichzeugmeisterei, (intendencia nacional para los equipos) y consecuentemente fueron marcados con la insignia de RZM.<\/span><\/span><\/p>\n<p align=\"justify\"><strong><span style=\"font-family: Verdana;font-size: 9pt\">DESCRIPCION:<\/span><\/strong><span style=\"font-family: Verdana;font-size: 9pt\"> Daga con su cadena de L\u00edder del NSKK,\u00a0la\u00a0hoja de de doble filo de acero forjada con un canto central\u00a0tiene el lema grabado al \u00e1cido con escritura\u00a0S\u00fctterlin \u201cf\u00fcr Deutschland de Alles\u201d en el anverso y en el reverso manufactura &#8220;RZM M7\/19&#8221; correspondiente a &#8220;Edward W\u00fcsthof Dreizackwerk, Solingen&#8221; del a\u00f1o 1938, inserci\u00f3n en la madera color marr\u00f3n\u00a0de la empu\u00f1adura de la\u00a0insignia de la SA y el \u00e1guila nacional.\u00a0\u00a0La vaina conserva su pintura negra original\u00a0en un 95%.\u00a0La cadena con manufactura en el mosquet\u00f3n M5\/71 perteneciente a &#8220;Overhoff &amp; Cie., L\u00fcdenscheid&#8221; lleva bien marcada protecci\u00f3n de dise\u00f1o NSKK.<\/span><\/p>\n","protected":false},"featured_media":3105,"template":"","meta":[],"product_brand":[],"product_cat":[224],"product_tag":[],"class_list":{"0":"post-3104","1":"product","2":"type-product","3":"status-publish","4":"has-post-thumbnail","6":"product_cat-archivo-vendidos","7":"sales-flash-overlay","8":"woocommerce-text-align-center","9":"woocommerce-image-align-center","10":"do-quantity-buttons","12":"first","13":"outofstock","14":"purchasable","15":"product-type-simple"},"_links":{"self":[{"href":"https:\/\/original-militaria.com\/en\/wp-json\/wp\/v2\/product\/3104","targetHints":{"allow":["GET"]}}],"collection":[{"href":"https:\/\/original-militaria.com\/en\/wp-json\/wp\/v2\/product"}],"about":[{"href":"https:\/\/original-militaria.com\/en\/wp-json\/wp\/v2\/types\/product"}],"wp:featuredmedia":[{"embeddable":true,"href":"https:\/\/original-militaria.com\/en\/wp-json\/wp\/v2\/media\/3105"}],"wp:attachment":[{"href":"https:\/\/original-militaria.com\/en\/wp-json\/wp\/v2\/media?parent=3104"}],"wp:term":[{"taxonomy":"product_brand","embeddable":true,"href":"https:\/\/original-militaria.com\/en\/wp-json\/wp\/v2\/product_brand?post=3104"},{"taxonomy":"product_cat","embeddable":true,"href":"https:\/\/original-militaria.com\/en\/wp-json\/wp\/v2\/product_cat?post=3104"},{"taxonomy":"product_tag","embeddable":true,"href":"https:\/\/original-militaria.com\/en\/wp-json\/wp\/v2\/product_tag?post=3104"}],"curies":[{"name":"wp","href":"https:\/\/api.w.org\/{rel}","templated":true}]}}