{"id":3102,"date":"2017-09-05T11:20:26","date_gmt":"2017-09-05T11:20:26","guid":{"rendered":"https:\/\/original-militaria.com\/?post_type=product&#038;p=3102"},"modified":"2022-01-31T19:02:51","modified_gmt":"2022-01-31T18:02:51","slug":"luftwaffe-pantalones-de-montar-de-oficial","status":"publish","type":"product","link":"https:\/\/original-militaria.com\/en\/producto\/luftwaffe-pantalones-de-montar-de-oficial\/","title":{"rendered":"Luftwaffe\/ Breeches&#8212;Luftwaffe, Pantalones de Montar de Oficial"},"content":{"rendered":"<p style=\"text-align: justify\" align=\"justify\"><span style=\"font-family: verdana, geneva, sans-serif;font-size: 12pt\"><strong>ANTECEDENTES:<\/strong> La Luftwaffe utiliz\u00f3 una gran variedad de pantalones, el est\u00e1ndar, de patas rectas, pantalones largos, etc, y tambi\u00e9n pantalones tipo breeches, similares a los del Heer, pantalones de estilo similar a los pantalones de montar de estos pero sin incluir los refuerzos del culo, entrepierna y los muslos internos que se encuentran en los pantalones de montar. Los breeches se usaban para llevar con el uniforme de servicio, el de presentaci\u00f3n y el de gala. Los Oficiales de alto rango y algunos suboficiales fueron responsables de la compra de sus propios uniformes, y como resultado se le asign\u00f3 una cantidad para tales menesteres, a trav\u00e9s de Verkaufsabteilung de la Luftwaffe (Departamento de Ventas de la Fuerza A\u00e9rea). Algunos pod\u00edan optar por comprar los uniformes de los dep\u00f3sitos de ropa de las fuerzas armadas o de confecci\u00f3n privada, estoa de mayor calidad. <\/span><\/p>\n<p style=\"text-align: justify\"><span style=\"font-size: 12pt;font-family: verdana, geneva, sans-serif\"><strong>DESCRIPCION:<\/strong> Pantalones de Montar (Reithose) de Oficial, de compra privada, confeccionados en lana o mezcla de ray\u00f3n, color azul gris\u00e1ceo, tiene en el frontal cuatro botones y un cintur\u00f3n a\u00f1adido con dos botones adicionales, todos los botones presentes. El pantal\u00f3n se ajusta con dos martingalas en los laterales que conservan su pav\u00f3n azulado. Tiene dos bolsillos delanteros sin botones y uno trasero con solapa apuntada y bot\u00f3n. En la parte inferior tienen 5 botones para su total ajuste y que quepa la bota alta de cuero. No tienen tama\u00f1o visible o marcas de fabricante. En la entrepierna tienen algunos agujeros de polilla (ver fotos).<\/span><\/p>\n","protected":false},"excerpt":{"rendered":"<p align=\"justify\"><span style=\"font-family: Verdana;font-size: medium\"><strong>ANTECEDENTES:<\/strong> La Luftwaffe utiliz\u00f3 una gran variedad de pantalones, el est\u00e1ndar, de patas rectas, pantalones largos, etc, y tambi\u00e9n pantalones tipo breeches, similares a los del Heer, pantalones de estilo similar a los pantalones de montar de estos pero sin incluir los refuerzos del culo, entrepierna y los muslos internos que se encuentran en los pantalones de montar. Los breeches se usaban para llevar con el uniforme de servicio, el de presentaci\u00f3n y el de gala. Los Oficiales de alto rango y algunos suboficiales fueron responsables de la compra de sus propios uniformes, y como resultado se le asign\u00f3 una cantidad para tales menesteres, a trav\u00e9s de Verkaufsabteilung de la Luftwaffe (Departamento de Ventas de la Fuerza A\u00e9rea). Algunos pod\u00edan optar por comprar los uniformes de los dep\u00f3sitos de ropa de las fuerzas armadas o de confecci\u00f3n privada, estoa de mayor calidad. <\/span><\/p>\n<p><strong>DESCRIPCION:<\/strong> Breeches de Oficial de compra privada, confeccionados en lana o mezcla de ray\u00f3n, color azul gris\u00e1ceo, tiene en el frontal cuatro botones y un cintur\u00f3n a\u00f1adido con dos botones adicionales, todos los botones presentes. El pantal\u00f3n se ajusta con dos martingalas en los laterales que conservan su pav\u00f3n azulado. Tiene dos bolsillos delanteros sin botones y uno trasero con solapa apuntada y bot\u00f3n. En la parte inferior tienen 5 botones para su total ajuste y que quepa la bota alta de cuero. No tienen tama\u00f1o visible o marcas de fabricante. En la entrepierna tienen algunos agujeros de polilla (ver fotos).<\/p>\n","protected":false},"featured_media":3103,"template":"","meta":[],"product_brand":[],"product_cat":[224],"product_tag":[],"class_list":{"0":"post-3102","1":"product","2":"type-product","3":"status-publish","4":"has-post-thumbnail","6":"product_cat-archivo-vendidos","7":"sales-flash-overlay","8":"woocommerce-text-align-center","9":"woocommerce-image-align-center","10":"do-quantity-buttons","12":"first","13":"outofstock","14":"purchasable","15":"product-type-simple"},"_links":{"self":[{"href":"https:\/\/original-militaria.com\/en\/wp-json\/wp\/v2\/product\/3102","targetHints":{"allow":["GET"]}}],"collection":[{"href":"https:\/\/original-militaria.com\/en\/wp-json\/wp\/v2\/product"}],"about":[{"href":"https:\/\/original-militaria.com\/en\/wp-json\/wp\/v2\/types\/product"}],"wp:featuredmedia":[{"embeddable":true,"href":"https:\/\/original-militaria.com\/en\/wp-json\/wp\/v2\/media\/3103"}],"wp:attachment":[{"href":"https:\/\/original-militaria.com\/en\/wp-json\/wp\/v2\/media?parent=3102"}],"wp:term":[{"taxonomy":"product_brand","embeddable":true,"href":"https:\/\/original-militaria.com\/en\/wp-json\/wp\/v2\/product_brand?post=3102"},{"taxonomy":"product_cat","embeddable":true,"href":"https:\/\/original-militaria.com\/en\/wp-json\/wp\/v2\/product_cat?post=3102"},{"taxonomy":"product_tag","embeddable":true,"href":"https:\/\/original-militaria.com\/en\/wp-json\/wp\/v2\/product_tag?post=3102"}],"curies":[{"name":"wp","href":"https:\/\/api.w.org\/{rel}","templated":true}]}}