{"id":3096,"date":"2017-09-05T11:20:24","date_gmt":"2017-09-05T11:20:24","guid":{"rendered":"https:\/\/original-militaria.com\/?post_type=product&#038;p=3096"},"modified":"2022-01-31T19:02:51","modified_gmt":"2022-01-31T18:02:51","slug":"banderin-del-dlv","status":"publish","type":"product","link":"https:\/\/original-militaria.com\/en\/producto\/banderin-del-dlv\/","title":{"rendered":"Bander\u00edn del DLV"},"content":{"rendered":"<p align=\"justify\"><span style=\"font-family: verdana, geneva, sans-serif;font-size: 12pt\"><strong>ANTECEDENTES:<\/strong> En marzo de 1933 la Deutscher Luftsport Verband (Liga A\u00e9rea Deportiva Alemana), se estableci\u00f3 incorporando a todos los clubes de aviaci\u00f3n civil en la organizaci\u00f3n. La DLV se utiliz\u00f3 como un camuflaje para entrenar el personal de la futura Luftwaffe. Como una organizaci\u00f3n civil pudo burlar las restricciones impuestas por el Tratado de Versalles que prohibi\u00f3 una fuerza a\u00e9rea militar. En febrero de 1934 la DLV introdujo esta daga para el personal. <\/span><\/p>\n<p align=\"justify\"><span style=\"font-size: 12pt;font-family: verdana, geneva, sans-serif\"><strong>DESCRIPCION:<\/strong> Bander\u00edn triangular del <span style=\"color: #ff0000\">DLV<\/span> (Aviaci\u00f3n NS), lleva distintivo alado del DLV en bordado by facial. Algo de polilla, bastante raro.<\/span><\/p>\n","protected":false},"excerpt":{"rendered":"<p align=\"justify\"><span style=\"font-family: Verdana;font-size: medium\"><strong>ANTECEDENTES:<\/strong> En marzo de 1933 la Deutscher Luftsport Verband (Liga A\u00e9rea Deportiva Alemana), se estableci\u00f3 incorporando a todos los clubes de aviaci\u00f3n civil en la organizaci\u00f3n. La DLV se utiliz\u00f3 como un camuflaje para entrenar el personal de la futura Luftwaffe. Como una organizaci\u00f3n civil pudo burlar las restricciones impuestas por el Tratado de Versalles que prohibi\u00f3 una fuerza a\u00e9rea militar. En febrero de 1934 la DLV introdujo esta daga para el personal. <\/span><\/p>\n<p><strong>DESCRIPCION:<\/strong> Bander\u00edn triangular del <span style=\"color: #ff0000\">DLV<\/span> (Aviaci\u00f3n NS), lleva distintivo alado del DLV en bordado by facial. Algo de polilla, bastante raro.<\/p>\n","protected":false},"featured_media":3097,"template":"","meta":[],"product_brand":[],"product_cat":[224],"product_tag":[],"class_list":{"0":"post-3096","1":"product","2":"type-product","3":"status-publish","4":"has-post-thumbnail","6":"product_cat-archivo-vendidos","7":"sales-flash-overlay","8":"woocommerce-text-align-center","9":"woocommerce-image-align-center","10":"do-quantity-buttons","12":"first","13":"outofstock","14":"product-type-simple"},"_links":{"self":[{"href":"https:\/\/original-militaria.com\/en\/wp-json\/wp\/v2\/product\/3096","targetHints":{"allow":["GET"]}}],"collection":[{"href":"https:\/\/original-militaria.com\/en\/wp-json\/wp\/v2\/product"}],"about":[{"href":"https:\/\/original-militaria.com\/en\/wp-json\/wp\/v2\/types\/product"}],"wp:featuredmedia":[{"embeddable":true,"href":"https:\/\/original-militaria.com\/en\/wp-json\/wp\/v2\/media\/3097"}],"wp:attachment":[{"href":"https:\/\/original-militaria.com\/en\/wp-json\/wp\/v2\/media?parent=3096"}],"wp:term":[{"taxonomy":"product_brand","embeddable":true,"href":"https:\/\/original-militaria.com\/en\/wp-json\/wp\/v2\/product_brand?post=3096"},{"taxonomy":"product_cat","embeddable":true,"href":"https:\/\/original-militaria.com\/en\/wp-json\/wp\/v2\/product_cat?post=3096"},{"taxonomy":"product_tag","embeddable":true,"href":"https:\/\/original-militaria.com\/en\/wp-json\/wp\/v2\/product_tag?post=3096"}],"curies":[{"name":"wp","href":"https:\/\/api.w.org\/{rel}","templated":true}]}}