{"id":3085,"date":"2017-09-05T11:20:22","date_gmt":"2017-09-05T11:20:22","guid":{"rendered":"https:\/\/original-militaria.com\/?post_type=product&#038;p=3085"},"modified":"2022-01-31T19:02:51","modified_gmt":"2022-01-31T18:02:51","slug":"kriegsmarine-expositor-de-pipas","status":"publish","type":"product","link":"https:\/\/original-militaria.com\/en\/producto\/kriegsmarine-expositor-de-pipas\/","title":{"rendered":"Kriegsmarine, Expositor de Pipas"},"content":{"rendered":"<p style=\"text-align: justify\" align=\"justify\"><span style=\"font-family: verdana, geneva, sans-serif;font-size: 12pt\"><strong>ANTECEDENTES:<\/strong> La Alemania del Tercer Reich vio afectada su industria por una limitaci\u00f3n de recursos naturales que se prolong\u00f3 hasta el final de la contienda. El soldado necesitaba todo tipo de estimulantes en el frente. El tabaco, adem\u00e1s de un h\u00e1bito, era uno de ellos. La raci\u00f3n diaria estipulada por el ej\u00e9rcito se completaba con los siempre esperados env\u00edos de parientes y amigos. Adem\u00e1s de la gran variedad de marcas y tabacos para todos los gustos las tabaqueras alemanas fabricaron gran cantidad de art\u00edculos para el h\u00e1bito de fumar. <\/span><\/p>\n<p style=\"text-align: justify\"><span style=\"font-size: 12pt;font-family: verdana, geneva, sans-serif\"><strong>DESCRIPCION:<\/strong> Expositor\u00a0de pipas para\u00a0los marineros de la Kriegsmarine (Matrosen), realizado en cart\u00f3n para los combatientes fumadores, generalmente de venta en las cantinas y cuarteles. Tiene seis pipas de diversos tama\u00f1os y marcas, entre las que se incluyen pipas de las conocidas marcas <span style=\"color: #ff0000\">&#8220;Bruy\u00e9re&#8221;<\/span> y <span style=\"color: #ff0000\">&#8220;Milit&#8221;<\/span>. Estas son de madera, o de baquelita con un alma de barro cocido para que no se quemen al encenderlas.<\/span><\/p>\n","protected":false},"excerpt":{"rendered":"<p align=\"justify\"><span style=\"font-family: Verdana\"><strong>ANTECEDENTES:<\/strong> La Alemania del Tercer Reich vio afectada su industria por una limitaci\u00f3n de recursos naturales que se prolong\u00f3 hasta el final de la contienda. El soldado necesitaba todo tipo de estimulantes en el frente. El tabaco, adem\u00e1s de un h\u00e1bito, era uno de ellos. La raci\u00f3n diaria estipulada por el ej\u00e9rcito se completaba con los siempre esperados env\u00edos de parientes y amigos. Adem\u00e1s de la gran variedad de marcas y tabacos para todos los gustos las tabaqueras alemanas fabricaron gran cantidad de art\u00edculos para el h\u00e1bito de fumar. <\/span><\/p>\n<p><strong>DESCRIPCION:<\/strong> Expositor\u00a0de pipas para\u00a0los marineros de la Kriegsmarine (Matrosen), realizado en cart\u00f3n para los combatientes fumadores, generalmente de venta en las cantinas y cuarteles. Tiene seis pipas de diversos tama\u00f1os y marcas, entre las que se incluyen pipas de las conocidas marcas <span style=\"color: #ff0000\">&#8220;Bruy\u00e9re&#8221;<\/span> y <span style=\"color: #ff0000\">&#8220;Milit&#8221;<\/span>. Estas son de madera, o de baquelita con un alma de barro cocido para que no se quemen al encenderlas.<\/p>\n<p>&nbsp;<\/p>\n","protected":false},"featured_media":3086,"template":"","meta":[],"product_brand":[],"product_cat":[224],"product_tag":[],"class_list":{"0":"post-3085","1":"product","2":"type-product","3":"status-publish","4":"has-post-thumbnail","6":"product_cat-archivo-vendidos","7":"sales-flash-overlay","8":"woocommerce-text-align-center","9":"woocommerce-image-align-center","10":"do-quantity-buttons","12":"first","13":"outofstock","14":"purchasable","15":"product-type-simple"},"_links":{"self":[{"href":"https:\/\/original-militaria.com\/en\/wp-json\/wp\/v2\/product\/3085","targetHints":{"allow":["GET"]}}],"collection":[{"href":"https:\/\/original-militaria.com\/en\/wp-json\/wp\/v2\/product"}],"about":[{"href":"https:\/\/original-militaria.com\/en\/wp-json\/wp\/v2\/types\/product"}],"wp:featuredmedia":[{"embeddable":true,"href":"https:\/\/original-militaria.com\/en\/wp-json\/wp\/v2\/media\/3086"}],"wp:attachment":[{"href":"https:\/\/original-militaria.com\/en\/wp-json\/wp\/v2\/media?parent=3085"}],"wp:term":[{"taxonomy":"product_brand","embeddable":true,"href":"https:\/\/original-militaria.com\/en\/wp-json\/wp\/v2\/product_brand?post=3085"},{"taxonomy":"product_cat","embeddable":true,"href":"https:\/\/original-militaria.com\/en\/wp-json\/wp\/v2\/product_cat?post=3085"},{"taxonomy":"product_tag","embeddable":true,"href":"https:\/\/original-militaria.com\/en\/wp-json\/wp\/v2\/product_tag?post=3085"}],"curies":[{"name":"wp","href":"https:\/\/api.w.org\/{rel}","templated":true}]}}