{"id":3075,"date":"2017-09-05T11:20:20","date_gmt":"2017-09-05T11:20:20","guid":{"rendered":"https:\/\/original-militaria.com\/?post_type=product&#038;p=3075"},"modified":"2022-01-31T19:02:50","modified_gmt":"2022-01-31T18:02:50","slug":"concesion-y-estuche-con-medalla-de-25-anos-de-servicios-leales-al-estado","status":"publish","type":"product","link":"https:\/\/original-militaria.com\/en\/producto\/concesion-y-estuche-con-medalla-de-25-anos-de-servicios-leales-al-estado\/","title":{"rendered":"Concesi\u00f3n y Estuche con Medalla de 25 A\u00f1os de Servicios Leales al Estado"},"content":{"rendered":"<p align=\"justify\"><span style=\"font-family: verdana, geneva, sans-serif;font-size: 12pt\"><strong>ANTECEDENTES:<\/strong> El 30 de enero de 1938, Hitler instituy\u00f3 a la condecoraci\u00f3n por servicios fieles al estado, en tres categor\u00edas, en\u00a0reconocimiento a los funcionarios de larga duraci\u00f3n, y al personal de\u00a0obras p\u00fablicas. Las condecoraciones fueron pensadas para ser un incentivo para que a la poblaci\u00f3n civil fomentara la\u00a0lealtad en su lugar de trabajo y creara una funci\u00f3n p\u00fablica estable. Las tres clases de la condecoraci\u00f3n consistieron en la clase especial por cincuenta a\u00f1os de servicio continuo, la 1ra condecoraci\u00f3n\u00a0por cuarenta a\u00f1os de servicio y la 2da condecoraci\u00f3n por veinticinco a\u00f1os de servicio. Las tres clases siguieron el mismo dise\u00f1o b\u00e1sico con variaciones de menor importancia.<\/span><\/p>\n<p align=\"justify\"><span style=\"font-family: verdana, geneva, sans-serif;font-size: 12pt\"><strong>DESCRIPCION:<\/strong>\u00a0Estuche con medalla por 25 a\u00f1os de servicios leales al estado de segunda clase con su concesi\u00f3n de la empresa a &#8220;Paul Sobieralski&#8221; en wuppertal-vohwinkel.<\/span><\/p>\n","protected":false},"excerpt":{"rendered":"<p align=\"justify\"><strong><span style=\"font-family: Arial;font-size: 9pt\"><span style=\"font-family: Verdana\">ANTECEDENTES:<\/span><\/span><\/strong><span style=\"font-family: Arial;font-size: 9pt\"><span style=\"font-family: Verdana\"> El 30 de enero de 1938, Hitler instituy\u00f3 a la condecoraci\u00f3n por servicios fieles al estado, en tres categor\u00edas, en\u00a0reconocimiento a los funcionarios de larga duraci\u00f3n, y al personal de\u00a0obras p\u00fablicas. Las condecoraciones fueron pensadas para ser un incentivo para que a la poblaci\u00f3n civil fomentara la\u00a0lealtad en su lugar de trabajo y creara una funci\u00f3n p\u00fablica estable. Las tres clases de la condecoraci\u00f3n consistieron en la clase especial por cincuenta a\u00f1os de servicio continuo, la 1ra condecoraci\u00f3n\u00a0por cuarenta a\u00f1os de servicio y la 2da condecoraci\u00f3n por veinticinco a\u00f1os de servicio. Las tres clases siguieron el mismo dise\u00f1o b\u00e1sico con variaciones de menor importancia.<\/span><\/span><\/p>\n<p align=\"justify\"><span style=\"font-family: Verdana\"><strong>DESCRIPCION:<\/strong>\u00a0Estuche con medalla por 25 a\u00f1os de servicios leales al estado de segunda clase con su concesi\u00f3n de la empresa a &#8220;Paul Sobieralski&#8221; en wuppertal-vohwinkel.<\/span><\/p>\n","protected":false},"featured_media":3076,"template":"","meta":[],"product_brand":[],"product_cat":[224],"product_tag":[],"class_list":{"0":"post-3075","1":"product","2":"type-product","3":"status-publish","4":"has-post-thumbnail","6":"product_cat-archivo-vendidos","7":"sales-flash-overlay","8":"woocommerce-text-align-center","9":"woocommerce-image-align-center","10":"do-quantity-buttons","12":"first","13":"outofstock","14":"purchasable","15":"product-type-simple"},"_links":{"self":[{"href":"https:\/\/original-militaria.com\/en\/wp-json\/wp\/v2\/product\/3075","targetHints":{"allow":["GET"]}}],"collection":[{"href":"https:\/\/original-militaria.com\/en\/wp-json\/wp\/v2\/product"}],"about":[{"href":"https:\/\/original-militaria.com\/en\/wp-json\/wp\/v2\/types\/product"}],"wp:featuredmedia":[{"embeddable":true,"href":"https:\/\/original-militaria.com\/en\/wp-json\/wp\/v2\/media\/3076"}],"wp:attachment":[{"href":"https:\/\/original-militaria.com\/en\/wp-json\/wp\/v2\/media?parent=3075"}],"wp:term":[{"taxonomy":"product_brand","embeddable":true,"href":"https:\/\/original-militaria.com\/en\/wp-json\/wp\/v2\/product_brand?post=3075"},{"taxonomy":"product_cat","embeddable":true,"href":"https:\/\/original-militaria.com\/en\/wp-json\/wp\/v2\/product_cat?post=3075"},{"taxonomy":"product_tag","embeddable":true,"href":"https:\/\/original-militaria.com\/en\/wp-json\/wp\/v2\/product_tag?post=3075"}],"curies":[{"name":"wp","href":"https:\/\/api.w.org\/{rel}","templated":true}]}}