{"id":3072,"date":"2017-09-05T11:20:20","date_gmt":"2017-09-05T11:20:20","guid":{"rendered":"https:\/\/original-militaria.com\/?post_type=product&#038;p=3072"},"modified":"2022-01-31T19:02:49","modified_gmt":"2022-01-31T18:02:49","slug":"broche-de-la-seccion-femenina-del-rad","status":"publish","type":"product","link":"https:\/\/original-militaria.com\/en\/producto\/broche-de-la-seccion-femenina-del-rad\/","title":{"rendered":"Broche de la Secci\u00f3n Femenina del RAD"},"content":{"rendered":"<p align=\"justify\"><span style=\"font-size: medium\"><span style=\"font-family: Verdana\"><strong>ANTECEDENTES:<\/strong> La versi\u00f3n femenina RAD, Reichsarbeitsdienst, (servicio de trabajo del nacional), fue establecida originalmente en febrero de 1933 y considerada una subdivisi\u00f3n del Sozialistches nacional Frauenschaft, (la organizaci\u00f3n de las mujeres socialistas nacionales). En abril de 1936 el servicio de trabajo femenino fue disociado con el NS Frauenschaft y dado la designaci\u00f3n oficial, RADwj, der de Reichsarbeitsdienst weiblichen Jugend, (servicio de trabajo del nacional para las mujeres j\u00f3venes). Las regulaciones del gobierno del 26 de junio de 1935 dictaron servicio obligatorio en el RAD o el RADwJ pero debido a una carencia de l\u00edderes entrenados el servicio obligatorio para las mujeres no fue decretado hasta el 4 de septiembre de 1939. La concedieron a todas las mujeres que sirvier\u00f3n honorable en el RADwJ un broche conmemorativo del servicio al terminar su tiempo del servicio.\u00a0\u00a0\u00a0 <\/span><\/span><\/p>\n<p align=\"justify\"><span style=\"font-size: medium\"><span style=\"font-family: Verdana\"><strong>DESCRIPCI\u00d3N:<\/strong> Erinnerungsbrosche. De forma ovalada, con ba\u00f1o de n\u00edquel-plata. Las caracter\u00edsticas del broche realzan las bobinas estilizadas de la \u201ccuerda\u201d que rodean el centro hueco con un campo con 2 espigas de forma circular que contiene una esv\u00e1stica realzada. En el reverso tiene su original alfiler intacto. Fabricante marcado con\u00a0 \u201cA N. G\u201d. Ejemplo muy agradable. <\/span><\/span><\/p>\n","protected":false},"excerpt":{"rendered":"<p align=\"justify\"><span style=\"font-size: medium\"><span style=\"font-family: Verdana\"><strong>ANTECEDENTES:<\/strong> La versi\u00f3n femenina RAD, Reichsarbeitsdienst, (servicio de trabajo del nacional), fue establecida originalmente en febrero de 1933 y considerada una subdivisi\u00f3n del Sozialistches nacional Frauenschaft, (la organizaci\u00f3n de las mujeres socialistas nacionales). En abril de 1936 el servicio de trabajo femenino fue disociado con el NS Frauenschaft y dado la designaci\u00f3n oficial, RADwj, der de Reichsarbeitsdienst weiblichen Jugend, (servicio de trabajo del nacional para las mujeres j\u00f3venes). Las regulaciones del gobierno del 26 de junio de 1935 dictaron servicio obligatorio en el RAD o el RADwJ pero debido a una carencia de l\u00edderes entrenados el servicio obligatorio para las mujeres no fue decretado hasta el 4 de septiembre de 1939. La concedieron a todas las mujeres que sirvier\u00f3n honorable en el RADwJ un broche conmemorativo del servicio al terminar su tiempo del servicio.\u00a0\u00a0\u00a0 <\/span><\/span><\/p>\n<p align=\"justify\"><span style=\"font-size: medium\"><span style=\"font-family: Verdana\"><strong>DESCRIPCI\u00d3N:<\/strong> Erinnerungsbrosche. De forma ovalada, con ba\u00f1o de niquel-plata. Las caracter\u00edsticas del broche realzan las bobinas estilizadas de la \u201ccuerda\u201d que rodean el centro hueco\u00a0con un campo con 2 espigas de forma circular que\u00a0contiene una\u00a0esv\u00e1stica realzada. En el reverso tiene su original alfiler intacto. Fabricante marcado con\u00a0 <span style=\"color: #ff0000\">\u201cA N. G\u201d<\/span> . Ejemplo muy agradable. <\/span><\/span><\/p>\n","protected":false},"featured_media":3073,"template":"","meta":[],"product_brand":[],"product_cat":[224],"product_tag":[],"class_list":{"0":"post-3072","1":"product","2":"type-product","3":"status-publish","4":"has-post-thumbnail","6":"product_cat-archivo-vendidos","7":"sales-flash-overlay","8":"woocommerce-text-align-center","9":"woocommerce-image-align-center","10":"do-quantity-buttons","12":"first","13":"outofstock","14":"product-type-simple"},"_links":{"self":[{"href":"https:\/\/original-militaria.com\/en\/wp-json\/wp\/v2\/product\/3072","targetHints":{"allow":["GET"]}}],"collection":[{"href":"https:\/\/original-militaria.com\/en\/wp-json\/wp\/v2\/product"}],"about":[{"href":"https:\/\/original-militaria.com\/en\/wp-json\/wp\/v2\/types\/product"}],"wp:featuredmedia":[{"embeddable":true,"href":"https:\/\/original-militaria.com\/en\/wp-json\/wp\/v2\/media\/3073"}],"wp:attachment":[{"href":"https:\/\/original-militaria.com\/en\/wp-json\/wp\/v2\/media?parent=3072"}],"wp:term":[{"taxonomy":"product_brand","embeddable":true,"href":"https:\/\/original-militaria.com\/en\/wp-json\/wp\/v2\/product_brand?post=3072"},{"taxonomy":"product_cat","embeddable":true,"href":"https:\/\/original-militaria.com\/en\/wp-json\/wp\/v2\/product_cat?post=3072"},{"taxonomy":"product_tag","embeddable":true,"href":"https:\/\/original-militaria.com\/en\/wp-json\/wp\/v2\/product_tag?post=3072"}],"curies":[{"name":"wp","href":"https:\/\/api.w.org\/{rel}","templated":true}]}}