{"id":3069,"date":"2017-09-05T11:20:19","date_gmt":"2017-09-05T11:20:19","guid":{"rendered":"https:\/\/original-militaria.com\/?post_type=product&#038;p=3069"},"modified":"2022-01-31T19:02:49","modified_gmt":"2022-01-31T18:02:49","slug":"medalla-de-asistencia-social-welfare","status":"publish","type":"product","link":"https:\/\/original-militaria.com\/en\/producto\/medalla-de-asistencia-social-welfare\/","title":{"rendered":"Medalla de Asistencia Social (welfare)."},"content":{"rendered":"<p align=\"justify\"><span style=\"font-size: medium\"><span style=\"font-family: Verdana\"><strong>ANTECEDENTES:<\/strong> La condecoracion alemana\u00a0para lel bienestar\u00a0social se instituy\u00f3 en mayo de 1939 como una ampliaci\u00f3n y sustituci\u00f3n de la condecoraci\u00f3n de la Cruz Roja. Vinieron inicialmente en cuatro clases,\u00a0\u00a0y las espadas en 1942 se a\u00f1adieron a la suspensi\u00f3n de las cintas inferiores de las clases (la primera clase fue suspendida del cuello y la segunda clase era un distintivo de pecho) para el servicio y el coraje\u00a0distinguidos en tiempo de guerra. <\/span><\/span><\/p>\n<p align=\"justify\"><span style=\"font-size: medium\"><span style=\"font-family: Verdana\"><strong>DESCRIPCION:<\/strong> De cuarta clase,\u00a0lleva un \u00c1guila Nacional con las alas barridas hacia abajo\u00a0que agarran una esv\u00e1stica en sus garras apoyada contra una cruz balc\u00e1nica. Se realza en escritura g\u00f3tica, en el reverso \u201cMedaille f\u00fcr deutsche Volkspflege&#8221;\u00a0(Medalla civil para el bienestar alem\u00e1n).\u00a0 <\/span><\/span><\/p>\n","protected":false},"excerpt":{"rendered":"<p align=\"justify\"><span style=\"font-size: medium\"><span style=\"font-family: Verdana\"><strong>ANTECEDENTES:<\/strong> La condecoracion alemana\u00a0para lel bienestar\u00a0social se instituy\u00f3 en mayo de 1939 como una ampliaci\u00f3n y sustituci\u00f3n de la condecoraci\u00f3n de la Cruz Roja. Vinieron inicialmente en cuatro clases,\u00a0\u00a0y las espadas en 1942 se a\u00f1adieron a la suspensi\u00f3n de las cintas inferiores de las clases (la primera clase fue suspendida del cuello y la segunda clase era un distintivo de pecho) para el servicio y el coraje\u00a0distinguidos en tiempo de guerra. <\/span><\/span><\/p>\n<p align=\"justify\"><span style=\"font-size: medium\"><span style=\"font-family: Verdana\"><strong>DESCRIPCION:<\/strong> De cuarta clase,\u00a0lleva un \u00c1guila Nacional con las alas barridas hacia abajo\u00a0que agarran una esv\u00e1stica en sus garras apoyada contra una cruz balc\u00e1nica. \u00a0Se realza, en escritura g\u00f3tica, en el reverso \u201cMedaille f\u00fcr deutsche Volkspflege&#8221;\u00a0(Medalla civil para el bienestar alem\u00e1n).\u00a0 <\/span><\/span><\/p>\n","protected":false},"featured_media":3070,"template":"","meta":[],"product_brand":[],"product_cat":[224],"product_tag":[],"class_list":{"0":"post-3069","1":"product","2":"type-product","3":"status-publish","4":"has-post-thumbnail","6":"product_cat-archivo-vendidos","7":"sales-flash-overlay","8":"woocommerce-text-align-center","9":"woocommerce-image-align-center","10":"do-quantity-buttons","12":"first","13":"outofstock","14":"product-type-simple"},"_links":{"self":[{"href":"https:\/\/original-militaria.com\/en\/wp-json\/wp\/v2\/product\/3069","targetHints":{"allow":["GET"]}}],"collection":[{"href":"https:\/\/original-militaria.com\/en\/wp-json\/wp\/v2\/product"}],"about":[{"href":"https:\/\/original-militaria.com\/en\/wp-json\/wp\/v2\/types\/product"}],"wp:featuredmedia":[{"embeddable":true,"href":"https:\/\/original-militaria.com\/en\/wp-json\/wp\/v2\/media\/3070"}],"wp:attachment":[{"href":"https:\/\/original-militaria.com\/en\/wp-json\/wp\/v2\/media?parent=3069"}],"wp:term":[{"taxonomy":"product_brand","embeddable":true,"href":"https:\/\/original-militaria.com\/en\/wp-json\/wp\/v2\/product_brand?post=3069"},{"taxonomy":"product_cat","embeddable":true,"href":"https:\/\/original-militaria.com\/en\/wp-json\/wp\/v2\/product_cat?post=3069"},{"taxonomy":"product_tag","embeddable":true,"href":"https:\/\/original-militaria.com\/en\/wp-json\/wp\/v2\/product_tag?post=3069"}],"curies":[{"name":"wp","href":"https:\/\/api.w.org\/{rel}","templated":true}]}}