{"id":3060,"date":"2017-09-05T11:20:17","date_gmt":"2017-09-05T11:20:17","guid":{"rendered":"https:\/\/original-militaria.com\/?post_type=product&#038;p=3060"},"modified":"2022-01-31T19:02:49","modified_gmt":"2022-01-31T18:02:49","slug":"distintivo-de-tirador-de-pistola-del-n-s-k-k","status":"publish","type":"product","link":"https:\/\/original-militaria.com\/en\/producto\/distintivo-de-tirador-de-pistola-del-n-s-k-k\/","title":{"rendered":"Distintivo de Tirador de Pistola del N.S.K.K."},"content":{"rendered":"<p style=\"text-align: justify\"><span style=\"font-family: Verdana\"><span style=\"font-size: medium\"><strong>DESCRIPCION:<\/strong> Distintivo\u00a0(NSKK Abzeichen)con ba\u00f1o de bronce para un miembro tirador\u00a0de pistola del NSKK perteneciente al <span style=\"color: #ff0000\">&#8220;Motorgruppe Oberdonau&#8221; <\/span>(Cuerpo motorizado del Danubio) en <span style=\"color: #ff0000\">1941<\/span>\u00a0con su alfiler. Muy buen estado, y rara pieza del NSKK.<\/span><\/span><\/p>\n<p style=\"text-align: justify\"><span style=\"font-family: Verdana;font-size: medium\"><strong>ANTECEDENTES:<\/strong> El NSKK, &#8216;Nationalsozialistisches Kraftfahrkorps&#8217; (Cuerpo de Motoristas Nacional-socialistas\u2019), el cual formaba parte originalmente de las organizaciones motorizadas del Sturmabteilung (SA),\u00a0se remonta a 1923 cuando la SA introdujo una Kraftfahr Abteilung, (Secci\u00f3n Motorizada) para poder transportar al personal cuando fuera necesario. En 1928 la secci\u00f3n motorizada de la SA fue ampliada a Kraftfahrstaffeln, (Escuadrillas Motorizadas). En un intento por crear un cuerpo nacional motorizado, el NSAK, Sozialistisches Nacional Automobil Korps, (Cuerpo Nacional Socialista del Autom\u00f3vil), fue formado en abril de 1930 como un subordinado auxiliar de la organizaci\u00f3n del NSDAP al SA. En 1934, el grupo ten\u00eda una membres\u00eda de 10.000 y estaba separada de los SA como organizaci\u00f3n independiente.<\/span><\/p>\n","protected":false},"excerpt":{"rendered":"<p style=\"text-align: justify\"><span style=\"font-family: Verdana\"><span style=\"font-size: medium\"><strong>DESCRIPCION:<\/strong> Distintivo\u00a0(NSKK Abzeichen)con ba\u00f1o de bronce para un miembro tirador\u00a0de pistola del NSKK perteneciente al <span style=\"color: #ff0000\">&#8220;Motorgruppe Oberdonau&#8221; <\/span>(Cuerpo motorizado del Danubio) en <span style=\"color: #ff0000\">1941<\/span>\u00a0con su alfiler. Muy buen estado, y rara pieza del NSKK.<\/span><\/span><\/p>\n<p style=\"text-align: justify\"><span style=\"font-family: Verdana;font-size: medium\"><strong>ANTECEDENTES:<\/strong> El NSKK, &#8216;Nationalsozialistisches Kraftfahrkorps&#8217; (Cuerpo de Motoristas Nacional-socialistas\u2019), el cual formaba parte originalmente de las organizaciones motorizadas del Sturmabteilung (SA),\u00a0se remonta a 1923 cuando la SA introdujo una Kraftfahr Abteilung, (Secci\u00f3n Motorizada) para poder transportar al personal cuando fuera necesario. En 1928 la secci\u00f3n motorizada de la SA fue ampliada a Kraftfahrstaffeln, (Escuadrillas Motorizadas). En un intento por crear un cuerpo nacional motorizado, el NSAK, Sozialistisches Nacional Automobil Korps, (Cuerpo Nacional Socialista del Autom\u00f3vil), fue formado en abril de 1930 como un subordinado auxiliar de la organizaci\u00f3n del NSDAP al SA. En 1934, el grupo ten\u00eda una membres\u00eda de 10.000 y estaba separada de los SA como organizaci\u00f3n independiente.<\/span><\/p>\n","protected":false},"featured_media":3061,"template":"","meta":[],"product_brand":[],"product_cat":[224],"product_tag":[],"class_list":{"0":"post-3060","1":"product","2":"type-product","3":"status-publish","4":"has-post-thumbnail","6":"product_cat-archivo-vendidos","7":"sales-flash-overlay","8":"woocommerce-text-align-center","9":"woocommerce-image-align-center","10":"do-quantity-buttons","12":"first","13":"outofstock","14":"product-type-simple"},"_links":{"self":[{"href":"https:\/\/original-militaria.com\/en\/wp-json\/wp\/v2\/product\/3060","targetHints":{"allow":["GET"]}}],"collection":[{"href":"https:\/\/original-militaria.com\/en\/wp-json\/wp\/v2\/product"}],"about":[{"href":"https:\/\/original-militaria.com\/en\/wp-json\/wp\/v2\/types\/product"}],"wp:featuredmedia":[{"embeddable":true,"href":"https:\/\/original-militaria.com\/en\/wp-json\/wp\/v2\/media\/3061"}],"wp:attachment":[{"href":"https:\/\/original-militaria.com\/en\/wp-json\/wp\/v2\/media?parent=3060"}],"wp:term":[{"taxonomy":"product_brand","embeddable":true,"href":"https:\/\/original-militaria.com\/en\/wp-json\/wp\/v2\/product_brand?post=3060"},{"taxonomy":"product_cat","embeddable":true,"href":"https:\/\/original-militaria.com\/en\/wp-json\/wp\/v2\/product_cat?post=3060"},{"taxonomy":"product_tag","embeddable":true,"href":"https:\/\/original-militaria.com\/en\/wp-json\/wp\/v2\/product_tag?post=3060"}],"curies":[{"name":"wp","href":"https:\/\/api.w.org\/{rel}","templated":true}]}}