{"id":3036,"date":"2017-09-05T11:20:09","date_gmt":"2017-09-05T11:20:09","guid":{"rendered":"https:\/\/original-militaria.com\/?post_type=product&#038;p=3036"},"modified":"2022-03-30T01:11:55","modified_gmt":"2022-03-29T23:11:55","slug":"feldbluse-m36-38-de-unteroffizier-de-infanteria","status":"publish","type":"product","link":"https:\/\/original-militaria.com\/en\/producto\/feldbluse-m36-38-de-unteroffizier-de-infanteria\/","title":{"rendered":"Wehrmacht\/ Infantry Unteroffizier M36\/38 Field Blouse&#8211;WH\/ Feldbluse &#8220;M36\/38&#8221; de Unteroffizier de Infanter\u00eda"},"content":{"rendered":"<p style=\"text-align: justify;\" align=\"justify\"><span style=\"font-family: verdana, geneva, sans-serif; font-size: 12pt;\"><strong>ANTECEDENTES:<\/strong> En la primavera de 1933 el Ej\u00e9rcito alem\u00e1n decidi\u00f3 sustituir la antigua guerreras en uso (rock) por un nuevo modelo al que se denomin\u00f3 oficialmente Feldbluse o guerrera de campa\u00f1a. Esta guerrera elaborada en pa\u00f1o Feldgrau ten\u00eda el cuello color feldgrau oscuro, 5 botones y 4 bolsillos tipo parche con tapa apuntada y fuelles, ten\u00eda una abertura con botones en la parte posterior de los pu\u00f1os, el forro de algod\u00f3n gris amarronado. En septiembre de 1935 esta prenda sufri\u00f3 una primera modificaci\u00f3n al sustituirse el color del cuello por el verde esmeralda oscuro. En diciembre de 1936 se suprimieron los cordones de la cintura y el forro que en la M33\/36 solo cubr\u00eda los hombros y la parte del pecho pasa a cubrir tambi\u00e9n parte de la espalda. En la primavera de 1940 el cuello comenz\u00f3 a confeccionarse con el mismo pa\u00f1o que el resto de la prenda; al a\u00f1o siguiente se aument\u00f3 el n\u00famero de botones hasta seis, se modific\u00f3 el dise\u00f1o de los bolsillos inferiores, y los tirantes desmontables se sustituyeron por cuatro leng\u00fcetas cosidas directamente a la guerrera. Durante el oto\u00f1o de 1942 desaparecieron los fuelles de los bolsillos; por \u00faltimo, en 1943 comenzaron a fabricarse los bolsillos con tapa recta, ya que hasta ese momento la parte inferior de las tapas ten\u00eda tres picos m\u00e1s menos pronunciados. Adem\u00e1s de la Heeres-Kleiderkasse, la Oficina de ropa del ej\u00e9rcito, oficiales y suboficiales podr\u00edan adquirir sus uniformes\u00a0de forma\u00a0particular en las tiendas de sastre. Aunque los hombres alistados fueron completamente equipados por sus unidades a trav\u00e9s de Heeres-Bekleidungs\u00e4mter (HBA), los reglamentos autorizaban a adquirir la mayor\u00eda de las prendas de su uniforme en los mismos almacenes de los oficiales. <\/span><\/p>\n<p style=\"text-align: justify;\"><span style=\"font-size: 12pt; font-family: verdana, geneva, sans-serif;\"><strong>DESCRIPCI\u00d3N:<\/strong> Magnifica guerrera &#8220;M36\/38&#8221; (Feldbluse M36\/38), modelo de dotaci\u00f3n de alta calidad, pr\u00e1cticamente sin estrenar para un Unteroffizier de infanter\u00eda, la cual como se aprecia en las fotos fue acortada seg\u00fan dicta la moda de la \u00e9poca. En mangas (desaparecen la abertura de botones) y a la altura de los bolsillos (se aprecian los agujeros para los ganchos del cintur\u00f3n debajo), probablemente por venirle muy larga. Est\u00e1 practica era habitual en la \u00e9poca, por este motivo en algunas feldbluses hay incluso dos sellos de tama\u00f1os, uno del sastre que la retoca y otro el del dep\u00f3sito que la env\u00edo. Confeccionada con pa\u00f1o feldgrau. El cuello es color verde esmeralda oscuro. Tiene cinco botones tintados y marcados en el frontal con dos cintas de premios, la medalla de la campa\u00f1a de invierno del este 1941\/42 y otra para la EK2, tiene cuatro bolsillos del tipo parche con tapa apuntada y fuelles. Lleva emblema nacional (\u00e1guila) reglamentario tipo Bevo (junio de 1937 &#8211; febrero de 1939), las hombreras fijas con ribete blanco indicativo de su arma y rango, (se aprecia las punzadas del n\u00famero del Regimiento &#8220;35&#8221;), los parches de cuello (litzen) tejidos con hilo de algod\u00f3n cosidos a una base de color verde esmeralda oscuro. El interior con su forro de dotaci\u00f3n, al haber sido recortada ha desaparecido el bolsillo para guardar el paquete de primeros auxilios. Tiene en la parte superior derecha e izquierda, empezando en el hombro y cubriendo la parte del omoplato refuerzos acolchados. En el forro interior de algod\u00f3n color gris garbanzo tiene la procedencia de la tienda de ropa del ej\u00e9rcito &#8220;kleiderhalle&#8221;, debajo los tama\u00f1os de la guerrera que son, espalda &#8220;45&#8221;, el tama\u00f1o del cuello padece cambiado &#8220;43&#8221;, longitud de la guerrera originalmente era &#8220;74&#8221;, longitud de manga originalmente era muy larga, una &#8220;67&#8221;, tama\u00f1o de pecho originalmente padece ser una &#8220;100&#8221;, reducida a una &#8220;96&#8221;, y debajo de los tama\u00f1os tiene los datos del HBA, &#8220;M38&#8221;, la letra inicial &#8220;M&#8221; corresponde al dep\u00f3sito de ropa del ej\u00e9rcito (Heeres-Bekleidungs\u00e4mter) de M\u00fanich y los dos \u00faltimos d\u00edgitos &#8220;38&#8221; corresponden al a\u00f1o de recepci\u00f3n &#8220;1938&#8221;. Debajo tiene un sello con el &#8220;Erg-B&#8221;. Rara por los recortes efectuados por un sastre al ser muy larga para su propietario y muy pocas veces usada.<\/span><\/p>\n","protected":false},"excerpt":{"rendered":"<p align=\"justify\"><span style=\"font-family: Verdana; font-size: medium;\"><strong>ANTECEDENTES:<\/strong> En la primavera de 1933 el Ej\u00e9rcito alem\u00e1n decidi\u00f3 sustituir la antigua guerreras en uso (rock) por un nuevo modelo al que se denomin\u00f3 oficialmente Feldbluse o guerrera de campa\u00f1a. Esta guerrera elaborada en pa\u00f1o Feldgrau ten\u00eda el cuello color feldgrau oscuro, 5 botones y 4 bolsillos tipo parche con tapa apuntada y fuelles, ten\u00eda una abertura con botones en la parte posterior de los pu\u00f1os, el forro de algod\u00f3n gris amarronado. En septiembre de 1935 esta prenda sufri\u00f3 una primera modificaci\u00f3n al sustituirse el color del cuello por el verde esmeralda oscuro. En diciembre de 1936 se suprimieron los cordones de la cintura y el forro que en la M33\/36 solo cubr\u00eda los hombros y la parte del pecho pasa a cubrir tambi\u00e9n parte de la espalda. En la primavera de 1940 el cuello comenz\u00f3 a confeccionarse con el mismo pa\u00f1o que el resto de la prenda; al a\u00f1o siguiente se aument\u00f3 el n\u00famero de botones hasta seis, se modific\u00f3 el dise\u00f1o de los bolsillos inferiores, y los tirantes desmontables se sustituyeron por cuatro leng\u00fcetas cosidas directamente a la guerrera. Durante el oto\u00f1o de 1942 desaparecieron los fuelles de los bolsillos; por \u00faltimo, en 1943 comenzaron a fabricarse los bolsillos con tapa recta, ya que hasta ese momento la parte inferior de las tapas ten\u00eda tres picos m\u00e1s menos pronunciados. Adem\u00e1s de la Heeres-Kleiderkasse, la Oficina de ropa del ej\u00e9rcito, oficiales y suboficiales podr\u00edan adquirir sus uniformes\u00a0de forma\u00a0particular en las tiendas de sastre. Aunque los hombres alistados fueron completamente equipados por sus unidades a trav\u00e9s de Heeres-Bekleidungs\u00e4mter (HBA), los reglamentos autorizaban a adquirir la mayor\u00eda de las prendas de su uniforme en los mismos almacenes de los oficiales. <\/span><\/p>\n<p><strong>DESCRIPCI\u00d3N:<\/strong> Magnifica guerrera <span style=\"color: #ff0000;\">&#8220;M36\/38&#8221; <\/span>(Feldbluse M36\/38), modelo de dotaci\u00f3n de alta calidad, pr\u00e1cticamente sin estrenar para un Unteroffizier de infanter\u00eda, la cual como se aprecia en las fotos fue recortada en mangas (desaparecen la abertura de botones) y a la altura de los bolsillos (se aprecian los agujeros para los ganchos del cintur\u00f3n debajo), probablemente por usar una talla grande pero venirle muy larga), est\u00e1 practica era habitual en la \u00e9poca, por este motivo en algunas feldbluses hay incluso dos sellos de tama\u00f1os, uno del sastre que la retoca y otro el del dep\u00f3sito que la env\u00edo. Confeccionada con pa\u00f1o feldgrau. El cuello es color verde esmeralda oscuro. Tiene cinco botones tintados y marcados en el frontal con dos cintas de premios, la\u00a0medalla de la campa\u00f1a de invierno del este 1941\/42\u00a0y otra para la EK2., tiene\u00a0cuatro bolsillos del tipo parche con tapa apuntada y fuelles. Lleva emblema nacional (\u00e1guila) reglamentario tipo Bevo (junio de 1937 &#8211; febrero de 1939), las hombreras fijas con ribete blanco indicativo de su arma y rango, (se aprecia las punzadas del n\u00famero del <span style=\"color: #ff0000;\">Regimiento &#8220;35&#8221;<\/span>), los parches de cuello (litzen) tejidos con hilo de algod\u00f3n cosidos a una base de color verde esmeralda oscuro. El interior con su forro de dotaci\u00f3n, al haber sido recortada ha desaparecido el bolsillo para guardar el paquete de primeros auxilios. Tiene en la parte superior derecha e izquierda, empezando en el hombro y cubriendo la parte del omoplato refuerzos acolchados. En el forro interior de algod\u00f3n color gris garbanzo tiene la procedencia de la tienda de ropa del ej\u00e9rcito <span style=\"color: #ff0000;\">&#8220;kleiderhalle&#8221;<\/span>, debajo los tama\u00f1os de la guerrera que son, espalda <span style=\"color: #ff0000;\">&#8220;45&#8221;<\/span>, el tama\u00f1o del cuello padece cambiado <span style=\"color: #ff0000;\">&#8220;43&#8221;<\/span>, longitud de la guerrera originalmente era <span style=\"color: #ff0000;\">&#8220;74&#8221;<\/span>, longitud de manga originalmente era muy larga, una <span style=\"color: #ff0000;\">&#8220;67&#8221;<\/span>, tama\u00f1o de pecho originalmente padece ser una &#8220;100&#8221;, reducida a una &#8220;96&#8221;, y debajo de los tama\u00f1os tiene los datos del HBA,<span style=\"color: #ff0000;\"> &#8220;M38&#8221;<\/span>, la letra inicial <span style=\"color: #ff0000;\">&#8220;M&#8221;<\/span>, corresponde al dep\u00f3sito de ropa del ej\u00e9rcito (Heeres-Bekleidungs\u00e4mter) de Munich y los dos \u00faltimos d\u00edgitos <span style=\"color: #ff0000;\">&#8220;38&#8221;<\/span> corresponden al a\u00f1o de recepci\u00f3n <span style=\"color: #ff0000;\">&#8220;1938&#8221;<\/span>. Debajo tiene un sello con el<span style=\"color: #ff0000;\"> &#8220;Erg-B&#8221;<\/span>. Rara por los recortes efectuados por un sastre al ser muy larga para su propietario y muy pocas veces usada.<\/p>\n","protected":false},"featured_media":3037,"template":"","meta":[],"product_brand":[],"product_cat":[224],"product_tag":[],"class_list":{"0":"post-3036","1":"product","2":"type-product","3":"status-publish","4":"has-post-thumbnail","6":"product_cat-archivo-vendidos","7":"sales-flash-overlay","8":"woocommerce-text-align-center","9":"woocommerce-image-align-center","10":"do-quantity-buttons","12":"first","13":"outofstock","14":"purchasable","15":"product-type-simple"},"_links":{"self":[{"href":"https:\/\/original-militaria.com\/en\/wp-json\/wp\/v2\/product\/3036","targetHints":{"allow":["GET"]}}],"collection":[{"href":"https:\/\/original-militaria.com\/en\/wp-json\/wp\/v2\/product"}],"about":[{"href":"https:\/\/original-militaria.com\/en\/wp-json\/wp\/v2\/types\/product"}],"wp:featuredmedia":[{"embeddable":true,"href":"https:\/\/original-militaria.com\/en\/wp-json\/wp\/v2\/media\/3037"}],"wp:attachment":[{"href":"https:\/\/original-militaria.com\/en\/wp-json\/wp\/v2\/media?parent=3036"}],"wp:term":[{"taxonomy":"product_brand","embeddable":true,"href":"https:\/\/original-militaria.com\/en\/wp-json\/wp\/v2\/product_brand?post=3036"},{"taxonomy":"product_cat","embeddable":true,"href":"https:\/\/original-militaria.com\/en\/wp-json\/wp\/v2\/product_cat?post=3036"},{"taxonomy":"product_tag","embeddable":true,"href":"https:\/\/original-militaria.com\/en\/wp-json\/wp\/v2\/product_tag?post=3036"}],"curies":[{"name":"wp","href":"https:\/\/api.w.org\/{rel}","templated":true}]}}