{"id":3032,"date":"2017-09-05T11:20:08","date_gmt":"2017-09-05T11:20:08","guid":{"rendered":"https:\/\/original-militaria.com\/?post_type=product&#038;p=3032"},"modified":"2022-01-31T19:02:48","modified_gmt":"2022-01-31T18:02:48","slug":"wehrmacht-barra-de-combate-cuerpo-a-cuerpo-en-plata","status":"publish","type":"product","link":"https:\/\/original-militaria.com\/en\/producto\/wehrmacht-barra-de-combate-cuerpo-a-cuerpo-en-plata\/","title":{"rendered":"Wehrmacht\/ Close Combat Clasp Silver &#8220;F&amp;BL&#8221;&#8212;Wehrmacht, Barra de Combate Cuerpo a Cuerpo en Plata &#8220;F&amp;BL&#8221;"},"content":{"rendered":"<p style=\"text-align: justify\" align=\"justify\"><span style=\"font-family: verdana, geneva, sans-serif;font-size: 12pt\"><strong>ANTECEDENTES:<\/strong> Introducidas el 25 de noviembre de 1942 para todos aquellos que lucharon en situaciones de combate cuerpo a cuerpo. La barra fue instituida en tres grados, de bronce, de plata y de oro, cada grado sucesivo significaba m\u00e1s d\u00edas pasados en combate cuerpo a cuerpo. Los criterios para la concesi\u00f3n de las barras consistieron en quince d\u00edas de combate para la concesi\u00f3n de bronce, treinta d\u00edas de combate para la concesi\u00f3n de plata y cincuenta d\u00edas de combate o m\u00e1s, para la concesi\u00f3n de oro. <\/span><\/p>\n<p style=\"text-align: justify\"><span style=\"font-size: 12pt;font-family: verdana, geneva, sans-serif\"><strong>DESCRIPCI\u00d3N<\/strong>: Barra de combate cuerpo a cuerpo (Nahkampfspange) categor\u00eda plata, ofrece un centro cuadrado hueco de fondo con un \u00e1guila nacional realzada con las alas colocadas sobre una bayoneta y una granada cruzadas, flanqueadas por cuatro hojas de roble y las bellotas que se sobreponen en un exterior acanalado, horizontal, se\u00f1alando la base. La aleaci\u00f3n se conserva en su plata original cerca del 85% y se le nota la edad. El panel cuadrado central ahuecado tiene una placa magn\u00e9tica de metal negro de hoja colocada detr\u00e1s del adorno del \u00e1guila, de la bayoneta y de la granada que esta sujeta por las leng\u00fcetas laterales. Lleva marcaje del fabricante &#8220;F&amp;BL&#8221;, manufactura de &#8220;Funcke &amp; Br\u00fcninghaus, L\u00fcdenscheid&#8221;, la marca se encuentra a las 12, en sentido inverso.<\/span><\/p>\n","protected":false},"excerpt":{"rendered":"<p align=\"justify\"><span style=\"font-family: Verdana;font-size: medium\"><strong>ANTECEDENTES:<\/strong> Introducidas el 25 de noviembre de 1942 para todos aquellos que lucharon en situaciones de combate cuerpo a cuerpo. La barra fue instituida en tres grados, de bronce, de plata y de oro, cada grado sucesivo significaba m\u00e1s d\u00edas pasados en combate cuerpo a cuerpo. Los criterios para la concesi\u00f3n de las barras consistieron en quince d\u00edas de combate para la concesi\u00f3n de bronce, treinta d\u00edas de combate para la concesi\u00f3n de plata y cincuenta d\u00edas de combate o m\u00e1s, para la concesi\u00f3n de oro. <\/span><\/p>\n<p><strong>DESCRIPCI\u00d3N<\/strong>: Barra de combate cuerpo a cuerpo (Nahkampfspange) categoria plata, ofrece un centro cuadrado hueco de fondo con un \u00e1guila nacional realzada con las alas colocadas sobre una bayoneta y una granada cruzadas, flanqueadas por cuatro hojas de roble y las bellotas que se sobreponen en un exterior acanalado, horizontal, se\u00f1alando la base. La aleaci\u00f3n se conserva en su plata original cerca del 85% y se le nota la edad. El panel cuadrado central ahuecado tiene una placa magn\u00e9tica de metal negro de hoja colocada detr\u00e1s del adorno del \u00e1guila, de la bayoneta y de la granada que esta sujeta por las leng\u00fcetas laterales. Lleva marcaje del fabricante <span style=\"color: #ff0000\">&#8220;F&amp;BL&#8221;<\/span>, manufactura de <span style=\"color: #ff0000\">&#8220;Funcke &amp; Br\u00fcninghaus, L\u00fcdenscheid&#8221;<\/span>, la marca se encuentra a las 12, en sentido inverso.<\/p>\n","protected":false},"featured_media":3033,"template":"","meta":[],"product_brand":[],"product_cat":[224],"product_tag":[],"class_list":{"0":"post-3032","1":"product","2":"type-product","3":"status-publish","4":"has-post-thumbnail","6":"product_cat-archivo-vendidos","7":"sales-flash-overlay","8":"woocommerce-text-align-center","9":"woocommerce-image-align-center","10":"do-quantity-buttons","12":"first","13":"outofstock","14":"product-type-simple"},"_links":{"self":[{"href":"https:\/\/original-militaria.com\/en\/wp-json\/wp\/v2\/product\/3032","targetHints":{"allow":["GET"]}}],"collection":[{"href":"https:\/\/original-militaria.com\/en\/wp-json\/wp\/v2\/product"}],"about":[{"href":"https:\/\/original-militaria.com\/en\/wp-json\/wp\/v2\/types\/product"}],"wp:featuredmedia":[{"embeddable":true,"href":"https:\/\/original-militaria.com\/en\/wp-json\/wp\/v2\/media\/3033"}],"wp:attachment":[{"href":"https:\/\/original-militaria.com\/en\/wp-json\/wp\/v2\/media?parent=3032"}],"wp:term":[{"taxonomy":"product_brand","embeddable":true,"href":"https:\/\/original-militaria.com\/en\/wp-json\/wp\/v2\/product_brand?post=3032"},{"taxonomy":"product_cat","embeddable":true,"href":"https:\/\/original-militaria.com\/en\/wp-json\/wp\/v2\/product_cat?post=3032"},{"taxonomy":"product_tag","embeddable":true,"href":"https:\/\/original-militaria.com\/en\/wp-json\/wp\/v2\/product_tag?post=3032"}],"curies":[{"name":"wp","href":"https:\/\/api.w.org\/{rel}","templated":true}]}}