{"id":3030,"date":"2017-09-05T11:20:07","date_gmt":"2017-09-05T11:20:07","guid":{"rendered":"https:\/\/original-militaria.com\/?post_type=product&#038;p=3030"},"modified":"2022-01-31T19:02:48","modified_gmt":"2022-01-31T18:02:48","slug":"kriegsmarine-distintivo-de-dragaminas","status":"publish","type":"product","link":"https:\/\/original-militaria.com\/en\/producto\/kriegsmarine-distintivo-de-dragaminas\/","title":{"rendered":"Kriegsmarine, Distintivo de Dragaminas"},"content":{"rendered":"<p style=\"text-align: justify\"><span style=\"font-family: verdana, geneva, sans-serif;font-size: 12pt\"><strong>ANTECEDENTES:<\/strong> El distintivo de guerra de dragaminas, caza submarinos o buque de escolta fue instituida el 31 de agosto de 1940 por el Gro\u00dfadmiral, Comandante en Jefe de la Marina de Guerra Erich Raeder, para recompensar a los cazadores de la Kriegsmarine, y la Marina mercante en su servicio. A partir de 1943, tambi\u00e9n fue otorgadq a los miembros del Luftwaffe Marine-Sicherungs-Verb\u00e4nde. El requisito previo principal para la concesi\u00f3n del distintivo era la participaci\u00f3n en tres salidas operacionales. <\/span><\/p>\n<p style=\"text-align: justify\"><span style=\"font-size: 12pt;font-family: verdana, geneva, sans-serif\"><strong>DESCRIPCI\u00d3N: <\/strong>Distintivo de guerra para dragaminas, caza submarinos y buques de escolta (Kriegsabzeichen f\u00fcr Minensuch-U-Boat-Jagd, und Sicherungsverb\u00e4nde). Consiste en una corona de hojas de roble en oro, en su centro un \u00e1guila con las alas sobrepuestas en centro superior sujetando una esv\u00e1stica, abarcando olas horizontales y una vertical que emana hacia las alturas. La corona est\u00e1 compuesta de 7 manojos de 2 hojas de roble cada uno, terminando con una ola. Cada cruce de manojos est\u00e1 compuesto por un par de bellotas. En la parte inferior se encuentra un lazo\u00a0con una bellota en cada esquina.\u00a0Variante de buena calidad.<\/span><\/p>\n","protected":false},"excerpt":{"rendered":"<p>&nbsp;<\/p>\n<p align=\"justify\"><span style=\"font-family: Verdana;font-size: medium\"><strong>ANTECEDENTES:<\/strong> El distintivo de guerra de dragaminas, caza submarinos o buque de escolta fue instituida el 31 de agosto de 1940 por el Gro\u00dfadmiral, Comandante en Jefe de la Marina de Guerra Erich Raeder, para recompensar a los cazadores de la Kriegsmarine, y la Marina mercante en su servicio. A partir de 1943, tambi\u00e9n fue otorgadq a los miembros del Luftwaffe Marine-Sicherungs-Verb\u00e4nde. El requisito previo principal para la concesi\u00f3n del distintivo era la participaci\u00f3n en tres salidas operacionales. <\/span><\/p>\n<p><strong>DESCRIPCI\u00d3N: <\/strong>Distintivo de guerra para dragaminas, caza submarinos y buques de escolta (Kriegsabzeichen f\u00fcr Minensuch-U-Boat-Jagd, und Sicherungsverb\u00e4nde). Consiste en una corona de hojas de roble en oro, en su centro un \u00e1guila con las alas sobrepuestas en centro superior sujetando una esv\u00e1stica, abarcando olas horizontales y una vertical que emana hacia las alturas. La corona est\u00e1 compuesta de 7 manojos de 2 hojas de roble cada uno, terminando con una ola. Cada cruce de manojos est\u00e1 compuesto por un par de bellotas. En la parte inferior se encuentra un lazo\u00a0con una bellota en cada esquina.\u00a0Variante de buena calidad.<\/p>\n<p>&nbsp;<\/p>\n","protected":false},"featured_media":3031,"template":"","meta":[],"product_brand":[],"product_cat":[224],"product_tag":[],"class_list":{"0":"post-3030","1":"product","2":"type-product","3":"status-publish","4":"has-post-thumbnail","6":"product_cat-archivo-vendidos","7":"sales-flash-overlay","8":"woocommerce-text-align-center","9":"woocommerce-image-align-center","10":"do-quantity-buttons","12":"first","13":"outofstock","14":"purchasable","15":"product-type-simple"},"_links":{"self":[{"href":"https:\/\/original-militaria.com\/en\/wp-json\/wp\/v2\/product\/3030","targetHints":{"allow":["GET"]}}],"collection":[{"href":"https:\/\/original-militaria.com\/en\/wp-json\/wp\/v2\/product"}],"about":[{"href":"https:\/\/original-militaria.com\/en\/wp-json\/wp\/v2\/types\/product"}],"wp:featuredmedia":[{"embeddable":true,"href":"https:\/\/original-militaria.com\/en\/wp-json\/wp\/v2\/media\/3031"}],"wp:attachment":[{"href":"https:\/\/original-militaria.com\/en\/wp-json\/wp\/v2\/media?parent=3030"}],"wp:term":[{"taxonomy":"product_brand","embeddable":true,"href":"https:\/\/original-militaria.com\/en\/wp-json\/wp\/v2\/product_brand?post=3030"},{"taxonomy":"product_cat","embeddable":true,"href":"https:\/\/original-militaria.com\/en\/wp-json\/wp\/v2\/product_cat?post=3030"},{"taxonomy":"product_tag","embeddable":true,"href":"https:\/\/original-militaria.com\/en\/wp-json\/wp\/v2\/product_tag?post=3030"}],"curies":[{"name":"wp","href":"https:\/\/api.w.org\/{rel}","templated":true}]}}