{"id":3026,"date":"2017-09-05T11:20:07","date_gmt":"2017-09-05T11:20:07","guid":{"rendered":"https:\/\/original-militaria.com\/?post_type=product&#038;p=3026"},"modified":"2022-01-31T19:02:48","modified_gmt":"2022-01-31T18:02:48","slug":"distintivo-de-herido-en-negro-1918","status":"publish","type":"product","link":"https:\/\/original-militaria.com\/en\/producto\/distintivo-de-herido-en-negro-1918\/","title":{"rendered":"Black Wound Badge 1918&#8211; Distintivo de Herido en Negro 1918"},"content":{"rendered":"<p style=\"text-align: justify\" align=\"justify\"><span style=\"font-size: 12pt;font-family: verdana, geneva, sans-serif\"><strong>ANTECEDENTES:<\/strong> El distintivo de herido fue establecido originalmente el 3 de marzo de 1918 por el rey Guillermo II de Prusia para reconocer el sacrificio de los heridos durante la Primera Guerra Mundial. El distintivo se instituy\u00f3 en las tres categor\u00edas seg\u00fan\u00a0el n\u00famero o la gravedad de las heridas recibidas. Las clases consist\u00edan en un distintivo\u00a0en negro para una o dos heridas, en plata para tres o cuatro heridas y\u00a0en oro para\u00a0cinco o m\u00e1s heridas o la p\u00e9rdida de una extremidad o la vista. <\/span><\/p>\n<p style=\"text-align: justify\"><span style=\"font-size: 12pt;font-family: verdana, geneva, sans-serif\"><strong>DESCRIPCI\u00d3N:\u00a0<\/strong>Distintivo de herido (Verwundeten-Abzeichen) en negro, modelo hueco, fabricado en acero pintado en negro. Tiene forma de \u00f3valo vertical, con un casco M16 en relieve con dos espadas superpuestas sobre una base granulada que abarca una hoja de laurel en forma de ofrenda floral, conserva un 90% de su pintura negra. En el reverso tiene su alfiler intacto, est\u00e1 en muy buen estado de conservaci\u00f3n.<\/span><\/p>\n","protected":false},"excerpt":{"rendered":"<p align=\"justify\"><strong><span style=\"font-family: Verdana;font-size: 9pt\"><span style=\"font-size: medium\">ANTECEDENTES:<\/span><\/span><\/strong><span style=\"font-family: Verdana;font-size: 9pt\"><span style=\"font-size: medium\"> El distintivo de herido fue establecido originalmente el 3 de marzo de 1918 por el rey Guillermo II de Prusia para reconocer el sacrificio de los heridos durante la Primera Guerra Mundial. El distintivo se instituy\u00f3 en las tres categor\u00edas seg\u00fan\u00a0el n\u00famero o la gravedad de las heridas recibidas. Las clases consist\u00edan en un distintivo\u00a0en negro para una o dos heridas, en plata para tres o cuatro heridas y\u00a0en oro para\u00a0cinco o m\u00e1s heridas o la p\u00e9rdida de una extremidad o la vista. <\/span><\/span><\/p>\n<p><strong><span style=\"font-family: Verdana\">DESCRIPCI\u00d3N:\u00a0<\/span><\/strong>Distintivo de herido (Verwundeten-Abzeichen) en negro, modelo hueco, fabricado en acero\u00a0pintado en\u00a0negro. Tiene forma de\u00a0\u00f3valo vertical, con un casco M16 en relieve con dos espadas superpuestas sobre una base granulada que abarca una hoja de laurel en forma de\u00a0ofrenda floral, conserva un 90% de su pinura negra. En el reverso tiene su alfiler intacto, est\u00e1 en\u00a0muy buen\u00a0estado de conservaci\u00f3n.<\/p>\n","protected":false},"featured_media":3027,"template":"","meta":[],"product_brand":[],"product_cat":[224],"product_tag":[],"class_list":{"0":"post-3026","1":"product","2":"type-product","3":"status-publish","4":"has-post-thumbnail","6":"product_cat-archivo-vendidos","7":"sales-flash-overlay","8":"woocommerce-text-align-center","9":"woocommerce-image-align-center","10":"do-quantity-buttons","12":"first","13":"outofstock","14":"purchasable","15":"product-type-simple"},"_links":{"self":[{"href":"https:\/\/original-militaria.com\/en\/wp-json\/wp\/v2\/product\/3026","targetHints":{"allow":["GET"]}}],"collection":[{"href":"https:\/\/original-militaria.com\/en\/wp-json\/wp\/v2\/product"}],"about":[{"href":"https:\/\/original-militaria.com\/en\/wp-json\/wp\/v2\/types\/product"}],"wp:featuredmedia":[{"embeddable":true,"href":"https:\/\/original-militaria.com\/en\/wp-json\/wp\/v2\/media\/3027"}],"wp:attachment":[{"href":"https:\/\/original-militaria.com\/en\/wp-json\/wp\/v2\/media?parent=3026"}],"wp:term":[{"taxonomy":"product_brand","embeddable":true,"href":"https:\/\/original-militaria.com\/en\/wp-json\/wp\/v2\/product_brand?post=3026"},{"taxonomy":"product_cat","embeddable":true,"href":"https:\/\/original-militaria.com\/en\/wp-json\/wp\/v2\/product_cat?post=3026"},{"taxonomy":"product_tag","embeddable":true,"href":"https:\/\/original-militaria.com\/en\/wp-json\/wp\/v2\/product_tag?post=3026"}],"curies":[{"name":"wp","href":"https:\/\/api.w.org\/{rel}","templated":true}]}}